{"id":10,"date":"2008-06-04T09:56:28","date_gmt":"2008-06-04T09:56:28","guid":{"rendered":"http:\/\/www2.diocesi.rimini.it\/clarisse\/?page_id=10"},"modified":"2023-07-18T20:53:35","modified_gmt":"2023-07-18T20:53:35","slug":"laudato-sii","status":"publish","type":"page","link":"https:\/\/chiesa.rimini.it\/clarisse\/?page_id=10","title":{"rendered":"Laudato sii"},"content":{"rendered":"<p align=\"center\"><em>&#8220;Siamo tenuti<\/em><\/p>\n<p align=\"center\"><em>a lodare sempre il Signore&#8221;<\/em><\/p>\n<p align=\"center\"><em>(S. Francesco)<\/em><\/p>\n<p style=\"text-align: center;\"><span style=\"color: #800000;\"><strong><span style=\"font-family: Comic Sans MS; font-size: medium;\">PREGHIAMO CON FRANCESCO<\/span><\/strong><\/span><\/p>\n<p style=\"text-align: center;\"><strong><span style=\"color: #000000;\"><span style=\"text-decoration: underline;\"><span style=\"font-size: 11pt;\"><span style=\"text-decoration: none;\">Parafrasi del Padre nostro<\/span><\/span><\/span><\/span><\/strong><\/p>\n<p>O santissimo <strong>Padre nostro<\/strong>: creatore, redentore, consolatore e salvatore nostro.<\/p>\n<p><strong>Che sei nei cieli<\/strong>: negli angeli e nei santi, e li illumini alla conoscenza, perch\u00e9 tu, Signore, sei luce; li infiammi all\u2019amore, perch\u00e9 tu, Signore, sei amore; poni in loro la tua dimora e li riempi di beatitudine, perch\u00e9 tu, Signore, sei il sommo bene, eterno, dal quale proviene ogni bene e senza il quale non esiste alcun bene.<\/p>\n<p><strong>Sia santificato il tuo nome<\/strong>: si faccia luminosa in noi la conoscenza di te, perch\u00e9 possiamo conoscere qual \u00e8 l\u2019ampiezza dei tuoi benefici, l\u2019estensione delle tue promesse, la sublimit\u00e0 della tua maest\u00e0 e la profondit\u00e0 dei tuoi giudizi.<\/p>\n<p><strong>Venga il tuo regno<\/strong>: affinch\u00e9 tu regni in noi per mezzo della grazia e ci faccia giungere nel tuo regno, dove la visione di te \u00e8 senza veli, l\u2019amore di te \u00e8 perfetto, la comunione con te \u00e8 beata, il godimento di te senza fine.<\/p>\n<p><strong>Sia fatta la tua volont\u00e0<\/strong>, come in cielo cos\u00ec in terra: affinch\u00e9 ti amiamo con tutto il cuore, sempre pensando te; con tutta l\u2019anima, sempre desiderando te; con tutta la mente, indirizzando a te tutte le nostre intenzioni e in ogni cosa cercando il tuo onore; e con tutte le nostre forze, spendendo tutte le nostre energie e i sensi dell\u2019anima e del corpo in offerta di lode al tuo amore e non per altro; e affinch\u00e9 amiamo i nostri prossimi come noi stessi, attirando tutti secondo le nostre forze al tuo amore, godendo dei beni altrui come fossero nostri e nei mali soffrendo insieme con loro e non recando alcuna offesa a nessuno.<\/p>\n<p><strong>Il nostro pane quotidiano<\/strong>: il tuo Figlio diletto, il Signore nostro Ges\u00f9 Cristo, d\u00e0 a noi oggi: in memoria e comprensione e venerazione dell\u2019amore che egli ebbe per noi e di tutto quello che per noi disse, fece e pat\u00ec.<\/p>\n<p>E <strong>rimetti a noi i nostri debiti<\/strong>: per la tua ineffabile misericordia, per la potenza della passione del tuo Figlio diletto e per i meriti e l\u2019intercessione della beatissima Vergine e di tutti i tuoi eletti.<\/p>\n<p><strong>Come noi li rimettiamo ai nostri debitori<\/strong>: e quello che noi non rimettiamo pienamente, tu, Signore, fa\u2019 che pienamente perdoniamo, cosicch\u00e9 , per amor tuo, amiamo sinceramente i nemici e devotamente intercediamo per loro presso di te, non rendendo a nessuno male per male e impegnandoci in te ad essere di giovamento in ogni cosa.<\/p>\n<p>E <strong>non ci indurre in tentazione<\/strong>: nascosta o manifesta, improvvisa o persistente.<\/p>\n<p>Ma <strong>liberaci dal male<\/strong>: passato, presente e futuro.<\/p>\n<p>Gloria al Padre e al Figlio e allo Spirito Santo, come era nel principio e ora e sempre nei secoli dei secoli. Amen.<\/p>\n<p style=\"text-align: center;\"><strong><span style=\"color: #000000;\"><span style=\"text-decoration: underline;\"><span style=\"font-size: 11pt;\"><span style=\"text-decoration: none;\">Lodi di Dio Altissimo<\/span><\/span><\/span><\/span><\/strong><\/p>\n<p align=\"center\">Tu sei santo, Signore, solo Dio, che compi meraviglie.<\/p>\n<p align=\"center\">Tu sei forte, Tu sei grande, Tu sei altissimo,<\/p>\n<p align=\"center\">Tu sei onnipotente, Tu, Padre santo, re del cielo e della terra.<\/p>\n<p align=\"center\">Tu sei trino ed uno, Signore Dio degli d\u00e8i,<\/p>\n<p align=\"center\">Tu sei il bene, ogni bene, il sommo bene,<\/p>\n<p align=\"center\">Signore Dio vivo e vero.<\/p>\n<p align=\"center\">Tu sei amore e carit\u00e0, Tu sei sapienza,<\/p>\n<p align=\"center\">Tu sei umilt\u00e0, Tu sei pazienza,<\/p>\n<p align=\"center\">Tu sei bellezza,\u00a0Tu sei sicurezza, Tu sei quiete.<\/p>\n<p align=\"center\">Tu sei gaudio e letizia, Tu sei nostra speranza,<\/p>\n<p align=\"center\">Tu sei giustizia e temperanza,<\/p>\n<p align=\"center\">Tu sei tutto, ricchezza nostra a sufficienza.<\/p>\n<p align=\"center\">Tu sei bellezza, Tu sei mansuetudine.<\/p>\n<p align=\"center\">Tu sei protettore, Tu sei custode e difensore,<\/p>\n<p align=\"center\">Tu sei fortezza, Tu sei refrigerio.<\/p>\n<p align=\"center\">Tu sei la nostra speranza, Tu sei la nostra fede,<\/p>\n<p align=\"center\">Tu sei la nostra carit\u00e0,\u00a0Tu sei tutta la nostra dolcezza,<\/p>\n<p align=\"center\">Tu sei la nostra vita eterna<\/p>\n<p align=\"center\">grande e ammirabile Signore,<\/p>\n<p align=\"center\">Dio onnipotente, misericordioso Salvatore.<\/p>\n<p class=\"MsoNormal\" style=\"text-align: center;\">\n<p style=\"text-align: center;\"><span style=\"color: #000000;\"><strong><span style=\"text-decoration: underline;\"><span style=\"font-size: 11pt;\">Preghiera davanti al Crocifisso<\/span><\/span><span style=\"font-size: small;\"><br \/>\n<\/span><\/strong><\/span><\/p>\n<p align=\"center\">Altissimo glorioso Dio,<\/p>\n<p align=\"center\">illumina le tenebre del cuore mio.<\/p>\n<p align=\"center\">E dammi fede retta,<\/p>\n<p align=\"center\">speranza certa e carit\u00e0 perfetta,<\/p>\n<p align=\"center\">senno e conoscimento, Signore,<\/p>\n<p align=\"center\">che io faccia il tuo santo e verace comandamento. Amen.<\/p>\n<p class=\"MsoNormal\" style=\"text-align: center;\"><span style=\"color: #000000;\">\u00a0<\/span><\/p>\n<p style=\"text-align: center;\"><span style=\"color: #000000;\"><strong><span style=\"font-size: 11pt;\"><span style=\"text-decoration: underline;\">Onnipotente eterno Iddio<\/span><\/span><span style=\"font-size: 9pt;\"><br \/>\n<\/span><\/strong><\/span><\/p>\n<p align=\"center\">Onnipotente, eterno, giusto e misericordioso Iddio<\/p>\n<p align=\"center\">concedi a noi miseri di fare, per tuo\u00a0amore,<\/p>\n<p align=\"center\">ci\u00f2 che sappiamo che tu vuoi,<\/p>\n<p align=\"center\">e di volere sempre ci\u00f2 che a te piace,<\/p>\n<p align=\"center\">affinch\u00e9, interiormente purificati,<\/p>\n<p align=\"center\">interiormente illuminati e accesi dal fuoco dello Spirito Santo,<\/p>\n<p align=\"center\">possiamo seguire le orme del tuo Figlio diletto,<\/p>\n<p align=\"center\">il Signore nostro Ges\u00f9 Cristo,<\/p>\n<p align=\"center\">e con l\u2019aiuto della tua sola grazia giungere a te, o Altissimo,<\/p>\n<p align=\"center\">che nella Trinit\u00e0 perfetta e nell\u2019Unit\u00e0 semplice<\/p>\n<p align=\"center\">vivi e regni e sei glorificato,<\/p>\n<p align=\"center\">Dio onnipotente per tutti i secoli dei secoli. Amen.<\/p>\n<p class=\"MsoNormal\" style=\"text-align: center;\">\n<p style=\"text-align: center;\"><span style=\"color: #000000;\"><span style=\"font-size: 11pt;\"><strong><span style=\"text-decoration: underline;\">Saluto alla Beata Vergine Maria<\/span><\/strong><\/span><span style=\"font-size: small;\"><br \/>\n<\/span><\/span><\/p>\n<p align=\"center\">Ave, Signora, santa regina<\/p>\n<p align=\"center\">santa genitrice di Dio, Maria<\/p>\n<p align=\"center\">che sei vergine fatta Chiesa.<\/p>\n<p align=\"center\">ed eletta dal santissimo Padre celeste,<\/p>\n<p align=\"center\">che ti ha consacrata<\/p>\n<p align=\"center\">insieme col santissimo suo Figlio diletto<\/p>\n<p align=\"center\">e con lo Spirito Santo Paraclito;<\/p>\n<p align=\"center\">tu in cui fu ed \u00e8 ogni pienezza di grazia\u00a0e ogni bene.<\/p>\n<p align=\"center\">Ave, suo palazzo,<\/p>\n<p align=\"center\">ave, suo tabernacolo,<\/p>\n<p align=\"center\">ave, sua casa.<\/p>\n<p align=\"center\">Ave, suo vestimento,<\/p>\n<p align=\"center\">ave sua ancella,<\/p>\n<p align=\"center\">ave sua Madre.<\/p>\n<p style=\"text-align: center;\">\n<p style=\"text-align: center;\"><span style=\"color: #800000;\"><strong><span style=\"font-family: 'Comic Sans MS'; font-size: medium;\">PREGHIAMO CON CHIARA<\/span><\/strong><\/span><\/p>\n<p style=\"text-align: center;\"><span style=\"color: #000000;\"><strong><span style=\"color: #000000;\"><span style=\"text-decoration: underline;\">Signore mia gioia<\/span><\/span> <\/strong><\/span><\/p>\n<p align=\"center\">Signore, mia gioia,<\/p>\n<p align=\"center\">davanti a te sono i miei occhi,<\/p>\n<p align=\"center\">la mia anima e il mio cuore.<\/p>\n<p align=\"center\">Tu che mi ami<\/p>\n<p align=\"center\">e ti sei donato a me interamente,<\/p>\n<p align=\"center\">trasformami in Te,<\/p>\n<p align=\"center\">e donami di gustare la tua dolcezza,<\/p>\n<p align=\"center\">perch\u00e9 anch\u2019io possa amarti con tutta me stessa.<\/p>\n<p class=\"MsoNormal\" style=\"text-align: center;\"><span style=\"color: #000000;\"><span style=\"color: #000000;\">\u00a0<\/span><\/span><\/p>\n<p style=\"text-align: center;\"><span style=\"color: #000000;\"><strong><span style=\"font-size: 11pt;\"><span style=\"text-decoration: underline;\">Ricordami la tua fedelt\u00e0<\/span><\/span><span style=\"font-size: small;\"><br \/>\n<\/span><\/strong><\/span><\/p>\n<p align=\"center\">Signore, Tu prepari la corona della vita<\/p>\n<p align=\"center\">per coloro che, colmati del tuo amore, non smettono di lodarti.<\/p>\n<p align=\"center\">Nel tempo della fatica, ricordami la tua fedelt\u00e0;<\/p>\n<p align=\"center\">fra gli abbagli splendenti del mondo, mostrami la vera luce;<\/p>\n<p align=\"center\">fra le immagini vuote, i miti e i rumori;<\/p>\n<p align=\"center\">guidami al porto sicuro della tua verit\u00e0.<\/p>\n<p align=\"center\">Nelle avversit\u00e0, donami fortezza;<\/p>\n<p align=\"center\">nella prosperit\u00e0, l\u2019umilt\u00e0 del cuore,<\/p>\n<p align=\"center\">per saperti sempre ringraziare.<\/p>\n<p align=\"center\">Che io ami con tutto il cuore<\/p>\n<p align=\"center\">e, prendendo la croce, possa seguire Te che mi precedi.<\/p>\n<p align=\"center\">Non cada mai dalla mia mente la memoria di te, Signore.<\/p>\n<p style=\"text-align: center;\">\n<p style=\"text-align: center;\"><span style=\"color: #000000;\"><span style=\"font-size: 11pt;\"><strong><span style=\"text-decoration: underline;\">Donaci di perseverare<\/span><\/strong><\/span><span style=\"font-size: small;\"><br \/>\n<\/span><\/span><\/p>\n<p align=\"center\">Beato l\u2019uomo a cui Tu, Signore,<\/p>\n<p align=\"center\">concedi di camminare sulle orme del tuo Figlio, nostra via,<\/p>\n<p align=\"center\">e di perseverarvi nel suo andare.<\/p>\n<p align=\"center\">Padre di misericordia e di carit\u00e0,<\/p>\n<p align=\"center\">Tu che ci hai donato di bene incominciare,<\/p>\n<p align=\"center\">donaci di crescere nel bene<\/p>\n<p align=\"center\">e di perseverarvi fino alla fine. Amen.<\/p>\n<p class=\"MsoNormal\" style=\"text-align: center;\">\n<p style=\"text-align: center;\"><span style=\"color: #000000;\"><span style=\"font-size: 11pt;\"><strong><span style=\"text-decoration: underline;\">Fa&#8217; che effondiamo sempre il tuo profumo<\/span><\/strong><\/span><span style=\"font-size: small;\"><br \/>\n<\/span><\/span><\/p>\n<p align=\"center\">Signore Ges\u00f9 Cristo fa\u2019 che quell\u2019amore che abbiamo nel cuore<\/p>\n<p align=\"center\">lo dimostriamo al di fuori con le opere.<\/p>\n<p align=\"center\">Fa\u2019 che effondiamo sempre il profumo della tua bont\u00e0<\/p>\n<p align=\"center\">su tutte le creature lontane e vicine,<\/p>\n<p align=\"center\">affinch\u00e9 tutti, provocati dal nostro esempio,<\/p>\n<p align=\"center\">crescano sempre nel tuo amore e nella carit\u00e0 vicendevole.<\/p>\n<p align=\"center\">Padre di misericordia e di carit\u00e0,<\/p>\n<p align=\"center\">tu che ci hai dato di bene incominciare,<\/p>\n<p align=\"center\">donaci di crescere nel bene e di perseverarvi fino alla fine.<\/p>\n<p class=\"MsoNormal\" style=\"text-align: left;\"><span style=\"font-size: 11pt; color: #000000;\"><a href=\"http:\/\/www2.diocesi.rimini.it\/clarisse\/?page_id=10\">Torna su<\/a><\/span><\/p>\n","protected":false},"excerpt":{"rendered":"<p>&#8220;Siamo tenuti a lodare sempre il Signore&#8221; (S. Francesco) PREGHIAMO CON FRANCESCO Parafrasi del Padre nostro O santissimo Padre nostro: creatore, redentore, consolatore e salvatore nostro. Che sei nei cieli: negli angeli e nei santi, e li illumini alla conoscenza, perch\u00e9 tu, Signore, sei luce; li infiammi all\u2019amore, perch\u00e9 tu, Signore, sei amore; poni in [&hellip;]<\/p>\n","protected":false},"author":1,"featured_media":0,"parent":8,"menu_order":0,"comment_status":"closed","ping_status":"closed","template":"","meta":{"footnotes":""},"class_list":["post-10","page","type-page","status-publish","hentry"],"_links":{"self":[{"href":"https:\/\/chiesa.rimini.it\/clarisse\/index.php?rest_route=\/wp\/v2\/pages\/10","targetHints":{"allow":["GET"]}}],"collection":[{"href":"https:\/\/chiesa.rimini.it\/clarisse\/index.php?rest_route=\/wp\/v2\/pages"}],"about":[{"href":"https:\/\/chiesa.rimini.it\/clarisse\/index.php?rest_route=\/wp\/v2\/types\/page"}],"author":[{"embeddable":true,"href":"https:\/\/chiesa.rimini.it\/clarisse\/index.php?rest_route=\/wp\/v2\/users\/1"}],"replies":[{"embeddable":true,"href":"https:\/\/chiesa.rimini.it\/clarisse\/index.php?rest_route=%2Fwp%2Fv2%2Fcomments&post=10"}],"version-history":[{"count":32,"href":"https:\/\/chiesa.rimini.it\/clarisse\/index.php?rest_route=\/wp\/v2\/pages\/10\/revisions"}],"predecessor-version":[{"id":10411,"href":"https:\/\/chiesa.rimini.it\/clarisse\/index.php?rest_route=\/wp\/v2\/pages\/10\/revisions\/10411"}],"up":[{"embeddable":true,"href":"https:\/\/chiesa.rimini.it\/clarisse\/index.php?rest_route=\/wp\/v2\/pages\/8"}],"wp:attachment":[{"href":"https:\/\/chiesa.rimini.it\/clarisse\/index.php?rest_route=%2Fwp%2Fv2%2Fmedia&parent=10"}],"curies":[{"name":"wp","href":"https:\/\/api.w.org\/{rel}","templated":true}]}}