{"id":1162,"date":"2011-11-22T10:25:14","date_gmt":"2011-11-22T10:25:14","guid":{"rendered":"http:\/\/www2.diocesi.rimini.it\/clarisse\/?page_id=1162"},"modified":"2019-01-18T08:35:03","modified_gmt":"2019-01-18T08:35:03","slug":"presepi-2011","status":"publish","type":"page","link":"https:\/\/chiesa.rimini.it\/clarisse\/?page_id=1162","title":{"rendered":"Presepi 2011"},"content":{"rendered":"<p><a href=\"http:\/\/www2.diocesi.rimini.it\/clarisse\/wp-content\/15_2011.jpg\"><br \/>\n<\/a><a href=\"http:\/\/www2.diocesi.rimini.it\/clarisse\/wp-content\/1_2011.jpg\"><img loading=\"lazy\" decoding=\"async\" class=\"alignleft size-full wp-image-1161\" title=\"1_2011\" src=\"http:\/\/www2.diocesi.rimini.it\/clarisse\/wp-content\/1_2011.jpg\" alt=\"\" width=\"460\" height=\"629\" srcset=\"https:\/\/chiesa.rimini.it\/clarisse\/wp-content\/1_2011.jpg 460w, https:\/\/chiesa.rimini.it\/clarisse\/wp-content\/1_2011-219x300.jpg 219w\" sizes=\"auto, (max-width: 460px) 100vw, 460px\" \/><\/a><\/p>\n<p><span style=\"color: #ff0000;\">altezza Nativit\u00e0: cm. 14<\/span><br \/>\n<a href=\"http:\/\/www2.diocesi.rimini.it\/clarisse\/wp-content\/2_2011.jpg\"><img loading=\"lazy\" decoding=\"async\" class=\"alignleft size-full wp-image-1163\" title=\"2_2011\" src=\"http:\/\/www2.diocesi.rimini.it\/clarisse\/wp-content\/2_2011.jpg\" alt=\"\" width=\"460\" height=\"627\" srcset=\"https:\/\/chiesa.rimini.it\/clarisse\/wp-content\/2_2011.jpg 460w, https:\/\/chiesa.rimini.it\/clarisse\/wp-content\/2_2011-220x300.jpg 220w\" sizes=\"auto, (max-width: 460px) 100vw, 460px\" \/><\/a><span style=\"color: #ff0000;\">altezza Nativit\u00e0: cm. 15<\/span><span style=\"color: #ff0000;\"><br \/>\n<\/span><img loading=\"lazy\" decoding=\"async\" class=\"alignleft size-full wp-image-1165\" title=\"3_2011\" src=\"http:\/\/www2.diocesi.rimini.it\/clarisse\/wp-content\/3_2011.jpg\" alt=\"\" width=\"460\" height=\"595\" srcset=\"https:\/\/chiesa.rimini.it\/clarisse\/wp-content\/3_2011.jpg 460w, https:\/\/chiesa.rimini.it\/clarisse\/wp-content\/3_2011-231x300.jpg 231w\" sizes=\"auto, (max-width: 460px) 100vw, 460px\" \/><\/p>\n<p><span style=\"color: #ff0000;\">Nativit\u00e0 in legno d&#8217;ulivo cm. 10 (artigianato della Terra Santa)<\/span><\/p>\n<p><img loading=\"lazy\" decoding=\"async\" class=\"alignleft size-full wp-image-1167\" title=\"4_2011\" src=\"http:\/\/www2.diocesi.rimini.it\/clarisse\/wp-content\/4_2011.jpg\" alt=\"\" width=\"460\" height=\"593\" srcset=\"https:\/\/chiesa.rimini.it\/clarisse\/wp-content\/4_2011.jpg 460w, https:\/\/chiesa.rimini.it\/clarisse\/wp-content\/4_2011-232x300.jpg 232w\" sizes=\"auto, (max-width: 460px) 100vw, 460px\" \/><\/p>\n<p><span style=\"color: #ff0000;\">altezza Nativit\u00e0: cm. 20<\/span><img loading=\"lazy\" decoding=\"async\" class=\"alignleft size-full wp-image-1168\" title=\"5_2011\" src=\"http:\/\/www2.diocesi.rimini.it\/clarisse\/wp-content\/5_2011.jpg\" alt=\"\" width=\"460\" height=\"654\" srcset=\"https:\/\/chiesa.rimini.it\/clarisse\/wp-content\/5_2011.jpg 460w, https:\/\/chiesa.rimini.it\/clarisse\/wp-content\/5_2011-211x300.jpg 211w\" sizes=\"auto, (max-width: 460px) 100vw, 460px\" \/><\/p>\n<p><span style=\"color: #ff0000;\">Nativit\u00e0 in legno d&#8217;ulivo cm. 10\u00a0(artigianato della Terra Santa)<\/span><img loading=\"lazy\" decoding=\"async\" class=\"alignleft size-full wp-image-1170\" title=\"6_2011\" src=\"http:\/\/www2.diocesi.rimini.it\/clarisse\/wp-content\/6_2011.jpg\" alt=\"\" width=\"460\" height=\"529\" srcset=\"https:\/\/chiesa.rimini.it\/clarisse\/wp-content\/6_2011.jpg 460w, https:\/\/chiesa.rimini.it\/clarisse\/wp-content\/6_2011-260x300.jpg 260w\" sizes=\"auto, (max-width: 460px) 100vw, 460px\" \/><img loading=\"lazy\" decoding=\"async\" class=\"alignleft size-full wp-image-1171\" title=\"7_2011\" src=\"http:\/\/www2.diocesi.rimini.it\/clarisse\/wp-content\/7_2011.jpg\" alt=\"\" width=\"460\" height=\"334\" srcset=\"https:\/\/chiesa.rimini.it\/clarisse\/wp-content\/7_2011.jpg 460w, https:\/\/chiesa.rimini.it\/clarisse\/wp-content\/7_2011-300x217.jpg 300w\" sizes=\"auto, (max-width: 460px) 100vw, 460px\" \/><img loading=\"lazy\" decoding=\"async\" class=\"alignleft size-full wp-image-1172\" title=\"8_2011\" src=\"http:\/\/www2.diocesi.rimini.it\/clarisse\/wp-content\/8_2011.jpg\" alt=\"\" width=\"460\" height=\"690\" srcset=\"https:\/\/chiesa.rimini.it\/clarisse\/wp-content\/8_2011.jpg 460w, https:\/\/chiesa.rimini.it\/clarisse\/wp-content\/8_2011-200x300.jpg 200w\" sizes=\"auto, (max-width: 460px) 100vw, 460px\" \/><img loading=\"lazy\" decoding=\"async\" class=\"alignleft size-full wp-image-1173\" title=\"9_2011\" src=\"http:\/\/www2.diocesi.rimini.it\/clarisse\/wp-content\/9_2011.jpg\" alt=\"\" width=\"460\" height=\"699\" srcset=\"https:\/\/chiesa.rimini.it\/clarisse\/wp-content\/9_2011.jpg 460w, https:\/\/chiesa.rimini.it\/clarisse\/wp-content\/9_2011-197x300.jpg 197w\" sizes=\"auto, (max-width: 460px) 100vw, 460px\" \/><\/p>\n<p><span style=\"color: #ff0000;\">altezza: cm. 15<\/span><br \/>\n<img loading=\"lazy\" decoding=\"async\" class=\"alignleft size-full wp-image-1174\" title=\"10_2011\" src=\"http:\/\/www2.diocesi.rimini.it\/clarisse\/wp-content\/10_2011.jpg\" alt=\"\" width=\"460\" height=\"528\" srcset=\"https:\/\/chiesa.rimini.it\/clarisse\/wp-content\/10_2011.jpg 460w, https:\/\/chiesa.rimini.it\/clarisse\/wp-content\/10_2011-261x300.jpg 261w\" sizes=\"auto, (max-width: 460px) 100vw, 460px\" \/><img loading=\"lazy\" decoding=\"async\" class=\"alignleft size-full wp-image-1176\" title=\"11_2011\" src=\"http:\/\/www2.diocesi.rimini.it\/clarisse\/wp-content\/11_2011.jpg\" alt=\"\" width=\"460\" height=\"342\" srcset=\"https:\/\/chiesa.rimini.it\/clarisse\/wp-content\/11_2011.jpg 460w, https:\/\/chiesa.rimini.it\/clarisse\/wp-content\/11_2011-300x223.jpg 300w\" sizes=\"auto, (max-width: 460px) 100vw, 460px\" \/><img loading=\"lazy\" decoding=\"async\" class=\"alignleft size-full wp-image-1177\" title=\"12_2011\" src=\"http:\/\/www2.diocesi.rimini.it\/clarisse\/wp-content\/12_2011.jpg\" alt=\"\" width=\"460\" height=\"665\" srcset=\"https:\/\/chiesa.rimini.it\/clarisse\/wp-content\/12_2011.jpg 460w, https:\/\/chiesa.rimini.it\/clarisse\/wp-content\/12_2011-207x300.jpg 207w\" sizes=\"auto, (max-width: 460px) 100vw, 460px\" \/><img loading=\"lazy\" decoding=\"async\" title=\"13_2011\" src=\"http:\/\/www2.diocesi.rimini.it\/clarisse\/wp-content\/13_2011.jpg\" alt=\"\" width=\"460\" height=\"338\" \/><a href=\"http:\/\/www2.diocesi.rimini.it\/clarisse\/wp-content\/14_2011.jpg\"><img loading=\"lazy\" decoding=\"async\" class=\"alignleft size-full wp-image-1182\" title=\"14_2011\" src=\"http:\/\/www2.diocesi.rimini.it\/clarisse\/wp-content\/14_2011.jpg\" alt=\"\" width=\"460\" height=\"409\" srcset=\"https:\/\/chiesa.rimini.it\/clarisse\/wp-content\/14_2011.jpg 460w, https:\/\/chiesa.rimini.it\/clarisse\/wp-content\/14_2011-300x266.jpg 300w\" sizes=\"auto, (max-width: 460px) 100vw, 460px\" \/><\/a><a href=\"http:\/\/www2.diocesi.rimini.it\/clarisse\/wp-content\/15_2011.jpg\"><img loading=\"lazy\" decoding=\"async\" title=\"15_2011\" src=\"http:\/\/www2.diocesi.rimini.it\/clarisse\/wp-content\/15_2011.jpg\" alt=\"\" width=\"424\" height=\"612\" \/><\/a><\/p>\n<p><span style=\"color: #ff0000;\">portatovagliolo in legno d&#8217;ulivo (artigianato della Terra Santa)<\/span><a href=\"http:\/\/www2.diocesi.rimini.it\/clarisse\/wp-content\/15_2011.jpg\"><br \/>\n<\/a><a href=\"http:\/\/www2.diocesi.rimini.it\/clarisse\/wp-content\/16_2011.jpg\"><img loading=\"lazy\" decoding=\"async\" title=\"16_2011\" src=\"http:\/\/www2.diocesi.rimini.it\/clarisse\/wp-content\/16_2011.jpg\" alt=\"\" width=\"460\" height=\"434\" \/><br \/>\n<\/a><a href=\"http:\/\/www2.diocesi.rimini.it\/clarisse\/wp-content\/17_2011.jpg\"><img loading=\"lazy\" decoding=\"async\" title=\"17_2011\" src=\"http:\/\/www2.diocesi.rimini.it\/clarisse\/wp-content\/17_2011.jpg\" alt=\"\" width=\"460\" height=\"307\" \/><\/a><\/p>\n<p><span style=\"color: #ff0000;\">scatola in legno d&#8217;ulivo cm. 7&#215;10\u00a0(artigianato della Terra Santa)<\/span><a href=\"http:\/\/www2.diocesi.rimini.it\/clarisse\/wp-content\/19_2011.jpg\"><br \/>\n<\/a><a href=\"http:\/\/www2.diocesi.rimini.it\/clarisse\/wp-content\/18_2011.jpg\"><img loading=\"lazy\" decoding=\"async\" class=\"alignleft size-full wp-image-1188\" title=\"18_2011\" src=\"http:\/\/www2.diocesi.rimini.it\/clarisse\/wp-content\/18_2011.jpg\" alt=\"\" width=\"460\" height=\"383\" srcset=\"https:\/\/chiesa.rimini.it\/clarisse\/wp-content\/18_2011.jpg 460w, https:\/\/chiesa.rimini.it\/clarisse\/wp-content\/18_2011-300x249.jpg 300w\" sizes=\"auto, (max-width: 460px) 100vw, 460px\" \/><\/a><\/p>\n<p><span style=\"color: #ff0000;\">scatola in legno d&#8217;ulivo cm. 6&#215;4,5\u00a0(artigianato della Terra Santa)<\/span><a href=\"http:\/\/www2.diocesi.rimini.it\/clarisse\/wp-content\/18_2011.jpg\"><br \/>\n<\/a><a href=\"http:\/\/www2.diocesi.rimini.it\/clarisse\/wp-content\/19_2011.jpg\"><img loading=\"lazy\" decoding=\"async\" title=\"19_2011\" src=\"http:\/\/www2.diocesi.rimini.it\/clarisse\/wp-content\/19_2011.jpg\" alt=\"\" width=\"460\" height=\"374\" \/><\/a><\/p>\n<p><span style=\"color: #ff0000;\">scatola in legno d&#8217;ulivo cm. 6&#215;6 (artigianato della Terra Santa)<\/span><a href=\"http:\/\/www2.diocesi.rimini.it\/clarisse\/wp-content\/20_2011.jpg\"><img loading=\"lazy\" decoding=\"async\" class=\"alignleft size-full wp-image-1190\" title=\"20_2011\" src=\"http:\/\/www2.diocesi.rimini.it\/clarisse\/wp-content\/20_2011.jpg\" alt=\"\" width=\"460\" height=\"423\" srcset=\"https:\/\/chiesa.rimini.it\/clarisse\/wp-content\/20_2011.jpg 460w, https:\/\/chiesa.rimini.it\/clarisse\/wp-content\/20_2011-300x275.jpg 300w\" sizes=\"auto, (max-width: 460px) 100vw, 460px\" \/><\/a><a href=\"http:\/\/www2.diocesi.rimini.it\/clarisse\/wp-content\/21_2011.jpg\"><img loading=\"lazy\" decoding=\"async\" class=\"alignleft size-full wp-image-1191\" title=\"21_2011\" src=\"http:\/\/www2.diocesi.rimini.it\/clarisse\/wp-content\/21_2011.jpg\" alt=\"\" width=\"460\" height=\"651\" srcset=\"https:\/\/chiesa.rimini.it\/clarisse\/wp-content\/21_2011.jpg 460w, https:\/\/chiesa.rimini.it\/clarisse\/wp-content\/21_2011-211x300.jpg 211w\" sizes=\"auto, (max-width: 460px) 100vw, 460px\" \/><\/a><a href=\"http:\/\/www2.diocesi.rimini.it\/clarisse\/wp-content\/22_2011.jpg\"><img loading=\"lazy\" decoding=\"async\" class=\"alignleft size-full wp-image-1192\" title=\"22_2011\" src=\"http:\/\/www2.diocesi.rimini.it\/clarisse\/wp-content\/22_2011.jpg\" alt=\"\" width=\"460\" height=\"319\" srcset=\"https:\/\/chiesa.rimini.it\/clarisse\/wp-content\/22_2011.jpg 460w, https:\/\/chiesa.rimini.it\/clarisse\/wp-content\/22_2011-300x208.jpg 300w\" sizes=\"auto, (max-width: 460px) 100vw, 460px\" \/><\/a><a href=\"http:\/\/www2.diocesi.rimini.it\/clarisse\/wp-content\/23_2011.jpg\"><img loading=\"lazy\" decoding=\"async\" class=\"alignleft size-full wp-image-1196\" title=\"23_2011\" src=\"http:\/\/www2.diocesi.rimini.it\/clarisse\/wp-content\/23_2011.jpg\" alt=\"\" width=\"460\" height=\"360\" srcset=\"https:\/\/chiesa.rimini.it\/clarisse\/wp-content\/23_2011.jpg 460w, https:\/\/chiesa.rimini.it\/clarisse\/wp-content\/23_2011-300x234.jpg 300w\" sizes=\"auto, (max-width: 460px) 100vw, 460px\" \/><\/a><a href=\"http:\/\/www2.diocesi.rimini.it\/clarisse\/wp-content\/24_2011.jpg\"><img loading=\"lazy\" decoding=\"async\" title=\"24_2011\" src=\"http:\/\/www2.diocesi.rimini.it\/clarisse\/wp-content\/24_2011.jpg\" alt=\"\" width=\"460\" height=\"640\" \/><\/a><a href=\"http:\/\/www2.diocesi.rimini.it\/clarisse\/wp-content\/26_2011.jpg\"><br \/>\n<\/a><a href=\"http:\/\/www2.diocesi.rimini.it\/clarisse\/wp-content\/25_2011.jpg\"><img loading=\"lazy\" decoding=\"async\" class=\"alignleft size-full wp-image-1234\" title=\"25_2011\" src=\"http:\/\/www2.diocesi.rimini.it\/clarisse\/wp-content\/25_2011.jpg\" alt=\"\" width=\"460\" height=\"490\" srcset=\"https:\/\/chiesa.rimini.it\/clarisse\/wp-content\/25_2011.jpg 460w, https:\/\/chiesa.rimini.it\/clarisse\/wp-content\/25_2011-281x300.jpg 281w\" sizes=\"auto, (max-width: 460px) 100vw, 460px\" \/><br \/>\n<\/a><a href=\"http:\/\/www2.diocesi.rimini.it\/clarisse\/wp-content\/26_2011.jpg\"><img loading=\"lazy\" decoding=\"async\" title=\"26_2011\" src=\"http:\/\/www2.diocesi.rimini.it\/clarisse\/wp-content\/26_2011.jpg\" alt=\"\" width=\"460\" height=\"620\" \/><\/a><a href=\"http:\/\/www2.diocesi.rimini.it\/clarisse\/wp-content\/27_2011.jpg\"><img loading=\"lazy\" decoding=\"async\" class=\"alignleft size-full wp-image-1236\" title=\"27_2011\" src=\"http:\/\/www2.diocesi.rimini.it\/clarisse\/wp-content\/27_2011.jpg\" alt=\"\" width=\"460\" height=\"293\" srcset=\"https:\/\/chiesa.rimini.it\/clarisse\/wp-content\/27_2011.jpg 460w, https:\/\/chiesa.rimini.it\/clarisse\/wp-content\/27_2011-300x191.jpg 300w\" sizes=\"auto, (max-width: 460px) 100vw, 460px\" \/><\/a><a href=\"http:\/\/www2.diocesi.rimini.it\/clarisse\/wp-content\/28_2011.jpg\"><img loading=\"lazy\" decoding=\"async\" class=\"alignleft size-full wp-image-1238\" title=\"28_2011\" src=\"http:\/\/www2.diocesi.rimini.it\/clarisse\/wp-content\/28_2011.jpg\" alt=\"\" width=\"460\" height=\"438\" srcset=\"https:\/\/chiesa.rimini.it\/clarisse\/wp-content\/28_2011.jpg 460w, https:\/\/chiesa.rimini.it\/clarisse\/wp-content\/28_2011-300x285.jpg 300w\" sizes=\"auto, (max-width: 460px) 100vw, 460px\" \/><\/a><a href=\"http:\/\/www2.diocesi.rimini.it\/clarisse\/wp-content\/29_2011.jpg\"><img loading=\"lazy\" decoding=\"async\" class=\"alignleft size-full wp-image-1240\" title=\"29_2011\" src=\"http:\/\/www2.diocesi.rimini.it\/clarisse\/wp-content\/29_2011.jpg\" alt=\"\" width=\"460\" height=\"513\" srcset=\"https:\/\/chiesa.rimini.it\/clarisse\/wp-content\/29_2011.jpg 460w, https:\/\/chiesa.rimini.it\/clarisse\/wp-content\/29_2011-269x300.jpg 269w\" sizes=\"auto, (max-width: 460px) 100vw, 460px\" \/><\/a><a href=\"http:\/\/www2.diocesi.rimini.it\/clarisse\/wp-content\/30_2011.jpg\"><img loading=\"lazy\" decoding=\"async\" class=\"alignleft size-full wp-image-1241\" title=\"30_2011\" src=\"http:\/\/www2.diocesi.rimini.it\/clarisse\/wp-content\/30_2011.jpg\" alt=\"\" width=\"460\" height=\"405\" srcset=\"https:\/\/chiesa.rimini.it\/clarisse\/wp-content\/30_2011.jpg 460w, https:\/\/chiesa.rimini.it\/clarisse\/wp-content\/30_2011-300x264.jpg 300w\" sizes=\"auto, (max-width: 460px) 100vw, 460px\" \/><\/a><a href=\"http:\/\/www2.diocesi.rimini.it\/clarisse\/wp-content\/31_2011.jpg\"><img loading=\"lazy\" decoding=\"async\" class=\"alignleft size-full wp-image-1243\" title=\"31_2011\" src=\"http:\/\/www2.diocesi.rimini.it\/clarisse\/wp-content\/31_2011.jpg\" alt=\"\" width=\"460\" height=\"597\" srcset=\"https:\/\/chiesa.rimini.it\/clarisse\/wp-content\/31_2011.jpg 460w, https:\/\/chiesa.rimini.it\/clarisse\/wp-content\/31_2011-231x300.jpg 231w\" sizes=\"auto, (max-width: 460px) 100vw, 460px\" \/><\/a><a href=\"http:\/\/www2.diocesi.rimini.it\/clarisse\/wp-content\/32_2011.jpg\"><img loading=\"lazy\" decoding=\"async\" class=\"alignleft size-full wp-image-1244\" title=\"32_2011\" src=\"http:\/\/www2.diocesi.rimini.it\/clarisse\/wp-content\/32_2011.jpg\" alt=\"\" width=\"460\" height=\"608\" srcset=\"https:\/\/chiesa.rimini.it\/clarisse\/wp-content\/32_2011.jpg 460w, https:\/\/chiesa.rimini.it\/clarisse\/wp-content\/32_2011-226x300.jpg 226w\" sizes=\"auto, (max-width: 460px) 100vw, 460px\" \/><\/a><a href=\"http:\/\/www2.diocesi.rimini.it\/clarisse\/wp-content\/33_2011.jpg\"><img loading=\"lazy\" decoding=\"async\" class=\"alignleft size-full wp-image-1245\" title=\"33_2011\" src=\"http:\/\/www2.diocesi.rimini.it\/clarisse\/wp-content\/33_2011.jpg\" alt=\"\" width=\"460\" height=\"572\" srcset=\"https:\/\/chiesa.rimini.it\/clarisse\/wp-content\/33_2011.jpg 460w, https:\/\/chiesa.rimini.it\/clarisse\/wp-content\/33_2011-241x300.jpg 241w\" sizes=\"auto, (max-width: 460px) 100vw, 460px\" \/><\/a><a href=\"http:\/\/www2.diocesi.rimini.it\/clarisse\/wp-content\/34_2011.jpg\"><img loading=\"lazy\" decoding=\"async\" class=\"alignleft size-full wp-image-1257\" title=\"34_2011\" src=\"http:\/\/www2.diocesi.rimini.it\/clarisse\/wp-content\/34_2011.jpg\" alt=\"\" width=\"460\" height=\"459\" srcset=\"https:\/\/chiesa.rimini.it\/clarisse\/wp-content\/34_2011.jpg 460w, https:\/\/chiesa.rimini.it\/clarisse\/wp-content\/34_2011-300x300.jpg 300w\" sizes=\"auto, (max-width: 460px) 100vw, 460px\" \/><\/a><a href=\"http:\/\/www2.diocesi.rimini.it\/clarisse\/wp-content\/35_2011.jpg\"><img loading=\"lazy\" decoding=\"async\" class=\"alignleft size-full wp-image-1258\" title=\"35_2011\" src=\"http:\/\/www2.diocesi.rimini.it\/clarisse\/wp-content\/35_2011.jpg\" alt=\"\" width=\"460\" height=\"590\" srcset=\"https:\/\/chiesa.rimini.it\/clarisse\/wp-content\/35_2011.jpg 460w, https:\/\/chiesa.rimini.it\/clarisse\/wp-content\/35_2011-233x300.jpg 233w\" sizes=\"auto, (max-width: 460px) 100vw, 460px\" \/><\/a><a href=\"http:\/\/www2.diocesi.rimini.it\/clarisse\/wp-content\/36_2011.jpg\"><img loading=\"lazy\" decoding=\"async\" class=\"alignleft size-full wp-image-1259\" title=\"36_2011\" src=\"http:\/\/www2.diocesi.rimini.it\/clarisse\/wp-content\/36_2011.jpg\" alt=\"\" width=\"460\" height=\"549\" srcset=\"https:\/\/chiesa.rimini.it\/clarisse\/wp-content\/36_2011.jpg 460w, https:\/\/chiesa.rimini.it\/clarisse\/wp-content\/36_2011-251x300.jpg 251w\" sizes=\"auto, (max-width: 460px) 100vw, 460px\" \/><\/a><a href=\"http:\/\/www2.diocesi.rimini.it\/clarisse\/wp-content\/37_2011.jpg\"><img loading=\"lazy\" decoding=\"async\" class=\"alignleft size-full wp-image-1260\" title=\"37_2011\" src=\"http:\/\/www2.diocesi.rimini.it\/clarisse\/wp-content\/37_2011.jpg\" alt=\"\" width=\"460\" height=\"467\" srcset=\"https:\/\/chiesa.rimini.it\/clarisse\/wp-content\/37_2011.jpg 460w, https:\/\/chiesa.rimini.it\/clarisse\/wp-content\/37_2011-295x300.jpg 295w\" sizes=\"auto, (max-width: 460px) 100vw, 460px\" \/><\/a><a href=\"http:\/\/www2.diocesi.rimini.it\/clarisse\/wp-content\/38_2011.jpg\"><img loading=\"lazy\" decoding=\"async\" class=\"alignleft size-full wp-image-1262\" title=\"38_2011\" src=\"http:\/\/www2.diocesi.rimini.it\/clarisse\/wp-content\/38_2011.jpg\" alt=\"\" width=\"460\" height=\"437\" srcset=\"https:\/\/chiesa.rimini.it\/clarisse\/wp-content\/38_2011.jpg 460w, https:\/\/chiesa.rimini.it\/clarisse\/wp-content\/38_2011-300x285.jpg 300w\" sizes=\"auto, (max-width: 460px) 100vw, 460px\" \/><\/a><a href=\"http:\/\/www2.diocesi.rimini.it\/clarisse\/wp-content\/39_2011.jpg\"><img loading=\"lazy\" decoding=\"async\" class=\"alignleft size-full wp-image-1263\" title=\"39_2011\" src=\"http:\/\/www2.diocesi.rimini.it\/clarisse\/wp-content\/39_2011.jpg\" alt=\"\" width=\"460\" height=\"487\" srcset=\"https:\/\/chiesa.rimini.it\/clarisse\/wp-content\/39_2011.jpg 460w, https:\/\/chiesa.rimini.it\/clarisse\/wp-content\/39_2011-283x300.jpg 283w\" sizes=\"auto, (max-width: 460px) 100vw, 460px\" \/><\/a><a href=\"http:\/\/www2.diocesi.rimini.it\/clarisse\/wp-content\/40_2011.jpg\"><img loading=\"lazy\" decoding=\"async\" class=\"alignleft size-full wp-image-1264\" title=\"40_2011\" src=\"http:\/\/www2.diocesi.rimini.it\/clarisse\/wp-content\/40_2011.jpg\" alt=\"\" width=\"460\" height=\"614\" srcset=\"https:\/\/chiesa.rimini.it\/clarisse\/wp-content\/40_2011.jpg 460w, https:\/\/chiesa.rimini.it\/clarisse\/wp-content\/40_2011-224x300.jpg 224w\" sizes=\"auto, (max-width: 460px) 100vw, 460px\" \/><\/a><a href=\"http:\/\/www2.diocesi.rimini.it\/clarisse\/wp-content\/41_2011.jpg\"><img loading=\"lazy\" decoding=\"async\" class=\"alignleft size-full wp-image-1265\" title=\"41_2011\" src=\"http:\/\/www2.diocesi.rimini.it\/clarisse\/wp-content\/41_2011.jpg\" alt=\"\" width=\"460\" height=\"466\" srcset=\"https:\/\/chiesa.rimini.it\/clarisse\/wp-content\/41_2011.jpg 460w, https:\/\/chiesa.rimini.it\/clarisse\/wp-content\/41_2011-296x300.jpg 296w\" sizes=\"auto, (max-width: 460px) 100vw, 460px\" \/><\/a><a href=\"http:\/\/www2.diocesi.rimini.it\/clarisse\/wp-content\/42_2011.jpg\"><img loading=\"lazy\" decoding=\"async\" class=\"alignleft size-full wp-image-1268\" title=\"42_2011\" src=\"http:\/\/www2.diocesi.rimini.it\/clarisse\/wp-content\/42_2011.jpg\" alt=\"\" width=\"460\" height=\"317\" srcset=\"https:\/\/chiesa.rimini.it\/clarisse\/wp-content\/42_2011.jpg 460w, https:\/\/chiesa.rimini.it\/clarisse\/wp-content\/42_2011-300x206.jpg 300w\" sizes=\"auto, (max-width: 460px) 100vw, 460px\" \/><\/a><a href=\"http:\/\/www2.diocesi.rimini.it\/clarisse\/wp-content\/43_2011.jpg\"><img loading=\"lazy\" decoding=\"async\" class=\"alignleft size-full wp-image-1269\" title=\"43_2011\" src=\"http:\/\/www2.diocesi.rimini.it\/clarisse\/wp-content\/43_2011.jpg\" alt=\"\" width=\"460\" height=\"222\" srcset=\"https:\/\/chiesa.rimini.it\/clarisse\/wp-content\/43_2011.jpg 460w, https:\/\/chiesa.rimini.it\/clarisse\/wp-content\/43_2011-300x144.jpg 300w\" sizes=\"auto, (max-width: 460px) 100vw, 460px\" \/><\/a><a href=\"http:\/\/www2.diocesi.rimini.it\/clarisse\/wp-content\/44_2011.jpg\"><img loading=\"lazy\" decoding=\"async\" class=\"alignleft size-full wp-image-1270\" title=\"44_2011\" src=\"http:\/\/www2.diocesi.rimini.it\/clarisse\/wp-content\/44_2011.jpg\" alt=\"\" width=\"460\" height=\"245\" srcset=\"https:\/\/chiesa.rimini.it\/clarisse\/wp-content\/44_2011.jpg 460w, https:\/\/chiesa.rimini.it\/clarisse\/wp-content\/44_2011-300x159.jpg 300w\" sizes=\"auto, (max-width: 460px) 100vw, 460px\" \/><\/a><\/p>\n<p>&nbsp;<\/p>\n<p><a href=\"http:\/\/www2.diocesi.rimini.it\/clarisse\/?page_id=1162\">Inizio pagina<\/a><a href=\"http:\/\/www2.diocesi.rimini.it\/clarisse\/wp-content\/17_2011.jpg\"><br \/>\n<\/a><a href=\"http:\/\/www2.diocesi.rimini.it\/clarisse\/wp-content\/16_2011.jpg\"><br \/>\n<\/a><a href=\"http:\/\/www2.diocesi.rimini.it\/clarisse\/wp-content\/13_2011.jpg\"><br \/>\n<\/a><\/p>\n<p>&nbsp;<\/p>\n<p>&nbsp;<\/p>\n<p>&nbsp;<\/p>\n","protected":false},"excerpt":{"rendered":"<p>altezza Nativit\u00e0: cm. 14 altezza Nativit\u00e0: cm. 15 Nativit\u00e0 in legno d&#8217;ulivo cm. 10 (artigianato della Terra Santa) altezza Nativit\u00e0: cm. 20 Nativit\u00e0 in legno d&#8217;ulivo cm. 10\u00a0(artigianato della Terra Santa) altezza: cm. 15 portatovagliolo in legno d&#8217;ulivo (artigianato della Terra Santa) scatola in legno d&#8217;ulivo cm. 7&#215;10\u00a0(artigianato della Terra Santa) scatola in legno d&#8217;ulivo [&hellip;]<\/p>\n","protected":false},"author":2,"featured_media":0,"parent":993,"menu_order":19,"comment_status":"closed","ping_status":"closed","template":"","meta":{"footnotes":""},"class_list":["post-1162","page","type-page","status-publish","hentry"],"_links":{"self":[{"href":"https:\/\/chiesa.rimini.it\/clarisse\/index.php?rest_route=\/wp\/v2\/pages\/1162","targetHints":{"allow":["GET"]}}],"collection":[{"href":"https:\/\/chiesa.rimini.it\/clarisse\/index.php?rest_route=\/wp\/v2\/pages"}],"about":[{"href":"https:\/\/chiesa.rimini.it\/clarisse\/index.php?rest_route=\/wp\/v2\/types\/page"}],"author":[{"embeddable":true,"href":"https:\/\/chiesa.rimini.it\/clarisse\/index.php?rest_route=\/wp\/v2\/users\/2"}],"replies":[{"embeddable":true,"href":"https:\/\/chiesa.rimini.it\/clarisse\/index.php?rest_route=%2Fwp%2Fv2%2Fcomments&post=1162"}],"version-history":[{"count":37,"href":"https:\/\/chiesa.rimini.it\/clarisse\/index.php?rest_route=\/wp\/v2\/pages\/1162\/revisions"}],"predecessor-version":[{"id":2214,"href":"https:\/\/chiesa.rimini.it\/clarisse\/index.php?rest_route=\/wp\/v2\/pages\/1162\/revisions\/2214"}],"up":[{"embeddable":true,"href":"https:\/\/chiesa.rimini.it\/clarisse\/index.php?rest_route=\/wp\/v2\/pages\/993"}],"wp:attachment":[{"href":"https:\/\/chiesa.rimini.it\/clarisse\/index.php?rest_route=%2Fwp%2Fv2%2Fmedia&parent=1162"}],"curies":[{"name":"wp","href":"https:\/\/api.w.org\/{rel}","templated":true}]}}