{"id":1890,"date":"2012-02-19T21:08:05","date_gmt":"2012-02-19T21:08:05","guid":{"rendered":"http:\/\/www2.diocesi.rimini.it\/clarisse\/?page_id=1890"},"modified":"2023-01-17T09:42:11","modified_gmt":"2023-01-17T09:42:11","slug":"passi-di-adorazione","status":"publish","type":"page","link":"https:\/\/chiesa.rimini.it\/clarisse\/?page_id=1890","title":{"rendered":"&#8220;Passi&#8221; di adorazione"},"content":{"rendered":"<p>Nella nostra chiesa si svolge quotidianamente l\u2019Adorazione Eucaristica, e sono molte le persone che si fermano davanti a Ges\u00f9 Eucaristia per unirsi alle nostra preghiera comunitaria o per un momento di preghiera personale.&nbsp;\u00c8 un\u2019occasione preziosa per una pausa rilassante e al contempo tonificante per rinnovare il nostro rapporto col Signore.<\/p>\n<p>Molti ci chiedono \u201cCome occupare il tempo dell\u2019Adorazione?\u2026 Cosa fare?\u2026 Cosa dire? \u201c. Suggeriamo 2 \u201cpassi\u201d.<\/p>\n<p>Il 1\u00b0 passo \u00e8 il dialogo.<\/p>\n<p>Il Signore Ges\u00f9 \u00e8 l\u00ec per te: aprigli il cuore, confidandogli quello che senti e che vivi. Non c\u2019\u00e8 cosa che non gli stia a cuore di te: affidagli le preoccupazioni, i desideri, i dubbi, le fatiche, persino i peccati\u2026 Lui sa comprenderci benissimo, perch\u00e9 ha sperimentato la fragilit\u00e0 della nostra condizione facendosi uomo e, tornando al Padre, ha voluto assicurarci che sarebbe stato con noi \u00abtutti i giorni, fino alla fine del mondo\u00bb (Mt 28,20). E lo \u00e8 davvero, in modo particolare attraverso l\u2019ostia consacrata, un piccolo pezzo di pane che \u00e8 il riassunto vivente di tutto l\u2019amore di Dio per l\u2019uomo.<br \/>\nIl passo del dialogo non termina qui, perch\u00e9 si completa con il ricordo degli altri: le persone che ti sono care, quelle che sai essere in difficolt\u00e0 materiali o spirituali, e allungando il passo si arriva a tutti quei fratelli e sorelle sofferenti e provati dei quattro angoli della terra (basta dare anche solo un\u2019occhiata ai giornali per rendersi conto di quanti siano!).<br \/>\nUna volta che hai finito di parlare, passa un po\u2019 di tempo ad ascoltare il Signore: \u00e8 il 2\u00b0 passo.<br \/>\nLa voce del Signore non si sente con le orecchie del corpo, ma con quelle del cuore, e questo richiede un certo allenamento a stare davanti a Ges\u00f9, anche solo semplicemente guardandolo e lasciandosi guardare da lui, come diceva il curato d\u2019Ars. Oltre a S. Giovanni Maria Vianney, tanti altri ne hanno fatto esperienza, e ce lo testimoniano, come, per esempio, Carlo Carretto, che dopo tanti anni spesi nell\u2019insegnamento e nell\u2019impegno in Azione Cattolica, a 42 entr\u00f2 a far parte della congregazione religiosa dei Piccoli Fratelli di Ges\u00f9, fondata dal beato Charles de Foucauld. In uno dei suoi scritti dice: \u00abHo puntato per giorni e giorni gli occhi su questo pane, ho vissuto per settimane in grotte nel deserto con quest\u2019unica Presenza e sempre, sempre, lui mi ha detto nella fede: \u201cSono qui, non temere\u201d. \u201cSono qui e ti amo\u201d. \u201cNon aver paura dell\u2019oscurit\u00e0, sii bambino davanti alle mie parole\u201d\u00bb.<\/p>\n<p>Lasciamoci interpellare dall\u2019invito di Ges\u00f9: \u00abIl Padre cerca tali adoratori\u00bb (Gv 4,23), e cerchiamo nelle nostre giornate un po\u2019 di tempo per dialogare ed ascoltarlo.<\/p>\n","protected":false},"excerpt":{"rendered":"<p>Nella nostra chiesa si svolge quotidianamente l\u2019Adorazione Eucaristica, e sono molte le persone che si fermano davanti a Ges\u00f9 Eucaristia per unirsi alle nostra preghiera comunitaria o per un momento di preghiera personale.&nbsp;\u00c8 un\u2019occasione preziosa per una pausa rilassante e al contempo tonificante per rinnovare il nostro rapporto col Signore. Molti ci chiedono \u201cCome occupare [&hellip;]<\/p>\n","protected":false},"author":2,"featured_media":0,"parent":879,"menu_order":2,"comment_status":"closed","ping_status":"closed","template":"","meta":{"footnotes":""},"class_list":["post-1890","page","type-page","status-publish","hentry"],"_links":{"self":[{"href":"https:\/\/chiesa.rimini.it\/clarisse\/index.php?rest_route=\/wp\/v2\/pages\/1890","targetHints":{"allow":["GET"]}}],"collection":[{"href":"https:\/\/chiesa.rimini.it\/clarisse\/index.php?rest_route=\/wp\/v2\/pages"}],"about":[{"href":"https:\/\/chiesa.rimini.it\/clarisse\/index.php?rest_route=\/wp\/v2\/types\/page"}],"author":[{"embeddable":true,"href":"https:\/\/chiesa.rimini.it\/clarisse\/index.php?rest_route=\/wp\/v2\/users\/2"}],"replies":[{"embeddable":true,"href":"https:\/\/chiesa.rimini.it\/clarisse\/index.php?rest_route=%2Fwp%2Fv2%2Fcomments&post=1890"}],"version-history":[{"count":4,"href":"https:\/\/chiesa.rimini.it\/clarisse\/index.php?rest_route=\/wp\/v2\/pages\/1890\/revisions"}],"predecessor-version":[{"id":10099,"href":"https:\/\/chiesa.rimini.it\/clarisse\/index.php?rest_route=\/wp\/v2\/pages\/1890\/revisions\/10099"}],"up":[{"embeddable":true,"href":"https:\/\/chiesa.rimini.it\/clarisse\/index.php?rest_route=\/wp\/v2\/pages\/879"}],"wp:attachment":[{"href":"https:\/\/chiesa.rimini.it\/clarisse\/index.php?rest_route=%2Fwp%2Fv2%2Fmedia&parent=1890"}],"curies":[{"name":"wp","href":"https:\/\/api.w.org\/{rel}","templated":true}]}}