{"id":1918,"date":"2012-02-21T09:46:15","date_gmt":"2012-02-21T09:46:15","guid":{"rendered":"http:\/\/www2.diocesi.rimini.it\/clarisse\/?page_id=1918"},"modified":"2021-12-04T22:14:42","modified_gmt":"2021-12-04T22:14:42","slug":"lettera-sul-dolore","status":"publish","type":"page","link":"https:\/\/chiesa.rimini.it\/clarisse\/?page_id=1918","title":{"rendered":"Lettera sul dolore"},"content":{"rendered":"<p>Carissimo,<br \/>\ngrazie per la fiducia che mi doni nel raccontarti in questo momento cos\u00ec provato per te e per la tua famiglia.<br \/>\nMi chiedi il perch\u00e9 di questa sofferenza cos\u00ec intensa, in cui non sembra baluginare alcuna speranza.<\/p>\n<p>Perch\u00e9 c\u2019\u00e8 il dolore?<\/p>\n<p>L\u2019ho chiesto a Dio e lo chiedo, non te lo nascondo, perch\u00e9 il fatto di essere suora n\u00e9 mi anestetizza dal dolore, n\u00e9 mi fa avere le risposte pronte a tutto.<\/p>\n<p>Il male \u00e8 male, e vedere soffrire una persona cara \u00e8 forse ancora pi\u00f9 doloroso che soffrire in prima persona, perch\u00e9 ti senti impotente: vorresti fare qualcosa, ma, pur arrabattandoti in tanti modi, a un certo punto capisci che c\u2019\u00e8 una soglia sulla quale devi fermarti. Io sono arrivata fin qui con i miei perch\u00e9 e mi sono balenate davanti le due alternative possibili: vivere questi fatti con rabbia, o viverli come mistero che ha un senso all\u2019interno di un disegno pi\u00f9 grande. Io sento che \u00e8 quest\u2019ultima la strada da percorrere, e mi fido e mi affido al Signore, che abita il nostro dolore, colorandolo non di rassegnazione, ma di speranza, anche se talora non \u00e8 facile\u2026<br \/>\nHo un secondo pensiero che voglio condividere con te. Ho avuto modo di sperimentare pi\u00f9 volte che la malattia, pur essendo fondamentalmente un\u2019esperienza dolorosa, ci offre tuttavia l\u2019opportunit\u00e0 di fermarci a riflettere sul senso della vita, aiutandoci a coglierla in tutto il suo spessore. Tante domande che forse non ci si farebbe mai vengono ad abitarci il cuore quando il dolore lo attraversa. Domande di cui ci sembra di poter fare a meno quando va tutto bene, ma io&nbsp;non credo che la vita sia vera e consapevole finch\u00e9 non ci si confronta con le domande ultime. Perch\u00e9 esisto? Cosa d\u00e0 senso alla mia vita? Cosa mi rende felice? Dove sto andando?\u2026 Non so tu, ma io finch\u00e9 non sono stata \u201ccostretta\u201d a fermarmi da una malattia a 20 anni, non avevo mai riflettuto su tutto ci\u00f2, e posso dirti che ringrazio tanto il Signore che attraverso quella prova mi ha dato il tempo di misurarmi con me stessa e con Lui, trovando nella malattia un antidoto, misteriosamente prezioso, contro la superficialit\u00e0, e contro il rischio di correre sempre, vedendo tutto, ma non guardando, sentendo tutto, ma non ascoltando, incontrando tanti, ma non relazionandomi veramente.<\/p>\n<p>Finisco qui. Mi rendo conto che ti ho offerto solo dei semplici pensieri e nulla pi\u00f9, scusa!<br \/>\nPorto tutto e tutti nella preghiera, con la certezza che tutto e tutti sono nel cuore di Dio.<\/p>\n","protected":false},"excerpt":{"rendered":"<p>Carissimo, grazie per la fiducia che mi doni nel raccontarti in questo momento cos\u00ec provato per te e per la tua famiglia. Mi chiedi il perch\u00e9 di questa sofferenza cos\u00ec intensa, in cui non sembra baluginare alcuna speranza. Perch\u00e9 c\u2019\u00e8 il dolore? L\u2019ho chiesto a Dio e lo chiedo, non te lo nascondo, perch\u00e9 il [&hellip;]<\/p>\n","protected":false},"author":2,"featured_media":0,"parent":879,"menu_order":3,"comment_status":"closed","ping_status":"closed","template":"","meta":{"footnotes":""},"class_list":["post-1918","page","type-page","status-publish","hentry"],"_links":{"self":[{"href":"https:\/\/chiesa.rimini.it\/clarisse\/index.php?rest_route=\/wp\/v2\/pages\/1918","targetHints":{"allow":["GET"]}}],"collection":[{"href":"https:\/\/chiesa.rimini.it\/clarisse\/index.php?rest_route=\/wp\/v2\/pages"}],"about":[{"href":"https:\/\/chiesa.rimini.it\/clarisse\/index.php?rest_route=\/wp\/v2\/types\/page"}],"author":[{"embeddable":true,"href":"https:\/\/chiesa.rimini.it\/clarisse\/index.php?rest_route=\/wp\/v2\/users\/2"}],"replies":[{"embeddable":true,"href":"https:\/\/chiesa.rimini.it\/clarisse\/index.php?rest_route=%2Fwp%2Fv2%2Fcomments&post=1918"}],"version-history":[{"count":3,"href":"https:\/\/chiesa.rimini.it\/clarisse\/index.php?rest_route=\/wp\/v2\/pages\/1918\/revisions"}],"predecessor-version":[{"id":9262,"href":"https:\/\/chiesa.rimini.it\/clarisse\/index.php?rest_route=\/wp\/v2\/pages\/1918\/revisions\/9262"}],"up":[{"embeddable":true,"href":"https:\/\/chiesa.rimini.it\/clarisse\/index.php?rest_route=\/wp\/v2\/pages\/879"}],"wp:attachment":[{"href":"https:\/\/chiesa.rimini.it\/clarisse\/index.php?rest_route=%2Fwp%2Fv2%2Fmedia&parent=1918"}],"curies":[{"name":"wp","href":"https:\/\/api.w.org\/{rel}","templated":true}]}}