{"id":2289,"date":"2012-05-06T08:56:17","date_gmt":"2012-05-06T08:56:17","guid":{"rendered":"http:\/\/www2.diocesi.rimini.it\/clarisse\/?page_id=2289"},"modified":"2021-12-04T22:12:24","modified_gmt":"2021-12-04T22:12:24","slug":"il-tuo-cuore-e-una-tazza-piena-o-vuota","status":"publish","type":"page","link":"https:\/\/chiesa.rimini.it\/clarisse\/?page_id=2289","title":{"rendered":"Il tuo cuore \u00e8 una tazza piena o vuota?"},"content":{"rendered":"<p><em>A chi si domanda come si fa capire la propria vocazione, e ha il desiderio di capirla veramente, proponiamo una parabola tratta dalla tradizione buddista.<\/em><\/p>\n<p>Un guru, nel ricevere il suo ospite, gli versava del the nella tazza e continuava a versarne, finch\u00e9 la tazza fu cos\u00ec colma che il the tracim\u00f2 oltre la tazza, oltre il piattino, e si sparse tutto sulla fine tovaglia di seta.<\/p>\n<p>L\u2019ospite lo guardava allibito e non capiva come mai il guru non si rendesse conto di una cos\u00ec grande stupidaggine.<br \/>\nAd un certo punto, esasperato, disse al guru: \u201cBasta, non vedi che la tazza \u00e8 colma e non pu\u00f2 contenere una goccia in pi\u00f9 del tuo the?\u201d<br \/>\n\u201cS\u00ec, lo vedo \u2013rispose imperturbabile il guru- ma lo sta facendo apposta, perch\u00e9 questa tazza \u00e8 come il tuo cuore: \u00e8 troppo pieno di te stesso e delle tue cose; come puoi pretendere di poter accogliere anche una sola parola di quelle che vorrei consegnarti?\u201d<\/p>\n<p><em>Forse la risposta di Dio si fa attendere, perch\u00e9 il tuo cuore \u00e8 come questa tazza di te traboccante.<\/em><\/p>\n<p><em>Sei disponibile a fargli un po\u2019 di spazio o, in fondo in fondo, ti va bene rimanere un eterno cercatore?!<\/em><\/p>\n","protected":false},"excerpt":{"rendered":"<p>A chi si domanda come si fa capire la propria vocazione, e ha il desiderio di capirla veramente, proponiamo una parabola tratta dalla tradizione buddista. Un guru, nel ricevere il suo ospite, gli versava del the nella tazza e continuava a versarne, finch\u00e9 la tazza fu cos\u00ec colma che il the tracim\u00f2 oltre la tazza, [&hellip;]<\/p>\n","protected":false},"author":2,"featured_media":0,"parent":879,"menu_order":6,"comment_status":"closed","ping_status":"closed","template":"","meta":{"footnotes":""},"class_list":["post-2289","page","type-page","status-publish","hentry"],"_links":{"self":[{"href":"https:\/\/chiesa.rimini.it\/clarisse\/index.php?rest_route=\/wp\/v2\/pages\/2289","targetHints":{"allow":["GET"]}}],"collection":[{"href":"https:\/\/chiesa.rimini.it\/clarisse\/index.php?rest_route=\/wp\/v2\/pages"}],"about":[{"href":"https:\/\/chiesa.rimini.it\/clarisse\/index.php?rest_route=\/wp\/v2\/types\/page"}],"author":[{"embeddable":true,"href":"https:\/\/chiesa.rimini.it\/clarisse\/index.php?rest_route=\/wp\/v2\/users\/2"}],"replies":[{"embeddable":true,"href":"https:\/\/chiesa.rimini.it\/clarisse\/index.php?rest_route=%2Fwp%2Fv2%2Fcomments&post=2289"}],"version-history":[{"count":4,"href":"https:\/\/chiesa.rimini.it\/clarisse\/index.php?rest_route=\/wp\/v2\/pages\/2289\/revisions"}],"predecessor-version":[{"id":9261,"href":"https:\/\/chiesa.rimini.it\/clarisse\/index.php?rest_route=\/wp\/v2\/pages\/2289\/revisions\/9261"}],"up":[{"embeddable":true,"href":"https:\/\/chiesa.rimini.it\/clarisse\/index.php?rest_route=\/wp\/v2\/pages\/879"}],"wp:attachment":[{"href":"https:\/\/chiesa.rimini.it\/clarisse\/index.php?rest_route=%2Fwp%2Fv2%2Fmedia&parent=2289"}],"curies":[{"name":"wp","href":"https:\/\/api.w.org\/{rel}","templated":true}]}}