{"id":4138,"date":"2014-12-05T19:12:25","date_gmt":"2014-12-05T19:12:25","guid":{"rendered":"http:\/\/www2.diocesi.rimini.it\/clarisse\/?page_id=4138"},"modified":"2014-12-05T19:12:54","modified_gmt":"2014-12-05T19:12:54","slug":"se-non-riuscirai-ad-essere-santo","status":"publish","type":"page","link":"https:\/\/chiesa.rimini.it\/clarisse\/?page_id=4138","title":{"rendered":"Se non riuscirai ad essere santo&#8230;"},"content":{"rendered":"<p>Udii un vecchio frate ragionevole e buono, perfetto e santo, dire: &#8220;Se sentirai la chiamata dello Spirito, ascoltala e cerca di essere santo con tutta la tua anima, con tutto il tuo cuore e con tutte le tue forze.<\/p>\n<p>Se, per\u00f2, per umana debolezza non riuscirai ad essere santo, cerca allora di essere perfetto con tutta la tua anima, con tutto il tuo cuore e con tutte le forze.<\/p>\n<p>Se, tuttavia, non riuscirai ad essere perfetto a causa della vanit\u00e0 della tua vita, cerca allora di essere buono con tutta la tua anima, con tutto il tuo cuore e con tutte le tue forze.<\/p>\n<p>Se, ancora, non riuscirai ad essere buono a causa delle insidie del Maligno, cerca allora di essere ragionevole con tutta la tua anima, con tutto il tuo cuore e con tutte le tue forze.\u00ad\u00ad<\/p>\n<p>Se, infine, non riuscirai ad essere santo, n\u00e9 perfetto, n\u00e9 buono, n\u00e9 ragionevole a causa del peso dei tuoi peccati, cerca di portare questo peso di fronte a Dio e affida la tua vita alla sua misericordia.<\/p>\n<p>Se farai questo senza amarezza, con tutta umilt\u00e0 e con giovialit\u00e0 di spirito a causa della tenerezza di Dio, che ama gli ingrati e i cattivi, allora incomincerai a capire cosa sia ragionevole, imparerai ci\u00f2 che \u00e8 buono, lentamente aspirerai ad essere perfetto, e infine anelerai ad essere santo.<\/p>\n<p>Se farai questo ogni giorno, con tutta la tua anima, con tutto il tuo cuore e con tutte le tue forze, allora non sarai lontano dal Regno di Dio!&#8221;<\/p>\n<p><em>(L. Boff)<\/em><\/p>\n<p style=\"text-align: center;\"><a href=\"http:\/\/www2.diocesi.rimini.it\/clarisse\/wp-content\/nuvola-Tau.jpg\"><img loading=\"lazy\" decoding=\"async\" class=\"aligncenter size-full wp-image-4023\" src=\"http:\/\/www2.diocesi.rimini.it\/clarisse\/wp-content\/nuvola-Tau.jpg\" alt=\"EPSON DSC picture\" width=\"460\" height=\"412\" srcset=\"https:\/\/chiesa.rimini.it\/clarisse\/wp-content\/nuvola-Tau.jpg 1711w, https:\/\/chiesa.rimini.it\/clarisse\/wp-content\/nuvola-Tau-300x268.jpg 300w, https:\/\/chiesa.rimini.it\/clarisse\/wp-content\/nuvola-Tau-1024x917.jpg 1024w\" sizes=\"auto, (max-width: 460px) 100vw, 460px\" \/><\/a><\/p>\n","protected":false},"excerpt":{"rendered":"<p>Udii un vecchio frate ragionevole e buono, perfetto e santo, dire: &#8220;Se sentirai la chiamata dello Spirito, ascoltala e cerca di essere santo con tutta la tua anima, con tutto il tuo cuore e con tutte le tue forze. Se, per\u00f2, per umana debolezza non riuscirai ad essere santo, cerca allora di essere perfetto con [&hellip;]<\/p>\n","protected":false},"author":2,"featured_media":0,"parent":879,"menu_order":10,"comment_status":"closed","ping_status":"closed","template":"","meta":{"footnotes":""},"class_list":["post-4138","page","type-page","status-publish","hentry"],"_links":{"self":[{"href":"https:\/\/chiesa.rimini.it\/clarisse\/index.php?rest_route=\/wp\/v2\/pages\/4138","targetHints":{"allow":["GET"]}}],"collection":[{"href":"https:\/\/chiesa.rimini.it\/clarisse\/index.php?rest_route=\/wp\/v2\/pages"}],"about":[{"href":"https:\/\/chiesa.rimini.it\/clarisse\/index.php?rest_route=\/wp\/v2\/types\/page"}],"author":[{"embeddable":true,"href":"https:\/\/chiesa.rimini.it\/clarisse\/index.php?rest_route=\/wp\/v2\/users\/2"}],"replies":[{"embeddable":true,"href":"https:\/\/chiesa.rimini.it\/clarisse\/index.php?rest_route=%2Fwp%2Fv2%2Fcomments&post=4138"}],"version-history":[{"count":1,"href":"https:\/\/chiesa.rimini.it\/clarisse\/index.php?rest_route=\/wp\/v2\/pages\/4138\/revisions"}],"predecessor-version":[{"id":4139,"href":"https:\/\/chiesa.rimini.it\/clarisse\/index.php?rest_route=\/wp\/v2\/pages\/4138\/revisions\/4139"}],"up":[{"embeddable":true,"href":"https:\/\/chiesa.rimini.it\/clarisse\/index.php?rest_route=\/wp\/v2\/pages\/879"}],"wp:attachment":[{"href":"https:\/\/chiesa.rimini.it\/clarisse\/index.php?rest_route=%2Fwp%2Fv2%2Fmedia&parent=4138"}],"curies":[{"name":"wp","href":"https:\/\/api.w.org\/{rel}","templated":true}]}}