{"id":8711,"date":"2021-04-20T20:35:17","date_gmt":"2021-04-20T20:35:17","guid":{"rendered":"http:\/\/www2.diocesi.rimini.it\/clarisse\/?page_id=8711"},"modified":"2021-04-20T20:40:38","modified_gmt":"2021-04-20T20:40:38","slug":"intenzioni-di-preghiera","status":"publish","type":"page","link":"https:\/\/chiesa.rimini.it\/clarisse\/?page_id=8711","title":{"rendered":"Intenzioni di preghiera"},"content":{"rendered":"\n<p><a href=\"http:\/\/www2.diocesi.rimini.it\/clarisse\/?page_id=8681\">Domenica<\/a> (per il creato)<\/p>\n\n\n\n<p><a href=\"http:\/\/www2.diocesi.rimini.it\/clarisse\/?page_id=8683\">Luned\u00ec<\/a> (per i giovani)<\/p>\n\n\n\n<p><a href=\"http:\/\/www2.diocesi.rimini.it\/clarisse\/?page_id=8685\">Marted\u00ec<\/a> (per i sofferenti)<\/p>\n\n\n\n<p><a href=\"http:\/\/www2.diocesi.rimini.it\/clarisse\/?page_id=8687\">Mercoled\u00ec<\/a> (per le famiglie)<\/p>\n\n\n\n<p><a href=\"http:\/\/www2.diocesi.rimini.it\/clarisse\/?page_id=8692\">Gioved\u00ec<\/a> (per l&#8217;unit\u00e0)<\/p>\n\n\n\n<p><a href=\"http:\/\/www2.diocesi.rimini.it\/clarisse\/?page_id=8695\">Venerd\u00ec<\/a> (per i consacrati e sacerdoti)<\/p>\n\n\n\n<p><a href=\"http:\/\/www2.diocesi.rimini.it\/clarisse\/?page_id=8697\">Sabato<\/a> (affidamento alla Vergine Maria)<\/p>\n","protected":false},"excerpt":{"rendered":"<p>Domenica (per il creato) Luned\u00ec (per i giovani) Marted\u00ec (per i sofferenti) Mercoled\u00ec (per le famiglie) Gioved\u00ec (per l&#8217;unit\u00e0) Venerd\u00ec (per i consacrati e sacerdoti) Sabato (affidamento alla Vergine Maria)<\/p>\n","protected":false},"author":2,"featured_media":0,"parent":8,"menu_order":1,"comment_status":"closed","ping_status":"closed","template":"","meta":{"footnotes":""},"class_list":["post-8711","page","type-page","status-publish","hentry"],"_links":{"self":[{"href":"https:\/\/chiesa.rimini.it\/clarisse\/index.php?rest_route=\/wp\/v2\/pages\/8711","targetHints":{"allow":["GET"]}}],"collection":[{"href":"https:\/\/chiesa.rimini.it\/clarisse\/index.php?rest_route=\/wp\/v2\/pages"}],"about":[{"href":"https:\/\/chiesa.rimini.it\/clarisse\/index.php?rest_route=\/wp\/v2\/types\/page"}],"author":[{"embeddable":true,"href":"https:\/\/chiesa.rimini.it\/clarisse\/index.php?rest_route=\/wp\/v2\/users\/2"}],"replies":[{"embeddable":true,"href":"https:\/\/chiesa.rimini.it\/clarisse\/index.php?rest_route=%2Fwp%2Fv2%2Fcomments&post=8711"}],"version-history":[{"count":8,"href":"https:\/\/chiesa.rimini.it\/clarisse\/index.php?rest_route=\/wp\/v2\/pages\/8711\/revisions"}],"predecessor-version":[{"id":8722,"href":"https:\/\/chiesa.rimini.it\/clarisse\/index.php?rest_route=\/wp\/v2\/pages\/8711\/revisions\/8722"}],"up":[{"embeddable":true,"href":"https:\/\/chiesa.rimini.it\/clarisse\/index.php?rest_route=\/wp\/v2\/pages\/8"}],"wp:attachment":[{"href":"https:\/\/chiesa.rimini.it\/clarisse\/index.php?rest_route=%2Fwp%2Fv2%2Fmedia&parent=8711"}],"curies":[{"name":"wp","href":"https:\/\/api.w.org\/{rel}","templated":true}]}}