{"id":100,"date":"2022-07-29T16:49:47","date_gmt":"2022-07-29T14:49:47","guid":{"rendered":"https:\/\/chiesa.rimini.it\/liturgia\/?page_id=100"},"modified":"2023-04-14T17:46:51","modified_gmt":"2023-04-14T15:46:51","slug":"messe-proprie-9-febbraio","status":"publish","type":"page","link":"https:\/\/chiesa.rimini.it\/liturgia\/proprio-della-chiesa-riminese\/messe-proprie-9-febbraio\/","title":{"rendered":"Messe proprie &#8211; 9 febbraio"},"content":{"rendered":"\n<div class=\"wp-block-columns is-layout-flex wp-container-core-columns-is-layout-9d6595d7 wp-block-columns-is-layout-flex\">\n<div class=\"wp-block-column is-layout-flow wp-block-column-is-layout-flow\">\n<h4 class=\"wp-block-heading has-text-color\" style=\"color:#a30202\">9 febbraio&nbsp;<\/h4>\n\n\n\n<h2 class=\"wp-block-heading has-text-color\" style=\"color:#a30202\"><strong>BEATA<\/strong><\/h2>\n\n\n\n<h2 class=\"wp-block-heading has-text-color\" style=\"color:#a30202\"><strong>CHIARA AGOLANTI&nbsp;<\/strong><\/h2>\n\n\n\n<h2 class=\"wp-block-heading has-text-color\" style=\"color:#a30202\"><strong>religiosa<\/strong><\/h2>\n\n\n\n<h4 class=\"wp-block-heading has-text-color\" style=\"color:#a30202\">MEMORIA<\/h4>\n<\/div>\n\n\n\n<div class=\"wp-block-column is-layout-flow wp-block-column-is-layout-flow\">\n<figure class=\"wp-block-image size-full\"><img loading=\"lazy\" decoding=\"async\" width=\"397\" height=\"480\" src=\"https:\/\/chiesa.rimini.it\/liturgia\/wp-content\/uploads\/proprio9feb.png\" alt=\"\" class=\"wp-image-396\" srcset=\"https:\/\/chiesa.rimini.it\/liturgia\/wp-content\/uploads\/proprio9feb.png 397w, https:\/\/chiesa.rimini.it\/liturgia\/wp-content\/uploads\/proprio9feb-248x300.png 248w\" sizes=\"auto, (max-width: 397px) 100vw, 397px\" \/><\/figure>\n<\/div>\n<\/div>\n\n\n\n<p class=\"has-drop-cap\"><em>Chiara Agolanti nacque a Rimini nel 1280 in una famiglia molto ricca. Dopo una giovinezza dissipata, segnata anche da molteplici scandali, Chiara si convert\u00ec ed intraprese una vita di carit\u00e0 e di penitenza. Alla morte del secondo marito intensific\u00f2 le sue penitenze fino alla decisione di formare una comunit\u00e0 di vita claustrale, secondo la regola di Chiara di Assisi, con alcune donne che nel frattempo si erano unite a lei. Durante questo ultimo periodo della sua vita il Signore le fece dono di elevatissime grazie spirituali. Chiara Agolanti mor\u00ec il 10 febbraio 1326. Gode del culto di Beata per antica tradizione.&nbsp;<\/em><\/p>\n\n\n\n<hr class=\"wp-block-separator has-alpha-channel-opacity\"\/>\n\n\n\n<p>Dal Comune dei santi e delle sante: per i religiosi.&nbsp;<\/p>\n\n\n\n<p class=\"has-black-color has-text-color\"><strong>COLLETTA&nbsp;<\/strong><\/p>\n\n\n\n<p>O Padre, fonte di ogni bene,\u00a0che hai chiamato la beata Chiara\u00a0dalle seduzioni del mondo alla sapienza della Croce,\u00a0concedi anche a noi di seguire Cristo povero e umile\u00a0per testimoniare la sua vittoria\u00a0sul peccato e sulla morte.\u00a0Egli \u00e8 Dio, e vive e regna con te,\u00a0nell&#8217;unit\u00e0 dello Spirito Santo,\u00a0per tutti i secoli dei secoli.\u00a0<\/p>\n\n\n\n<div style=\"height:40px\" aria-hidden=\"true\" class=\"wp-block-spacer\"><\/div>\n\n\n\n<p class=\"has-small-font-size\"> <strong>PRIMA LETTURA<\/strong>&nbsp;<\/p>\n\n\n\n<p><em>Il mondo per me \u00e8 stato crocifisso come io per il mondo<\/em><em>&nbsp;<\/em><\/p>\n\n\n\n<p>Dalla lettera di san Paolo apostolo ai G\u00e0lati&nbsp;<\/p>\n\n\n\n<p class=\"has-text-align-right\">6. 14-16&nbsp;<\/p>\n\n\n\n<p>Fratelli, quanto a me non ci sia altro vanto che nella croce del Signore nostro Ges\u00f9 Cristo, per mezzo della quale il mondo per me \u00e8 stato crocifisso, come io per il mondo.&nbsp;<\/p>\n\n\n\n<p>Non \u00e8 infatti la circoncisione che conta, n\u00e9 la non circoncisione, ma l&#8217;essere nuova creatura. E su quanti seguiranno questa norma sia pace e misericordia, come su tutto l&#8217;Israele di Dio.&nbsp;<\/p>\n\n\n\n<p>Parola di Dio.\u00a0<\/p>\n\n\n\n<div style=\"height:40px\" aria-hidden=\"true\" class=\"wp-block-spacer\"><\/div>\n\n\n\n<p class=\"has-black-color has-text-color\"><strong>SALMO RESPONSORIALE&nbsp;<\/strong><\/p>\n\n\n\n<p class=\"has-text-align-right\">Dal Salmo 33<\/p>\n\n\n\n<p>R.\u00a0Benedetto il Signore, gloria dei suoi santi.\u00a0<\/p>\n\n\n\n<div style=\"height:40px\" aria-hidden=\"true\" class=\"wp-block-spacer\"><\/div>\n\n\n\n<p>Benedir\u00f2 il Signore in ogni tempo,\u00a0<\/p>\n\n\n\n<p>sulla mia bocca sempre la sua lode.&nbsp;<\/p>\n\n\n\n<p>lo mi glorio nel Signore,&nbsp;<\/p>\n\n\n\n<p>ascoltino gli umili e si rallegrino.\u00a0<\/p>\n\n\n\n<div style=\"height:40px\" aria-hidden=\"true\" class=\"wp-block-spacer\"><\/div>\n\n\n\n<p>Celebrate con me il Signore,&nbsp;<\/p>\n\n\n\n<p>esaltiamo insieme il suo nome.&nbsp;<\/p>\n\n\n\n<p>Ho cercato il Signore e mi ha risposto&nbsp;<\/p>\n\n\n\n<p>e da ogni timore mi ha liberato<\/p>\n\n\n\n<div style=\"height:40px\" aria-hidden=\"true\" class=\"wp-block-spacer\"><\/div>\n\n\n\n<p>Guardate a lui e sarete raggianti,&nbsp;<\/p>\n\n\n\n<p>non saranno confusi i vostri volti.&nbsp;<\/p>\n\n\n\n<p>Questo povero grida e il Signore lo ascolta,&nbsp;<\/p>\n\n\n\n<p>lo libera da tutte le sue angosce.&nbsp;<\/p>\n\n\n\n<div style=\"height:40px\" aria-hidden=\"true\" class=\"wp-block-spacer\"><\/div>\n\n\n\n<p>L&#8217;angelo del Signore si accampa&nbsp;<\/p>\n\n\n\n<p>attorno a quelli che lo temono e li salva.&nbsp;<\/p>\n\n\n\n<p>Gustate e vedete quanto \u00e8 buono il Signore;&nbsp;<\/p>\n\n\n\n<p>beato l&#8217;uomo che in lui si rifugia.&nbsp;<\/p>\n\n\n\n<div style=\"height:40px\" aria-hidden=\"true\" class=\"wp-block-spacer\"><\/div>\n\n\n\n<p>Temete il Signore, suoi santi,&nbsp;<\/p>\n\n\n\n<p>nulla manca a coloro che lo temono.&nbsp;<\/p>\n\n\n\n<p>I ricchi impoveriscono e hanno fame,&nbsp;<\/p>\n\n\n\n<p>ma chi cerca il Signore non manca di nulla.\u00a0<\/p>\n\n\n\n<div style=\"height:40px\" aria-hidden=\"true\" class=\"wp-block-spacer\"><\/div>\n\n\n\n<p> <strong>CANTO AL VANGELO<\/strong><\/p>\n\n\n\n<p class=\"has-text-align-right\">Cfr. Mt 19,27.29<\/p>\n\n\n\n<p>R.&nbsp;Alleluia, alleluia.<\/p>\n\n\n\n<p>Voi che avete lasciato tutto per il vangelo, riceverete cento volte tanto, dice il Signore, e in eredit\u00e0 il regno dei cieli.<\/p>\n\n\n\n<p>R.\u00a0Alleluia.<\/p>\n\n\n\n<div style=\"height:40px\" aria-hidden=\"true\" class=\"wp-block-spacer\"><\/div>\n\n\n\n<p>V<strong>ANGELO<\/strong><\/p>\n\n\n\n<p><em>Vende tutti i suoi averi e compra quel campo<\/em><\/p>\n\n\n\n<p>Dal vangelo secondo Matteo<\/p>\n\n\n\n<p class=\"has-text-align-right\">13,44-46<\/p>\n\n\n\n<p>In quel tempo, Ges\u00f9 disse alla folla: \u00abIl regno dei cieli \u00e8 simile a un tesoro nascosto in un campo; un uomo lo trova e lo nasconde di nuovo, poi va, pieno di gioia, e vende tutti i suoi averi e compra quel campo.<\/p>\n\n\n\n<p>Il regno dei cieli \u00e8 simile a un mercante che va in cerca di perle preziose;&nbsp;trovata una perla di grande valore, va, vende tutti i suoi averi e la compra\u00bb.<\/p>\n\n\n\n<p>Parola del Signore.<\/p>\n","protected":false},"excerpt":{"rendered":"<p>9 febbraio&nbsp; BEATA CHIARA AGOLANTI&nbsp; religiosa MEMORIA Chiara Agolanti nacque a Rimini nel 1280 in una famiglia molto ricca. Dopo una giovinezza dissipata, segnata anche da molteplici scandali,&#8230;<\/p>\n","protected":false},"author":2,"featured_media":0,"parent":40,"menu_order":0,"comment_status":"closed","ping_status":"closed","template":"","meta":{"footnotes":""},"class_list":["post-100","page","type-page","status-publish","hentry"],"_links":{"self":[{"href":"https:\/\/chiesa.rimini.it\/liturgia\/wp-json\/wp\/v2\/pages\/100","targetHints":{"allow":["GET"]}}],"collection":[{"href":"https:\/\/chiesa.rimini.it\/liturgia\/wp-json\/wp\/v2\/pages"}],"about":[{"href":"https:\/\/chiesa.rimini.it\/liturgia\/wp-json\/wp\/v2\/types\/page"}],"author":[{"embeddable":true,"href":"https:\/\/chiesa.rimini.it\/liturgia\/wp-json\/wp\/v2\/users\/2"}],"replies":[{"embeddable":true,"href":"https:\/\/chiesa.rimini.it\/liturgia\/wp-json\/wp\/v2\/comments?post=100"}],"version-history":[{"count":16,"href":"https:\/\/chiesa.rimini.it\/liturgia\/wp-json\/wp\/v2\/pages\/100\/revisions"}],"predecessor-version":[{"id":494,"href":"https:\/\/chiesa.rimini.it\/liturgia\/wp-json\/wp\/v2\/pages\/100\/revisions\/494"}],"up":[{"embeddable":true,"href":"https:\/\/chiesa.rimini.it\/liturgia\/wp-json\/wp\/v2\/pages\/40"}],"wp:attachment":[{"href":"https:\/\/chiesa.rimini.it\/liturgia\/wp-json\/wp\/v2\/media?parent=100"}],"curies":[{"name":"wp","href":"https:\/\/api.w.org\/{rel}","templated":true}]}}