{"id":151,"date":"2022-08-05T15:42:11","date_gmt":"2022-08-05T13:42:11","guid":{"rendered":"https:\/\/chiesa.rimini.it\/liturgia\/?page_id=151"},"modified":"2023-04-14T17:56:24","modified_gmt":"2023-04-14T15:56:24","slug":"messe-proprie-2-maggio","status":"publish","type":"page","link":"https:\/\/chiesa.rimini.it\/liturgia\/proprio-della-chiesa-riminese\/messe-proprie-2-maggio\/","title":{"rendered":"Messe proprie &#8211; 4 maggio"},"content":{"rendered":"\n<div class=\"wp-block-columns is-layout-flex wp-container-core-columns-is-layout-9d6595d7 wp-block-columns-is-layout-flex\">\n<div class=\"wp-block-column is-layout-flow wp-block-column-is-layout-flow\">\n<h4 class=\"wp-block-heading has-text-color\" style=\"color:#a30202\">4 maggio&nbsp;<\/h4>\n\n\n\n<h2 class=\"wp-block-heading has-text-color\" style=\"color:#a30202\">BEATA<\/h2>\n\n\n\n<h2 class=\"wp-block-heading has-text-color\" style=\"color:#a30202\">SANDRA SABATTINI&nbsp;<\/h2>\n\n\n\n<h4 class=\"wp-block-heading has-text-color\" style=\"color:#a30202\">Memoria facoltativa&nbsp;<\/h4>\n<\/div>\n\n\n\n<div class=\"wp-block-column is-layout-flow wp-block-column-is-layout-flow\">\n<figure class=\"wp-block-image size-full\"><img loading=\"lazy\" decoding=\"async\" width=\"500\" height=\"423\" src=\"https:\/\/chiesa.rimini.it\/liturgia\/wp-content\/uploads\/proprio4mag-3.png\" alt=\"\" class=\"wp-image-414\" srcset=\"https:\/\/chiesa.rimini.it\/liturgia\/wp-content\/uploads\/proprio4mag-3.png 500w, https:\/\/chiesa.rimini.it\/liturgia\/wp-content\/uploads\/proprio4mag-3-300x254.png 300w\" sizes=\"auto, (max-width: 500px) 100vw, 500px\" \/><\/figure>\n<\/div>\n<\/div>\n\n\n\n<p class=\"has-drop-cap\"><em>Nacque a Riccione (RN) ii 19 agosto 1961. Nel 1974 cominci\u00f2 a frequentare la Comunit\u00e0 Papa GiovanniXX111, fondata da don Oreste Benzi. Nel 1980, ottenuto il diploma di maturit\u00e0 scientifica, s&#8217;iscrisse alla facolt\u00e0 di medicina con l&#8217;aspirazione di essere medico missionario in Africa. Profondamente radicata nella fede, impegnava il tempo libero nell&#8217;aiuto ai disabili e al recupero dei tossicodipendenti. I n quel periodo inizi\u00f2 una relazione sentimentale con un ragazzo, con il quale condivideva la partecipazione alla Comunit\u00e0 e i progetti per il futuro. Il 29 aprile 1984, mentre si recava a un incontro della Comunit\u00e0, fu coinvolta in un&#8217;incidente stradale; mor\u00ec il 2 maggio 1984. Papa Francesco ii z ottobre 2019 ne ha decretato la Beatificazione, avvenuta in Rimini il 24 ottobre 2021.&nbsp;<\/em><\/p>\n\n\n\n<hr class=\"wp-block-separator has-alpha-channel-opacity\"\/>\n\n\n\n<p>Dal Comune dei santi e delle sante: per gli operatori&nbsp;di misericordia, oppure: per le sante.&nbsp;<\/p>\n\n\n\n<p><strong>COLLETTA\u00a0<\/strong><\/p>\n\n\n\n<p>O Dio, amante della vita,&nbsp;che hai reso un\u2019offerta pura, a te gradita,&nbsp;la giovane esistenza della beata Sandra,&nbsp;sul suo esempio rendici attenti ai bisogni dei sofferenti,&nbsp;perch\u00e9 anche la nostra vita risplenda&nbsp;per la luce della fede e la gioia del Vangelo.&nbsp;Per il nostro Signore Ges\u00f9 Cristo, tuo Figlio, che \u00e8 Dio,&nbsp;e vive e regna con te, nell&#8217;unit\u00e0 dello Spirito Santo,&nbsp;per tutti i secoli dei secoli. Amen.&nbsp;<\/p>\n\n\n\n<p>Dal Comune delle sante, eccetto quanto segue:\u00a0<\/p>\n\n\n\n<div style=\"height:40px\" aria-hidden=\"true\" class=\"wp-block-spacer\"><\/div>\n\n\n\n<p><strong>UFFICIO DELLE LETTURE<\/strong><\/p>\n\n\n\n<p><strong>SECONDA LETTURA<\/strong><\/p>\n\n\n\n<p>Dal \u00abDiario\u00bb della beata Sandra Sabattini&nbsp;<\/p>\n\n\n\n<p>(SANDRA SABATIINI,&nbsp;<em>Diario di Sandra, a cura di<\/em>&nbsp;NICOLETTA PASQUALINI&nbsp;<\/p>\n\n\n\n<p>ed. Sempre Comunicazione 2018, pp. 18-39.55-57.93-94.104)&nbsp;<\/p>\n\n\n\n<p class=\"has-text-align-left\"><em>Non sono io che cerco Dio, ma \u00e8 Dio che cerca me\u00a0<\/em><\/p>\n\n\n\n<p>Non sono io che cerco Dio, ma \u00e8 Dio che cerca me. Non c&#8217;\u00e8 bisogno che io cerchi chiss\u00e0 quali argomentazioni per avvicinarmi a Dio: le parole prima o poi finiscono e ti accorgi allora che non rimane che la contemplazione, l&#8217;adorazione, l&#8217;aspettare che lui ti faccia capire ci\u00f2 che vuole da te. Mettermi in adorazione significa per me umilt\u00e0, significa perdere il mio falso orgoglio, perdere il senso di autonomia, riconoscermi finita, limitata, di fronte a un Infinito, a un Giusto, a un Buono. Sento la contemplazione necessaria al mio incontro con Cristo povero.&nbsp;Per fare una vita: base fondamentale \u00e8 fare una unit\u00e0 di esistenza col Cristo. Cio\u00e8 vedendo una persona non vedo quella persona, ma il Cristo. Voglio portare la salvezza, cio\u00e8 Cristo. Il mio modo di esistere lo prendo da Cristo. Quando non scelgo secondo Cristo, lui per me non esiste. Un&#8217;unit\u00e0 di esistenza quando vedo come lui, penso come lui. Prima o poi ci si deve scontrare con Cristo. Se non faccio una ora di preghiera al giorno non mi ricordo neanche di essere cristiana. Se io voglio approfondire la mia conoscenza con una persona devo stare con lui, cio\u00e8 con Cristo.&nbsp;La mia gioia \u00e8 stare con te nei poveri perch\u00e9 \u00e8 questa, son sicura, la mia vocazione.&nbsp;Adesso sento una grande gioia, una grande voglia di camminare su questa strada, ma quando l&#8217;impeto iniziale se ne andr\u00e0, sar\u00e0 una gara dura. \u00c8 per questo che \u00e8 necessaria la preghiera, perch\u00e9 solo se la mia fede sar\u00e0 veramente vera riuscir\u00f2 a portare a termine quello che Tu vuoi da me, quello a cui Tu mi hai chiamato.&nbsp;Se tu credi veramente in Cristo e questo ti rende felice, perch\u00e9 non vuoi far partecipare a ci\u00f2 anche gli altri? lo sento che non posso obbligare gli altri a pensarla come me, non posso ridurli al mio modo di pensare, anche se credo che esso sia giusto. Posso solo far conoscere loro la mia gioia, saranno poi loro a scegliere, a pensare con la propria mente.&nbsp;Dunque ora si tratta di una cosa sola scegliere Ma cosa? Dire s\u00ec Signore, scelgo i pi\u00f9 poveri; ora \u00e8 troppo&nbsp;facile, non serve a niente se poi quando esco \u00e8 tutto come prima. No, dico: scelgo te e basta.&nbsp;Grazie Signore, perch\u00e9 dalla vita finora ho ricevuto cose belle, ho tutto, ma sopra ogni cosa ti ringrazio perch\u00e9 ti sei svelato a me, perch\u00e9 io ti ho conosciuto.&nbsp;E se non ti conoscessi neanche il mio solo respirare&nbsp;avrebbe un senso.&nbsp;Tre cose ti chiedo ogni giorno; di vederti pi\u00f9 chiaro, di&nbsp;amarti pi\u00f9 profondamente, di servirti pi\u00f9 da vicino.&nbsp;<\/p>\n\n\n\n<p class=\"has-text-align-right\">Ef. 5,8-9; Mt. 5,14.16&nbsp;<\/p>\n\n\n\n<div style=\"height:40px\" aria-hidden=\"true\" class=\"wp-block-spacer\"><\/div>\n\n\n\n<p><strong>RESPONSORIO<\/strong>\u00a0<\/p>\n\n\n\n<p>R.&nbsp;Voi siete nel Signore: comportatevi come i figli della luce. Frutto della luce \u00e8 ogni bont\u00e0, giustizia e verit\u00e0,&nbsp;alleluia,&nbsp;<\/p>\n\n\n\n<p>V.&nbsp;Voi siete la luce del mondo: risplenda la vostra luce&nbsp;davanti agli uomini.&nbsp;<\/p>\n\n\n\n<p>R.&nbsp;Frutto della luce \u00e8 ogni cosa buona, giusta e vera,&nbsp;alleluia.&nbsp;<\/p>\n\n\n\n<div style=\"height:40px\" aria-hidden=\"true\" class=\"wp-block-spacer\"><\/div>\n\n\n\n<p><strong>ORAZIONE\u00a0<\/strong><\/p>\n\n\n\n<p>O Dio, amante della vita, che hai reso un\u2019offerta pura, a te gradita, la giovane esistenza della beata Sandra, sul suo esempio rendici attenti ai bisogni dei sofferenti, perch\u00e9 anche la nostra vita risplenda per la luce della fede e la gioia del Vangelo. Per il nostro Signore.&nbsp;<\/p>\n","protected":false},"excerpt":{"rendered":"<p>4 maggio&nbsp; BEATA SANDRA SABATTINI&nbsp; Memoria facoltativa&nbsp; Nacque a Riccione (RN) ii 19 agosto 1961. Nel 1974 cominci\u00f2 a frequentare la Comunit\u00e0 Papa GiovanniXX111, fondata da don Oreste&#8230;<\/p>\n","protected":false},"author":2,"featured_media":0,"parent":40,"menu_order":0,"comment_status":"closed","ping_status":"closed","template":"","meta":{"footnotes":""},"class_list":["post-151","page","type-page","status-publish","hentry"],"_links":{"self":[{"href":"https:\/\/chiesa.rimini.it\/liturgia\/wp-json\/wp\/v2\/pages\/151","targetHints":{"allow":["GET"]}}],"collection":[{"href":"https:\/\/chiesa.rimini.it\/liturgia\/wp-json\/wp\/v2\/pages"}],"about":[{"href":"https:\/\/chiesa.rimini.it\/liturgia\/wp-json\/wp\/v2\/types\/page"}],"author":[{"embeddable":true,"href":"https:\/\/chiesa.rimini.it\/liturgia\/wp-json\/wp\/v2\/users\/2"}],"replies":[{"embeddable":true,"href":"https:\/\/chiesa.rimini.it\/liturgia\/wp-json\/wp\/v2\/comments?post=151"}],"version-history":[{"count":7,"href":"https:\/\/chiesa.rimini.it\/liturgia\/wp-json\/wp\/v2\/pages\/151\/revisions"}],"predecessor-version":[{"id":498,"href":"https:\/\/chiesa.rimini.it\/liturgia\/wp-json\/wp\/v2\/pages\/151\/revisions\/498"}],"up":[{"embeddable":true,"href":"https:\/\/chiesa.rimini.it\/liturgia\/wp-json\/wp\/v2\/pages\/40"}],"wp:attachment":[{"href":"https:\/\/chiesa.rimini.it\/liturgia\/wp-json\/wp\/v2\/media?parent=151"}],"curies":[{"name":"wp","href":"https:\/\/api.w.org\/{rel}","templated":true}]}}