{"id":153,"date":"2022-08-05T15:42:42","date_gmt":"2022-08-05T13:42:42","guid":{"rendered":"https:\/\/chiesa.rimini.it\/liturgia\/?page_id=153"},"modified":"2023-04-14T17:59:16","modified_gmt":"2023-04-14T15:59:16","slug":"messe-proprie-8-maggio","status":"publish","type":"page","link":"https:\/\/chiesa.rimini.it\/liturgia\/proprio-della-chiesa-riminese\/messe-proprie-8-maggio\/","title":{"rendered":"Messe proprie &#8211; 8 maggio"},"content":{"rendered":"\n<div class=\"wp-block-columns is-layout-flex wp-container-core-columns-is-layout-9d6595d7 wp-block-columns-is-layout-flex\">\n<div class=\"wp-block-column is-layout-flow wp-block-column-is-layout-flow\">\n<h4 class=\"wp-block-heading has-text-color\" style=\"color:#a30202\">8 maggio<\/h4>\n\n\n\n<h2 class=\"wp-block-heading has-text-color\" style=\"color:#a30202\"><strong>BEATO<\/strong><\/h2>\n\n\n\n<h2 class=\"wp-block-heading has-text-color\" style=\"color:#a30202\"><strong>AMATO RONCONI&nbsp;<\/strong><\/h2>\n\n\n\n<h2 class=\"wp-block-heading has-text-color\" style=\"color:#a30202\"><strong>religioso<\/strong><\/h2>\n\n\n\n<h4 class=\"wp-block-heading has-text-color\" style=\"color:#a30202\">MEMORIA&nbsp;<\/h4>\n<\/div>\n\n\n\n<div class=\"wp-block-column is-layout-flow wp-block-column-is-layout-flow\">\n<figure class=\"wp-block-image size-full\"><img loading=\"lazy\" decoding=\"async\" width=\"394\" height=\"496\" src=\"https:\/\/chiesa.rimini.it\/liturgia\/wp-content\/uploads\/proprio8mag.png\" alt=\"\" class=\"wp-image-385\" srcset=\"https:\/\/chiesa.rimini.it\/liturgia\/wp-content\/uploads\/proprio8mag.png 394w, https:\/\/chiesa.rimini.it\/liturgia\/wp-content\/uploads\/proprio8mag-238x300.png 238w\" sizes=\"auto, (max-width: 394px) 100vw, 394px\" \/><\/figure>\n<\/div>\n<\/div>\n\n\n\n<p class=\"has-drop-cap\"><em>Amato Ronconi nacque a Saludecio da una ricca famiglia verso il 1225. Rimasto presto orfano, trascorse la sua giovinezza con la famiglia del fratello Giacomo. Deciso a vivere secondo il Vangelo si dedic\u00f2 in un primo tempo all&#8217;accoglienza dei poveri e dei pellegrini costruendo per loro un ospizio sul Monte Orciale. Donate poi tutte le sue sostanze ai poveri si ritir\u00f2 ad una vita di rigorosissima penitenza. Comp\u00ec ben quattro pellegrinaggi alla tomba dell&#8217;apostolo Giacomo a Compostella. Mor\u00ec nel 1292 all&#8217;et\u00e0 di sessanta sei anni. Papa Pio VI ne conferm\u00f2 il culto nel 1776.&nbsp;<\/em><\/p>\n\n\n\n<hr class=\"wp-block-separator has-alpha-channel-opacity\"\/>\n\n\n\n<p>Dal Comune dei santi e delle sante: per i religiosi.&nbsp;<\/p>\n\n\n\n<p><strong>COLLETTA\u00a0<\/strong><\/p>\n\n\n\n<p>O Dio onnipotente e misericordioso,\u00a0che hai suscitato nella tua Chiesa il beato Amato,\u00a0mirabile per la vita penitente e per la dedizione ai poveri,\u00a0fa&#8217; che imitando il suo esempio sulla terra\u00a0condividiamo la sua gloria in cielo.\u00a0Per il nostro Signore Ges\u00f9 Cristo, tuo Figlio, che \u00e8 Dio,\u00a0e vive e regna con te, nell&#8217;unit\u00e0 dello Spirito Santo,\u00a0per tutti i secoli dei secoli.\u00a0<\/p>\n\n\n\n<div style=\"height:40px\" aria-hidden=\"true\" class=\"wp-block-spacer\"><\/div>\n\n\n\n<p><strong>PRIMA LETTURA<\/strong>\u00a0<\/p>\n\n\n\n<p><em>A colui che ha sete dar\u00f2 acqua della fonte della vita.<\/em><em>&nbsp;<\/em><\/p>\n\n\n\n<p>Dal libro dell&#8217;Apocalisse di san Giovanni apostolo&nbsp;<\/p>\n\n\n\n<p class=\"has-text-align-right\">21,5-7&nbsp;<\/p>\n\n\n\n<p>Colui che sedeva sul trono disse: \u00abEcco, io faccio nuove tutte le cose\u00bb; e soggiunse: \u00abScrivi, perch\u00e9 queste parole sono certe e veraci.&nbsp;<\/p>\n\n\n\n<p>Ecco sono compiute!&nbsp;Io sono l&#8217;Alfa e l&#8217;Omega, il Principio e la Fine.&nbsp;<\/p>\n\n\n\n<p>A colui che ha sete dar\u00f2 gratuitamente&nbsp;acqua della fonte della vita.&nbsp;<\/p>\n\n\n\n<p>Chi sar\u00e0 vittorioso&nbsp;erediter\u00e0 questi beni;&nbsp;<\/p>\n\n\n\n<p>io sar\u00f2 il suo Dio&nbsp;ed egli sar\u00e0 mio figlio\u00bb.&nbsp;<\/p>\n\n\n\n<p>Parola di Dio\u00a0<\/p>\n\n\n\n<div style=\"height:40px\" aria-hidden=\"true\" class=\"wp-block-spacer\"><\/div>\n\n\n\n<p>LEZIONARIO 49&nbsp;<\/p>\n\n\n\n<p><strong>SALMO RESPONSORIALE\u00a0<\/strong><\/p>\n\n\n\n<p class=\"has-text-align-right\">Dal Salmo 15&nbsp;<\/p>\n\n\n\n<p>R.\u00a0Sei tu, Signore, l&#8217;unico mio bene.\u00a0<\/p>\n\n\n\n<div style=\"height:40px\" aria-hidden=\"true\" class=\"wp-block-spacer\"><\/div>\n\n\n\n<p>Proteggimi, o Dio: in te mi rifugio.&nbsp;<\/p>\n\n\n\n<p>Ho detto a Dio: \u00abSei tu il mio Signore,&nbsp;<\/p>\n\n\n\n<p>senza di te non ho alcun bene\u00bb.&nbsp;<\/p>\n\n\n\n<p>Signore \u00e8 mia parte di eredit\u00e0 e mio calice:&nbsp;<\/p>\n\n\n\n<p>nelle tue mani \u00e8 la mia vita.\u00a0<\/p>\n\n\n\n<div style=\"height:40px\" aria-hidden=\"true\" class=\"wp-block-spacer\"><\/div>\n\n\n\n<p>Benedico il Signore che mi ha dato consiglio;&nbsp;<\/p>\n\n\n\n<p>anche di notte il mio cuore mi istruisce.&nbsp;<\/p>\n\n\n\n<p>o pongo sempre innanzi a me il Signore,&nbsp;<\/p>\n\n\n\n<p>sta alla mia destra, non posso vacillare.<\/p>\n\n\n\n<div style=\"height:40px\" aria-hidden=\"true\" class=\"wp-block-spacer\"><\/div>\n\n\n\n<p> Mi indicherai il sentiero della vita,\u00a0<\/p>\n\n\n\n<p>gioia piena nella tua presenza,&nbsp;<\/p>\n\n\n\n<p>dolcezza senza fine alla tua destra.&nbsp;<\/p>\n\n\n\n<div style=\"height:40px\" aria-hidden=\"true\" class=\"wp-block-spacer\"><\/div>\n\n\n\n<p><strong>CANTO AL VANGELO\u00a0<\/strong><\/p>\n\n\n\n<p class=\"has-text-align-right\">Cfr. Mt 25,40&nbsp;<\/p>\n\n\n\n<p>R.&nbsp;Alleuia, alleluia.&nbsp;<\/p>\n\n\n\n<p>Tutto quello che avete fatto&nbsp;ai miei fratelli pi\u00f9 piccoli,l&#8217;avete fatto a me.&nbsp;<\/p>\n\n\n\n<p>R.&nbsp;Alleuia.&nbsp;<\/p>\n\n\n\n<div style=\"height:40px\" aria-hidden=\"true\" class=\"wp-block-spacer\"><\/div>\n\n\n\n<p><strong>VANGELO\u00a0<\/strong><\/p>\n\n\n\n<p><em>Ogni volta che avete fatto qualcosa a uno di questi miei fratelli pi\u00f9 piccoli, l&#8217;avete fatto a me.&nbsp;<\/em><\/p>\n\n\n\n<p>Dal vangelo secondo Matteo<\/p>\n\n\n\n<p class=\"has-text-align-right\">Cfr 25,31-46<\/p>\n\n\n\n<p>In quel tempo, Ges\u00f9 disse ai suoi discepoli: \u00abQuando il Figlio dell&#8217;uomo verr\u00e0 nella sua gloria con tutti i suoi angeli, si sieder\u00e0 sul trono della sua gloria. E saranno riunite davanti a lui tutte le genti, ed egli separer\u00e0 gli uni dagli altri, come il pastore separa le pecore dai capri, e porr\u00e0 le pecore alla sua destra e i capri alla sinistra.&nbsp;<\/p>\n\n\n\n<p>Allora il re dir\u00e0 a quelli che stanno alla sua destra: Venite, benedetti del Padre mio, ricevete in eredit\u00e0 il regno preparato per voi fin dalla fondazione del mondo. Perch\u00e9 io ho avuto fame e mi avete dato da mangiare, ho avuto sete e mi avete dato da bere; ero forestiero e mi avete ospitato, nudo e mi avete vestito, malato e mi avete visitato, carcerato e siete venuti a trovarmi. Allora i giusti gli risponderanno: Signore, quando mai ti abbiamo veduto affamato e ti abbiamo dato da mangiare, assetato e ti abbiamo dato da bere? Quando ti abbiamo visto forestiero e ti abbiamo ospitato, o nudo e ti abbiamo vestito? E quando ti abbiamo visto ammalato o in carcere e siamo venuti a visitarti?&nbsp;<\/p>\n\n\n\n<p>Rispondendo, il re dir\u00e0 loro: In verit\u00e0 vi dico: ogni volta che avete fatto queste cose a uno solo di questi miei fratelli pi\u00f9 piccoli, l&#8217;avete fatto a me. Poi dir\u00e0 a quelli alla sua sinistra: Via, lontano da me, maledetti, nel fuoco eterno, preparato per il diavolo e per i suoi angeli. Perch\u00e9 ho avuto fame e non mi avete dato da mangiare; ho avuto sete e non mi avete dato da bere; ero forestiero e non mi avete ospitato, nudo e non mi avete vestito, malato e in carcere e non mi avete visitato.&nbsp;<\/p>\n\n\n\n<p>Anch&#8217;essi allora risponderanno: Signore, quando mai ti abbiamo visto affamato o assetato o forestiero o nudo o malato o in carcere e&nbsp;ti abbiamo assistito? Ma egli risponder\u00e0: In verit\u00e0 vi dico: ogni che non avete fatto queste cose a uno di questi miei fratelli pi\u00f9 piccoli, non l&#8217;avete fatto a me. E se ne andranno, questi al supplizio o, e i giusti alla vita eterna\u00bb.&nbsp;<\/p>\n\n\n\n<p>Parola del Signore.&nbsp;<\/p>\n","protected":false},"excerpt":{"rendered":"<p>8 maggio BEATO AMATO RONCONI&nbsp; religioso MEMORIA&nbsp; Amato Ronconi nacque a Saludecio da una ricca famiglia verso il 1225. Rimasto presto orfano, trascorse la sua giovinezza con la&#8230;<\/p>\n","protected":false},"author":2,"featured_media":0,"parent":40,"menu_order":0,"comment_status":"closed","ping_status":"closed","template":"","meta":{"footnotes":""},"class_list":["post-153","page","type-page","status-publish","hentry"],"_links":{"self":[{"href":"https:\/\/chiesa.rimini.it\/liturgia\/wp-json\/wp\/v2\/pages\/153","targetHints":{"allow":["GET"]}}],"collection":[{"href":"https:\/\/chiesa.rimini.it\/liturgia\/wp-json\/wp\/v2\/pages"}],"about":[{"href":"https:\/\/chiesa.rimini.it\/liturgia\/wp-json\/wp\/v2\/types\/page"}],"author":[{"embeddable":true,"href":"https:\/\/chiesa.rimini.it\/liturgia\/wp-json\/wp\/v2\/users\/2"}],"replies":[{"embeddable":true,"href":"https:\/\/chiesa.rimini.it\/liturgia\/wp-json\/wp\/v2\/comments?post=153"}],"version-history":[{"count":6,"href":"https:\/\/chiesa.rimini.it\/liturgia\/wp-json\/wp\/v2\/pages\/153\/revisions"}],"predecessor-version":[{"id":500,"href":"https:\/\/chiesa.rimini.it\/liturgia\/wp-json\/wp\/v2\/pages\/153\/revisions\/500"}],"up":[{"embeddable":true,"href":"https:\/\/chiesa.rimini.it\/liturgia\/wp-json\/wp\/v2\/pages\/40"}],"wp:attachment":[{"href":"https:\/\/chiesa.rimini.it\/liturgia\/wp-json\/wp\/v2\/media?parent=153"}],"curies":[{"name":"wp","href":"https:\/\/api.w.org\/{rel}","templated":true}]}}