{"id":155,"date":"2022-08-05T15:43:16","date_gmt":"2022-08-05T13:43:16","guid":{"rendered":"https:\/\/chiesa.rimini.it\/liturgia\/?page_id=155"},"modified":"2023-04-14T18:00:13","modified_gmt":"2023-04-14T16:00:13","slug":"messe-proprie-11-maggio","status":"publish","type":"page","link":"https:\/\/chiesa.rimini.it\/liturgia\/proprio-della-chiesa-riminese\/messe-proprie-11-maggio\/","title":{"rendered":"Messe proprie &#8211; 11 maggio"},"content":{"rendered":"\n<div class=\"wp-block-columns is-layout-flex wp-container-core-columns-is-layout-9d6595d7 wp-block-columns-is-layout-flex\">\n<div class=\"wp-block-column is-layout-flow wp-block-column-is-layout-flow\">\n<h4 class=\"wp-block-heading has-text-color\" style=\"color:#a30202\">11 maggio&nbsp;<\/h4>\n\n\n\n<h2 class=\"wp-block-heading has-text-color\" style=\"color:#a30202\">SANT&#8217; ALDEBRANDO&nbsp;<\/h2>\n\n\n\n<h2 class=\"wp-block-heading has-text-color\" style=\"color:#a30202\">vescovo&nbsp;<\/h2>\n\n\n\n<h4 class=\"wp-block-heading has-text-color\" style=\"color:#a30202\">MEMORIA&nbsp;FACOLTATIVA&nbsp;<\/h4>\n<\/div>\n\n\n\n<div class=\"wp-block-column is-layout-flow wp-block-column-is-layout-flow\">\n<figure class=\"wp-block-image size-full\"><img loading=\"lazy\" decoding=\"async\" width=\"397\" height=\"494\" src=\"https:\/\/chiesa.rimini.it\/liturgia\/wp-content\/uploads\/proprio11mag.png\" alt=\"\" class=\"wp-image-386\" srcset=\"https:\/\/chiesa.rimini.it\/liturgia\/wp-content\/uploads\/proprio11mag.png 397w, https:\/\/chiesa.rimini.it\/liturgia\/wp-content\/uploads\/proprio11mag-241x300.png 241w\" sizes=\"auto, (max-width: 397px) 100vw, 397px\" \/><\/figure>\n<\/div>\n<\/div>\n\n\n\n<p class=\"has-drop-cap\"><em>Nacque in Romagna, nei pressi di Cesena, nel 1164. Dopo essersi formato presso la canonica di santa Maria di Porto a Ravenna, nel 1222 fu eletto Preposto del Capitolo della Cattedrale di Rimini. Sant&#8217; Aldebrando rimase in questa carica fino al 1228, anno in cui fu costretto a fuggire a causa di alcuni contrasti creatisi con le autorit\u00e0 cittadine. Fu accolto a Fossombrone dove rimase come vescovo della citt\u00e0 fino alla sua morte avvenuta nel 1247.&nbsp;<\/em><\/p>\n\n\n\n<hr class=\"wp-block-separator has-alpha-channel-opacity\"\/>\n\n\n\n<p>Dal Comune dei pastori: per i vescovi.&nbsp;<\/p>\n\n\n\n<p><strong>COLLETTA<\/strong>\u00a0<\/p>\n\n\n\n<p>O Dio, che hai unito alla schiera dei santi pastori&nbsp;il vescovo Aldebrando, mirabile per l&#8217;ardente carit\u00e0&nbsp;e per la fede intrepida che vince il mondo,&nbsp;per sua intercessione fa&#8217; che perseveriamo&nbsp;nella fede e nell&#8217;amore,&nbsp;per avere parte con lui alla tua gloria.&nbsp;Per il nostro Signore Ges\u00f9 Cristo, tuo Figlio, che \u00e8 Dio,&nbsp;e vive e regna con te, nell&#8217;unit\u00e0 dello Spirito Santo,&nbsp;per tutti i secoli dei secoli.&nbsp;<\/p>\n","protected":false},"excerpt":{"rendered":"<p>11 maggio&nbsp; SANT&#8217; ALDEBRANDO&nbsp; vescovo&nbsp; MEMORIA&nbsp;FACOLTATIVA&nbsp; Nacque in Romagna, nei pressi di Cesena, nel 1164. Dopo essersi formato presso la canonica di santa Maria di Porto a Ravenna,&#8230;<\/p>\n","protected":false},"author":2,"featured_media":0,"parent":40,"menu_order":0,"comment_status":"closed","ping_status":"closed","template":"","meta":{"footnotes":""},"class_list":["post-155","page","type-page","status-publish","hentry"],"_links":{"self":[{"href":"https:\/\/chiesa.rimini.it\/liturgia\/wp-json\/wp\/v2\/pages\/155","targetHints":{"allow":["GET"]}}],"collection":[{"href":"https:\/\/chiesa.rimini.it\/liturgia\/wp-json\/wp\/v2\/pages"}],"about":[{"href":"https:\/\/chiesa.rimini.it\/liturgia\/wp-json\/wp\/v2\/types\/page"}],"author":[{"embeddable":true,"href":"https:\/\/chiesa.rimini.it\/liturgia\/wp-json\/wp\/v2\/users\/2"}],"replies":[{"embeddable":true,"href":"https:\/\/chiesa.rimini.it\/liturgia\/wp-json\/wp\/v2\/comments?post=155"}],"version-history":[{"count":5,"href":"https:\/\/chiesa.rimini.it\/liturgia\/wp-json\/wp\/v2\/pages\/155\/revisions"}],"predecessor-version":[{"id":501,"href":"https:\/\/chiesa.rimini.it\/liturgia\/wp-json\/wp\/v2\/pages\/155\/revisions\/501"}],"up":[{"embeddable":true,"href":"https:\/\/chiesa.rimini.it\/liturgia\/wp-json\/wp\/v2\/pages\/40"}],"wp:attachment":[{"href":"https:\/\/chiesa.rimini.it\/liturgia\/wp-json\/wp\/v2\/media?parent=155"}],"curies":[{"name":"wp","href":"https:\/\/api.w.org\/{rel}","templated":true}]}}