{"id":159,"date":"2022-08-05T15:43:55","date_gmt":"2022-08-05T13:43:55","guid":{"rendered":"https:\/\/chiesa.rimini.it\/liturgia\/?page_id=159"},"modified":"2023-04-14T18:08:08","modified_gmt":"2023-04-14T16:08:08","slug":"messe-proprie-22-giugno","status":"publish","type":"page","link":"https:\/\/chiesa.rimini.it\/liturgia\/proprio-della-chiesa-riminese\/messe-proprie-22-giugno\/","title":{"rendered":"Messe proprie &#8211; 22 giugno"},"content":{"rendered":"\n<div class=\"wp-block-columns is-layout-flex wp-container-core-columns-is-layout-9d6595d7 wp-block-columns-is-layout-flex\">\n<div class=\"wp-block-column is-layout-flow wp-block-column-is-layout-flow\">\n<h4 class=\"wp-block-heading has-text-color\" style=\"color:#a30202\">22 giugno&nbsp;<\/h4>\n\n\n\n<h2 class=\"wp-block-heading has-text-color\" style=\"color:#a30202\">SAN GIULIANO&nbsp;<\/h2>\n\n\n\n<h2 class=\"wp-block-heading has-text-color\" style=\"color:#a30202\">martire&nbsp;<\/h2>\n\n\n\n<h4 class=\"wp-block-heading has-text-color\" style=\"color:#a30202\">MEMORIA&nbsp;<\/h4>\n<\/div>\n\n\n\n<div class=\"wp-block-column is-layout-flow wp-block-column-is-layout-flow\">\n<figure class=\"wp-block-image size-full\"><img loading=\"lazy\" decoding=\"async\" width=\"392\" height=\"492\" src=\"https:\/\/chiesa.rimini.it\/liturgia\/wp-content\/uploads\/proprio22giu.png\" alt=\"\" class=\"wp-image-391\" srcset=\"https:\/\/chiesa.rimini.it\/liturgia\/wp-content\/uploads\/proprio22giu.png 392w, https:\/\/chiesa.rimini.it\/liturgia\/wp-content\/uploads\/proprio22giu-239x300.png 239w\" sizes=\"auto, (max-width: 392px) 100vw, 392px\" \/><\/figure>\n<\/div>\n<\/div>\n\n\n\n<p class=\"has-drop-cap\"><em>Sin dal secolo IX \u00e8 testimoniato a Rimini il culto di san Giuliano, giovane istriano del III secolo. Secondo la tradizione, risalente al X-XI secolo, fu martirizzato in Flaviade (Cilicia) dal proconsole Marciano. Nel 962 circa il sarcofago del santo, secondo la tradizione popolare, giunse sul litorale di Rimini, nella localit\u00e0 successivamente nominata &#8220;Sacramora&#8221;, e da qui venne traslato nell&#8217;antica abbazia benedettina dei SS. Pietro e Paolo (oggi chiesa parrocchiale di S. Giuliano martire). Fu eletto patrono del comune e della citt\u00e0 di Rimini nel 1225. Il suo corpo, insieme al sarcofago (del III sec.) sono custoditi nella suddetta chiesa parrocchiale del borgo omonimo.&nbsp;<\/em><\/p>\n\n\n\n<hr class=\"wp-block-separator has-alpha-channel-opacity\"\/>\n\n\n\n<p>Dal Comune di un martire&nbsp;<\/p>\n\n\n\n<p><strong>COLLETTA\u00a0<\/strong><\/p>\n\n\n\n<p>Dio onnipotente ed eterno&nbsp;che al tuo santo martire Giuliano&nbsp;hai dato la forza di sostenere fino all&#8217;ultimo&nbsp;la pacifica battaglia della fede,&nbsp;concedi anche a noi di affrontare,&nbsp;per tuo amore, ogni avversit\u00e0,&nbsp;e di camminare con entusiasmo incontro a te,&nbsp;che sei la vera vita.&nbsp;Per il nostro Signore Ges\u00f9 Cristo, tuo Figlio, che \u00e8 Dio,&nbsp;e vive e regna con te, nell&#8217;unit\u00e0 dello Spirito Santo,&nbsp;per tutti i secoli dei secoli.&nbsp;<\/p>\n\n\n\n<div style=\"height:40px\" aria-hidden=\"true\" class=\"wp-block-spacer\"><\/div>\n\n\n\n<p><strong>PRIMA LETTURA\u00a0<\/strong><\/p>\n\n\n\n<p><em>Questi sono passati attraverso la grande tribolazione.<\/em><em>&nbsp;<\/em><\/p>\n\n\n\n<p>Dal libro della Apocalisse di san Giovanni apostolo&nbsp;<\/p>\n\n\n\n<p class=\"has-text-align-right\">7,9-17&nbsp;<\/p>\n\n\n\n<p>Io, Giovanni, vidi una moltitudine immensa, che nessuno poteva contare, di ogni nazione, razza, popolo e lingua. Tutti stavano in piedi davanti al trono e davanti all&#8217; Agnello, avvolti in vesti candide, e portavano palme nelle mani. E gridavano a gran voce: \u00abLa salvezza appartiene al nostro Dio seduto sul trono e all&#8217; Agnello\u00bb.&nbsp;<\/p>\n\n\n\n<p>Allora tutti gli angeli che stavano intorno al trono e i vegliardi e i quattro esseri viventi, si inchinarono profondamente con la faccia davanti al trono e adorarono Dio dicendo: \u00abAmen! Lode, gloria, sapienza, azione di grazie, onore, potenza e forza al nostro Dio nei secoli dei secoli. Amen\u00bb.&nbsp;<\/p>\n\n\n\n<p>Uno dei vegliardi allora si rivolse a me e disse: \u00abQuelli che sono vestiti di bianco, chi sono e donde vengono?\u00bb. Gli risposi: \u00abSignore mio, tu lo sai\u00bb. E lui: \u00abEssi sono coloro che sono passati attraverso la grande tribolazione e hanno lavato le loro vesti rendendole candide col sangue dell&#8217;Agnello. Per questo stanno davanti al trono di Dio e gli prestano servizio giorno e notte nel suo santuario; e Colui che siede sul trono stender\u00e0 la sua tenda sopra di loro.&nbsp;<\/p>\n\n\n\n<p>Non avranno pi\u00f9 fame,&nbsp;n\u00e9 avranno pi\u00f9 sete,&nbsp;<\/p>\n\n\n\n<p>n\u00e9 li colpir\u00e0 il sole,&nbsp;n\u00e9 arsura di sorta,&nbsp;<\/p>\n\n\n\n<p>perch\u00e9 l&#8217;Agnello che sta in mezzo al trono&nbsp;sar\u00e0 il loro pastore&nbsp;<\/p>\n\n\n\n<p>e li guider\u00e0 alle fonti delle acque della vita.&nbsp;<\/p>\n\n\n\n<p>E Dio terger\u00e0 ogni lacrima dai loro occhi\u00bb.&nbsp;<\/p>\n\n\n\n<p>Parola di Dio.&nbsp;<\/p>\n\n\n\n<div style=\"height:40px\" aria-hidden=\"true\" class=\"wp-block-spacer\"><\/div>\n\n\n\n<p><strong>SALMO RESPONSORIALE\u00a0<\/strong><\/p>\n\n\n\n<p class=\"has-text-align-right\">Sal 123&nbsp;<\/p>\n\n\n\n<p>R.&nbsp;Il nostro aiuto \u00e8 nel nome del Signore.&nbsp;<\/p>\n\n\n\n<div style=\"height:40px\" aria-hidden=\"true\" class=\"wp-block-spacer\"><\/div>\n\n\n\n<p>Se il Signore non fosse stato con noi,\u00a0&#8211; lo dica Israele &#8211;\u00a0<\/p>\n\n\n\n<p>se il Signore non fosse stato con noi,&nbsp;<\/p>\n\n\n\n<p>quando uomini ci assalirono,&nbsp;<\/p>\n\n\n\n<p>ci avrebbero inghiottiti vivi,&nbsp;<\/p>\n\n\n\n<p>nel furore della loro ira.\u00a0<\/p>\n\n\n\n<div style=\"height:40px\" aria-hidden=\"true\" class=\"wp-block-spacer\"><\/div>\n\n\n\n<p>Le acque ci avrebbero travolti;\u00a0<\/p>\n\n\n\n<p>un torrente ci avrebbe sommersi,&nbsp;<\/p>\n\n\n\n<p>ci avrebbero travolti&nbsp;<\/p>\n\n\n\n<p>acque impetuose.&nbsp;<\/p>\n\n\n\n<div style=\"height:40px\" aria-hidden=\"true\" class=\"wp-block-spacer\"><\/div>\n\n\n\n<p>Sia benedetto il Signore,\u00a0<\/p>\n\n\n\n<p>che non ci ha lasciati, in preda ai loro denti.&nbsp;<\/p>\n\n\n\n<p>Noi siamo stati liberati come un uccello&nbsp;<\/p>\n\n\n\n<p>dal laccio dei cacciatori:&nbsp;<\/p>\n\n\n\n<p>il laccio si \u00e8 spezzato e noi siamo scampati.&nbsp;<\/p>\n\n\n\n<div style=\"height:40px\" aria-hidden=\"true\" class=\"wp-block-spacer\"><\/div>\n\n\n\n<p><strong>CANTO AL VANGELO\u00a0<\/strong><\/p>\n\n\n\n<p class=\"has-text-align-right\">Gv 12,24&nbsp;<\/p>\n\n\n\n<p>R.&nbsp;Alleluia, alleluia.&nbsp;<\/p>\n\n\n\n<p>Se il chicco di grano caduto in terra non muore,&nbsp;rimane solo;&nbsp;se invece muore, produce molto frutto.&nbsp;<\/p>\n\n\n\n<p>R.\u00a0Alleluia.\u00a0<\/p>\n\n\n\n<div style=\"height:40px\" aria-hidden=\"true\" class=\"wp-block-spacer\"><\/div>\n\n\n\n<p><strong>VANGELO\u00a0<\/strong><\/p>\n\n\n\n<p><em>Se il chicco di grano muore, produce molto frutto.<\/em><em>&nbsp;<\/em><\/p>\n\n\n\n<p>Dal vangelo secondo Giovanni&nbsp;<\/p>\n\n\n\n<p class=\"has-text-align-right\">12,24-26&nbsp;<\/p>\n\n\n\n<p>In quel tempo, Ges\u00f9 disse ai suoi discepoli: \u00abIn verit\u00e0, in verit\u00e0 vi dico: se il chicco di grano caduto in terra non muore, rimane solo; se invece muore, produce molto frutto. Chi ama la sua vita la perde e chi odia la sua vita in questo mondo la conserver\u00e0 per la vita eterna. Se uno mi vuoi servire mi segua, e dove sono io, l\u00e0 sar\u00e0 anche il mio servo. Se uno mi serve, il Padre lo onorer\u00e0\u00bb.&nbsp;<\/p>\n\n\n\n<p>Parola del Signore.&nbsp;<\/p>\n","protected":false},"excerpt":{"rendered":"<p>22 giugno&nbsp; SAN GIULIANO&nbsp; martire&nbsp; MEMORIA&nbsp; Sin dal secolo IX \u00e8 testimoniato a Rimini il culto di san Giuliano, giovane istriano del III secolo. Secondo la tradizione, risalente&#8230;<\/p>\n","protected":false},"author":2,"featured_media":0,"parent":40,"menu_order":0,"comment_status":"closed","ping_status":"closed","template":"","meta":{"footnotes":""},"class_list":["post-159","page","type-page","status-publish","hentry"],"_links":{"self":[{"href":"https:\/\/chiesa.rimini.it\/liturgia\/wp-json\/wp\/v2\/pages\/159","targetHints":{"allow":["GET"]}}],"collection":[{"href":"https:\/\/chiesa.rimini.it\/liturgia\/wp-json\/wp\/v2\/pages"}],"about":[{"href":"https:\/\/chiesa.rimini.it\/liturgia\/wp-json\/wp\/v2\/types\/page"}],"author":[{"embeddable":true,"href":"https:\/\/chiesa.rimini.it\/liturgia\/wp-json\/wp\/v2\/users\/2"}],"replies":[{"embeddable":true,"href":"https:\/\/chiesa.rimini.it\/liturgia\/wp-json\/wp\/v2\/comments?post=159"}],"version-history":[{"count":7,"href":"https:\/\/chiesa.rimini.it\/liturgia\/wp-json\/wp\/v2\/pages\/159\/revisions"}],"predecessor-version":[{"id":507,"href":"https:\/\/chiesa.rimini.it\/liturgia\/wp-json\/wp\/v2\/pages\/159\/revisions\/507"}],"up":[{"embeddable":true,"href":"https:\/\/chiesa.rimini.it\/liturgia\/wp-json\/wp\/v2\/pages\/40"}],"wp:attachment":[{"href":"https:\/\/chiesa.rimini.it\/liturgia\/wp-json\/wp\/v2\/media?parent=159"}],"curies":[{"name":"wp","href":"https:\/\/api.w.org\/{rel}","templated":true}]}}