{"id":165,"date":"2022-08-05T15:44:55","date_gmt":"2022-08-05T13:44:55","guid":{"rendered":"https:\/\/chiesa.rimini.it\/liturgia\/?page_id=165"},"modified":"2023-04-14T18:13:08","modified_gmt":"2023-04-14T16:13:08","slug":"messe-proprie-13-agosto","status":"publish","type":"page","link":"https:\/\/chiesa.rimini.it\/liturgia\/proprio-della-chiesa-riminese\/messe-proprie-13-agosto\/","title":{"rendered":"Messe proprie &#8211; 13 agosto"},"content":{"rendered":"\n<div class=\"wp-block-columns is-layout-flex wp-container-core-columns-is-layout-9d6595d7 wp-block-columns-is-layout-flex\">\n<div class=\"wp-block-column is-layout-flow wp-block-column-is-layout-flow\">\n<h4 class=\"wp-block-heading has-text-color\" style=\"color:#a30202\">13 agosto&nbsp;<\/h4>\n\n\n\n<h2 class=\"wp-block-heading has-text-color\" style=\"color:#a30202\"><strong>BEATA<\/strong> <strong>ELISABETTA RENZI<\/strong><\/h2>\n\n\n\n<h2 class=\"wp-block-heading has-text-color\" style=\"color:#a30202\"><strong>vergine<\/strong><\/h2>\n\n\n\n<h4 class=\"wp-block-heading has-text-color\" style=\"color:#a30202\">MEMORIA FACOLTATIVA<\/h4>\n<\/div>\n\n\n\n<div class=\"wp-block-column is-layout-flow wp-block-column-is-layout-flow\">\n<figure class=\"wp-block-image size-full\"><img loading=\"lazy\" decoding=\"async\" width=\"393\" height=\"503\" src=\"https:\/\/chiesa.rimini.it\/liturgia\/wp-content\/uploads\/proprio13ago.png\" alt=\"\" class=\"wp-image-388\" srcset=\"https:\/\/chiesa.rimini.it\/liturgia\/wp-content\/uploads\/proprio13ago.png 393w, https:\/\/chiesa.rimini.it\/liturgia\/wp-content\/uploads\/proprio13ago-234x300.png 234w\" sizes=\"auto, (max-width: 393px) 100vw, 393px\" \/><\/figure>\n<\/div>\n<\/div>\n\n\n\n<p class=\"has-drop-cap\"><em>Elisabetta Renzi nacque a Saludecio il 19 novembre 1786. Fond\u00f2 l&#8217;Istituto delle Maestre Pie della Addolorata per l&#8217;educazione cristiana della giovent\u00f9. Mor\u00ec il 14 agosto 1859. Fu beatificata da papa Giovanni Paolo II nel 1989.&nbsp;<\/em><\/p>\n\n\n\n<hr class=\"wp-block-separator has-alpha-channel-opacity\"\/>\n\n\n\n<p>Dal Comune dei santi e delle sante: per gli educatori.&nbsp;<\/p>\n\n\n\n<p><strong>COLLETTA\u00a0<\/strong><\/p>\n\n\n\n<p>Signore, nostro Dio,\u00a0che alla Beata Elisabetta Renzi, vergine,\u00a0assidua nel meditare la passione del tuo Figlio\u00a0e i dolori della Vergine Madre Maria,\u00a0hai donato una carit\u00e0 ardente\u00a0per guadagnare a Cristo i fratelli;\u00a0concedi a noi, mossi dal suo esempio,\u00a0di dedicarci con amore costante\u00a0alla salvezza del nostro prossimo.\u00a0Per il nostro Signore Ges\u00f9 Cristo, tuo Figlio, che \u00e8 Dio,\u00a0e vive e regna con te, nell&#8217;unit\u00e0 dello Spirito Santo,\u00a0per tutti i secoli dei secoli.\u00a0<\/p>\n\n\n\n<div style=\"height:40px\" aria-hidden=\"true\" class=\"wp-block-spacer\"><\/div>\n\n\n\n<p><strong>PRIMA LETTURA\u00a0<\/strong><\/p>\n\n\n\n<p><em>Abbiate la carit\u00e0, che \u00e8 vincolo di perfezione.<\/em><em>&nbsp;<\/em><\/p>\n\n\n\n<p>Dalla lettera di san Paolo apostolo ai Colossesi&nbsp;<\/p>\n\n\n\n<p class=\"has-text-align-right\">3,12-17&nbsp;<\/p>\n\n\n\n<p>Fratelli, rivestitevi, come amati di Dio, santi e diletti, di sentimenti di misericordia, di bont\u00e0, di umilt\u00e0, di mansuetudine, di pazienza; sopportandovi a vicenda e perdonandovi scambievolmente, se qualcuno abbia di che lamentarsi nei riguardi degli altri. Come il Signore vi ha perdonato, cos\u00ec fate anche voi. AI di sopra di tutto poi vi sia la carit\u00e0, che \u00e8 il vincolo di perfezione. E la pace di Cristo regni nei vostri cuori, perch\u00e9 ad essa siete stati chiamati in un solo corpo. E siate riconoscenti!&nbsp;<\/p>\n\n\n\n<p>La parola di Cristo dimori tra voi abbondantemente; ammaestratevi e ammonitevi con ogni sapienza, cantando a Dio di cuore e con gratitudine salmi, inni e cantici spirituali. E tutto quello che fate in parole ed opere, tutto si compia nel nome del Signore Ges\u00f9, rendendo per mezzo di lui grazie a Dio Padre.&nbsp;<\/p>\n\n\n\n<p>Parola di Dio.\u00a0<\/p>\n\n\n\n<div style=\"height:40px\" aria-hidden=\"true\" class=\"wp-block-spacer\"><\/div>\n\n\n\n<p><strong>SALMO RESPONSORIALE\u00a0<\/strong><\/p>\n\n\n\n<p class=\"has-text-align-right\">Sal 150&nbsp;<\/p>\n\n\n\n<p>R.\u00a0Sei tu Signore l&#8217;unico mio bene\u00a0<\/p>\n\n\n\n<div style=\"height:40px\" aria-hidden=\"true\" class=\"wp-block-spacer\"><\/div>\n\n\n\n<p>Lodate il Signore nel suo santuario,&nbsp;<\/p>\n\n\n\n<p>lodatelo nel firmamento della sua potenza.&nbsp;<\/p>\n\n\n\n<p>Lodatelo per i suoi prodigi,&nbsp;<\/p>\n\n\n\n<p>lodatelo per la sua immensa grandezza.\u00a0<\/p>\n\n\n\n<div style=\"height:40px\" aria-hidden=\"true\" class=\"wp-block-spacer\"><\/div>\n\n\n\n<p>Lodatelo con squilli di tromba,&nbsp;<\/p>\n\n\n\n<p>lodatelo con arpa e cetra;&nbsp;<\/p>\n\n\n\n<p>lodatelo con timpani e danze,&nbsp;<\/p>\n\n\n\n<p>lodatelo sulle corde e sui flauti.\u00a0<\/p>\n\n\n\n<div style=\"height:40px\" aria-hidden=\"true\" class=\"wp-block-spacer\"><\/div>\n\n\n\n<p>Lodatelo con cembali sonori,&nbsp;<\/p>\n\n\n\n<p>lodatelo con cembali squillanti;&nbsp;<\/p>\n\n\n\n<p>ogni vivente dia lode al Signore.\u00a0<\/p>\n\n\n\n<div style=\"height:40px\" aria-hidden=\"true\" class=\"wp-block-spacer\"><\/div>\n\n\n\n<p><strong>CANTO AL VANGELO<\/strong>\u00a0<\/p>\n\n\n\n<p class=\"has-text-align-right\">(cfr. Mt 18,5)&nbsp;<\/p>\n\n\n\n<p>R.&nbsp;Alleluia, alleluia.&nbsp;<\/p>\n\n\n\n<p>Chi accoglie un bambino in nome mio,&nbsp;accoglie me.&nbsp;<\/p>\n\n\n\n<p>R.\u00a0Alleluia.\u00a0<\/p>\n\n\n\n<div style=\"height:40px\" aria-hidden=\"true\" class=\"wp-block-spacer\"><\/div>\n\n\n\n<p><strong>VANGELO\u00a0<\/strong><\/p>\n\n\n\n<p><em>Chi accoglie un bambino in nome mio, accoglie me.<\/em><em>&nbsp;<\/em><\/p>\n\n\n\n<p>Dal vangelo secondo Matteo&nbsp;<\/p>\n\n\n\n<p class=\"has-text-align-right\">Cfr 18,1-5&nbsp;<\/p>\n\n\n\n<p>In quel tempo, i discepoli si avvicinarono a Ges\u00f9 dicendo: \u00abChi dunque \u00e8 il pi\u00f9 grande nel regno dei cieli?\u00bb. Allora Ges\u00f9 chiam\u00f2 a s\u00e9 un bambino, lo pose in mezzo a loro e disse: \u00abIn verit\u00e0 vi dico: se non vi convertirete e non diventerete come i bambini, non entrerete nel regno dei cieli. Perci\u00f2 chiunque diventer\u00e0 piccolo come questo bambino, sar\u00e0 il pi\u00f9 grande nel regno dei cieli. E chi accoglie anche uno solo di questi bambini in nome mio, accoglie me\u00bb.&nbsp;<\/p>\n\n\n\n<p>Parola del Signore.&nbsp;<\/p>\n","protected":false},"excerpt":{"rendered":"<p>13 agosto&nbsp; BEATA ELISABETTA RENZI vergine MEMORIA FACOLTATIVA Elisabetta Renzi nacque a Saludecio il 19 novembre 1786. Fond\u00f2 l&#8217;Istituto delle Maestre Pie della Addolorata per l&#8217;educazione cristiana della&#8230;<\/p>\n","protected":false},"author":2,"featured_media":0,"parent":40,"menu_order":0,"comment_status":"closed","ping_status":"closed","template":"","meta":{"footnotes":""},"class_list":["post-165","page","type-page","status-publish","hentry"],"_links":{"self":[{"href":"https:\/\/chiesa.rimini.it\/liturgia\/wp-json\/wp\/v2\/pages\/165","targetHints":{"allow":["GET"]}}],"collection":[{"href":"https:\/\/chiesa.rimini.it\/liturgia\/wp-json\/wp\/v2\/pages"}],"about":[{"href":"https:\/\/chiesa.rimini.it\/liturgia\/wp-json\/wp\/v2\/types\/page"}],"author":[{"embeddable":true,"href":"https:\/\/chiesa.rimini.it\/liturgia\/wp-json\/wp\/v2\/users\/2"}],"replies":[{"embeddable":true,"href":"https:\/\/chiesa.rimini.it\/liturgia\/wp-json\/wp\/v2\/comments?post=165"}],"version-history":[{"count":5,"href":"https:\/\/chiesa.rimini.it\/liturgia\/wp-json\/wp\/v2\/pages\/165\/revisions"}],"predecessor-version":[{"id":511,"href":"https:\/\/chiesa.rimini.it\/liturgia\/wp-json\/wp\/v2\/pages\/165\/revisions\/511"}],"up":[{"embeddable":true,"href":"https:\/\/chiesa.rimini.it\/liturgia\/wp-json\/wp\/v2\/pages\/40"}],"wp:attachment":[{"href":"https:\/\/chiesa.rimini.it\/liturgia\/wp-json\/wp\/v2\/media?parent=165"}],"curies":[{"name":"wp","href":"https:\/\/api.w.org\/{rel}","templated":true}]}}