{"id":167,"date":"2022-08-05T15:45:14","date_gmt":"2022-08-05T13:45:14","guid":{"rendered":"https:\/\/chiesa.rimini.it\/liturgia\/?page_id=167"},"modified":"2023-04-14T18:15:16","modified_gmt":"2023-04-14T16:15:16","slug":"messe-proprie-17-settembre","status":"publish","type":"page","link":"https:\/\/chiesa.rimini.it\/liturgia\/proprio-della-chiesa-riminese\/messe-proprie-17-settembre\/","title":{"rendered":"Messe proprie &#8211; 17 settembre"},"content":{"rendered":"\n<div class=\"wp-block-columns is-layout-flex wp-container-core-columns-is-layout-9d6595d7 wp-block-columns-is-layout-flex\">\n<div class=\"wp-block-column is-layout-flow wp-block-column-is-layout-flow\">\n<h4 class=\"wp-block-heading has-text-color\" style=\"color:#a30202\">17 settembre&nbsp;<\/h4>\n\n\n\n<h2 class=\"wp-block-heading has-text-color\" style=\"color:#a30202\">SANTA INNOCENZA&nbsp;<\/h2>\n\n\n\n<h2 class=\"wp-block-heading has-text-color\" style=\"color:#a30202\">vergine e martire&nbsp;<\/h2>\n\n\n\n<h4 class=\"wp-block-heading has-text-color\" style=\"color:#a30202\">MEMORIA FACOLTATIVA&nbsp;<\/h4>\n<\/div>\n\n\n\n<div class=\"wp-block-column is-layout-flow wp-block-column-is-layout-flow\">\n<figure class=\"wp-block-image size-full\"><img loading=\"lazy\" decoding=\"async\" width=\"392\" height=\"490\" src=\"https:\/\/chiesa.rimini.it\/liturgia\/wp-content\/uploads\/proprio17set.png\" alt=\"\" class=\"wp-image-390\" srcset=\"https:\/\/chiesa.rimini.it\/liturgia\/wp-content\/uploads\/proprio17set.png 392w, https:\/\/chiesa.rimini.it\/liturgia\/wp-content\/uploads\/proprio17set-240x300.png 240w\" sizes=\"auto, (max-width: 392px) 100vw, 392px\" \/><\/figure>\n<\/div>\n<\/div>\n\n\n\n<p class=\"has-drop-cap\"><em>Secondo la tradizione, Innocenza, nata in una famiglia nobile e ricca, fu martirizzata a Rimini dall&#8217;Imperatore Diocleziano all&#8217;et\u00e0 di sedici anni, nel IV secolo. Nella nostra Diocesi ci sono tracce molto antiche del culto a questa martire. Ancora oggi le \u00e8 dedicata la parrocchia di Monte Tauro.&nbsp;<\/em><\/p>\n\n\n\n<hr class=\"wp-block-separator has-alpha-channel-opacity\"\/>\n\n\n\n<p>Dal Comune dei martiri, per una vergine martire&nbsp;<\/p>\n\n\n\n<p><strong>COLLETTA\u00a0<\/strong><\/p>\n\n\n\n<p>O Dio, che tra le mirabili opere del tuo amore&nbsp;hai fatto risplendere la tua potenza&nbsp;nell&#8217;umana debolezza di santa Innocenza,&nbsp;concedi anche a noi fortezza e purit\u00e0 di spirito&nbsp;per seguire Cristo sulla via della croce.&nbsp;Egli \u00e8 Dio, e vive e regna con te,&nbsp;nell&#8217;unit\u00e0 dello Spirito Santo,&nbsp;per tutti i secoli dei secoli.&nbsp;<\/p>\n\n\n\n<div style=\"height:40px\" aria-hidden=\"true\" class=\"wp-block-spacer\"><\/div>\n\n\n\n<p><strong>PRIMA LETTURA\u00a0<\/strong><\/p>\n\n\n\n<p><em>N\u00e9 morte n\u00e9 vita potr\u00e0 mai separarci dall&#8217;amore di Dio.<\/em><em>&nbsp;<\/em><\/p>\n\n\n\n<p>Dalla lettera di san Paolo apostolo ai Romani&nbsp;<\/p>\n\n\n\n<p class=\"has-text-align-right\">81-39&nbsp;<\/p>\n\n\n\n<p>Fratelli, se Dio \u00e8 per noi, chi sar\u00e0 contro di noi? Egli che non ha risparmiato il proprio Figlio, ma lo ha dato per tutti noi, come non Ici doner\u00e0 ogni cosa &#8220;insieme con lui? Chi accuser\u00e0 gli eletti di Dio? Dio giustifica. Chi condanner\u00e0? Cristo Ges\u00f9, che \u00e8 morto, anzi, che \u00e8 risuscitato, sta alla destra di Dio e intercede per noi? Chi ci separer\u00e0 dunque dall&#8217;amore di Cristo? Forse la tribolazione, l&#8217;angoscia, la persecuzione, la fame, la nudit\u00e0, il pericolo, la spada? Proprio come sta scritto:&nbsp;<\/p>\n\n\n\n<p>Per causa tua siamo messi a morte tutto il giorno, siamo trattati come pecore da macello.&nbsp;<\/p>\n\n\n\n<p>Ma in tutte queste cose noi siamo pi\u00f9 che vincitori per virt\u00f9 di colui che ci ha amati. lo sono infatti persuaso che n\u00e9 morte n\u00e9 vita, n\u00e9 angeli n\u00e9 principati, n\u00e9 presente n\u00e9 avvenire, n\u00e9 potenze, n\u00e9 altezza n\u00e9 profondit\u00e0, n\u00e9 alcun&#8217;altra creatura potr\u00e0 mai separarci dall&#8217;amore di Dio, in Cristo Ges\u00f9, nostro Signore.&nbsp;<\/p>\n\n\n\n<p>Parola di Dio.&nbsp;<\/p>\n\n\n\n<div style=\"height:40px\" aria-hidden=\"true\" class=\"wp-block-spacer\"><\/div>\n\n\n\n<p><strong>SALMO RESPONSORIALE\u00a0<\/strong><\/p>\n\n\n\n<p class=\"has-text-align-right\"><em>Dal Sal 115<\/em><\/p>\n\n\n\n<p>R.&nbsp;Preziosa agli occhi del Signore la morte dei suoi santi.&nbsp;<\/p>\n\n\n\n<div style=\"height:40px\" aria-hidden=\"true\" class=\"wp-block-spacer\"><\/div>\n\n\n\n<p>Ho creduto anche quando dicevo:\u00a0<\/p>\n\n\n\n<p>\u00abSono troppo infelice\u00bb.&nbsp;<\/p>\n\n\n\n<p>Ho detto con sgomento:&nbsp;<\/p>\n\n\n\n<p>\u00abOgni uomo \u00e8 inganno\u00bb.\u00a0<\/p>\n\n\n\n<div style=\"height:40px\" aria-hidden=\"true\" class=\"wp-block-spacer\"><\/div>\n\n\n\n<p>Che cosa render\u00f2 al Signore&nbsp;<\/p>\n\n\n\n<p>per quanto mi ha dato?&nbsp;<\/p>\n\n\n\n<p>Alzer\u00f2 il calice della salvezza&nbsp;<\/p>\n\n\n\n<p>e invocher\u00f2 il nome del Signore.\u00a0<\/p>\n\n\n\n<div style=\"height:40px\" aria-hidden=\"true\" class=\"wp-block-spacer\"><\/div>\n\n\n\n<p>Adempir\u00f2 i miei voti al Signore,&nbsp;<\/p>\n\n\n\n<p>davanti a tutto il suo popolo.&nbsp;<\/p>\n\n\n\n<p>Preziosa agli occhi del Signore&nbsp;<\/p>\n\n\n\n<p>\u00e8 la morte dei suoi fedeli.\u00a0<\/p>\n\n\n\n<div style=\"height:40px\" aria-hidden=\"true\" class=\"wp-block-spacer\"><\/div>\n\n\n\n<p>S\u00ec, io sono il tuo servo, Signore,&nbsp;<\/p>\n\n\n\n<p>io sono tuo servo, figlio della tua ancella;&nbsp;<\/p>\n\n\n\n<p>hai spezzato le mie catene.&nbsp;<\/p>\n\n\n\n<p>A te offrir\u00f2 sacrifici di lode&nbsp;<\/p>\n\n\n\n<p>e invocher\u00f2 il nome del Signore.&nbsp;<\/p>\n\n\n\n<div style=\"height:40px\" aria-hidden=\"true\" class=\"wp-block-spacer\"><\/div>\n\n\n\n<p><strong>CANTO AL VANGELO<\/strong>\u00a0<\/p>\n\n\n\n<p class=\"has-text-align-right\">Mt 10,32&nbsp;<\/p>\n\n\n\n<p>R.&nbsp;Alleluia, alleluia.&nbsp;<\/p>\n\n\n\n<p>Chi mi riconoscer\u00e0 davanti agli uomini,&nbsp;dice il Signore,&nbsp;anch&#8217;io lo riconoscer\u00f2 davanti al Padre mio.&nbsp;<\/p>\n\n\n\n<p>R.\u00a0Alleluia.<\/p>\n\n\n\n<div style=\"height:40px\" aria-hidden=\"true\" class=\"wp-block-spacer\"><\/div>\n\n\n\n<p><strong>VANGELO\u00a0<\/strong><\/p>\n\n\n\n<p><em>Non abbiate paura di quelli che uccidono il corpo.<\/em><em>&nbsp;<\/em><\/p>\n\n\n\n<p>Dal vangelo secondo Matteo&nbsp;<\/p>\n\n\n\n<p class=\"has-text-align-right\">18,28-33&nbsp;<\/p>\n\n\n\n<p>In quel tempo Ges\u00f9 disse ai suoi discepoli: \u00abNon abbiate paura di quelli che uccidono il corpo, ma non hanno potere di uccidere I &#8216;anima; temete piuttosto colui che ha il potere di far perire e l&#8217;anima le il corpo nella Geenna. Due passeri non si vendono forse per un soldo? Eppure neanche uno di essi cadr\u00e0 a terra senza che il Padre vostro lo voglia.&nbsp;<\/p>\n\n\n\n<p>Quanto a voi, perfino i capelli del vostro capo sono tutti contati; Don abbiate dunque timore: voi valete pi\u00f9 di molti passeri!&nbsp;<\/p>\n\n\n\n<p>Chi dunque mi riconoscer\u00e0 davanti agli uomini, anch&#8217;io lo riconoscer\u00f2 davanti al Padre mio che \u00e8 nei cieli; chi invece mi rinnegher\u00e0 davanti agli uomini, anch&#8217;io lo rinnegher\u00f2 davanti al Padre mio che \u00e8 nei cieli\u00bb.&nbsp;<\/p>\n\n\n\n<p>Parola del Signore.&nbsp;<\/p>\n","protected":false},"excerpt":{"rendered":"<p>17 settembre&nbsp; SANTA INNOCENZA&nbsp; vergine e martire&nbsp; MEMORIA FACOLTATIVA&nbsp; Secondo la tradizione, Innocenza, nata in una famiglia nobile e ricca, fu martirizzata a Rimini dall&#8217;Imperatore Diocleziano all&#8217;et\u00e0 di&#8230;<\/p>\n","protected":false},"author":2,"featured_media":0,"parent":40,"menu_order":0,"comment_status":"closed","ping_status":"closed","template":"","meta":{"footnotes":""},"class_list":["post-167","page","type-page","status-publish","hentry"],"_links":{"self":[{"href":"https:\/\/chiesa.rimini.it\/liturgia\/wp-json\/wp\/v2\/pages\/167","targetHints":{"allow":["GET"]}}],"collection":[{"href":"https:\/\/chiesa.rimini.it\/liturgia\/wp-json\/wp\/v2\/pages"}],"about":[{"href":"https:\/\/chiesa.rimini.it\/liturgia\/wp-json\/wp\/v2\/types\/page"}],"author":[{"embeddable":true,"href":"https:\/\/chiesa.rimini.it\/liturgia\/wp-json\/wp\/v2\/users\/2"}],"replies":[{"embeddable":true,"href":"https:\/\/chiesa.rimini.it\/liturgia\/wp-json\/wp\/v2\/comments?post=167"}],"version-history":[{"count":5,"href":"https:\/\/chiesa.rimini.it\/liturgia\/wp-json\/wp\/v2\/pages\/167\/revisions"}],"predecessor-version":[{"id":513,"href":"https:\/\/chiesa.rimini.it\/liturgia\/wp-json\/wp\/v2\/pages\/167\/revisions\/513"}],"up":[{"embeddable":true,"href":"https:\/\/chiesa.rimini.it\/liturgia\/wp-json\/wp\/v2\/pages\/40"}],"wp:attachment":[{"href":"https:\/\/chiesa.rimini.it\/liturgia\/wp-json\/wp\/v2\/media?parent=167"}],"curies":[{"name":"wp","href":"https:\/\/api.w.org\/{rel}","templated":true}]}}