{"id":175,"date":"2022-08-05T15:46:26","date_gmt":"2022-08-05T13:46:26","guid":{"rendered":"https:\/\/chiesa.rimini.it\/liturgia\/?page_id=175"},"modified":"2023-04-14T18:21:26","modified_gmt":"2023-04-14T16:21:26","slug":"messe-proprie-14-ottobre","status":"publish","type":"page","link":"https:\/\/chiesa.rimini.it\/liturgia\/proprio-della-chiesa-riminese\/messe-proprie-14-ottobre\/","title":{"rendered":"Messe proprie &#8211; 14 ottobre"},"content":{"rendered":"\n<div class=\"wp-block-columns is-layout-flex wp-container-core-columns-is-layout-9d6595d7 wp-block-columns-is-layout-flex\">\n<div class=\"wp-block-column is-layout-flow wp-block-column-is-layout-flow\">\n<h4 class=\"wp-block-heading has-text-color\" style=\"color:#a30202\">14 ottobre&nbsp;<\/h4>\n\n\n\n<h2 class=\"wp-block-heading has-text-color\" style=\"color:#a30202\">SAN GAUDENZO&nbsp;<\/h2>\n\n\n\n<h2 class=\"wp-block-heading has-text-color\" style=\"color:#a30202\">vescovo e martire&nbsp;patrono della Citt\u00e0&nbsp;e della Diocesi&nbsp;<\/h2>\n\n\n\n<h4 class=\"wp-block-heading has-text-color\" style=\"color:#a30202\">SOLENNIT\u00c0 IN CITT\u00c0&nbsp;<\/h4>\n\n\n\n<h4 class=\"wp-block-heading has-text-color\" style=\"color:#a30202\">FESTA IN DIOCESI&nbsp;<\/h4>\n<\/div>\n\n\n\n<div class=\"wp-block-column is-layout-flow wp-block-column-is-layout-flow\">\n<figure class=\"wp-block-image size-full\"><img loading=\"lazy\" decoding=\"async\" width=\"396\" height=\"488\" src=\"https:\/\/chiesa.rimini.it\/liturgia\/wp-content\/uploads\/proprio14ott.png\" alt=\"\" class=\"wp-image-389\" srcset=\"https:\/\/chiesa.rimini.it\/liturgia\/wp-content\/uploads\/proprio14ott.png 396w, https:\/\/chiesa.rimini.it\/liturgia\/wp-content\/uploads\/proprio14ott-243x300.png 243w\" sizes=\"auto, (max-width: 396px) 100vw, 396px\" \/><\/figure>\n<\/div>\n<\/div>\n\n\n\n<p class=\"has-drop-cap\"><em>Il culto per san Gaudenzo ha radici antichissime. Sulla figura di san Gaudenzo esistono tradizioni diverse. Gli elementi comuni alle varie tradizioni indicano Gaudenzo come un Efesino che, intorno al IV secolo, venne inviato dal vescovo di Roma a Rimini per annunciare il Vangelo. Divenuto vescovo della Citt\u00e0 (probabilmente il proto-vescovo) Gaudenzo continu\u00f2 nella sua opera di evangelizzatore: convert\u00ec numerose persone, lott\u00f2 contro i nemici della fede, oper\u00f2 grandi prodigi e, secondo la tradizione attestata dal culto, mor\u00ec martire. Nell&#8217;uso comune \u00e8 prevalso il nome Gaudenzo; il nome latino \u00e8 Gaudentius.&nbsp;<\/em><\/p>\n\n\n\n<hr class=\"wp-block-separator has-alpha-channel-opacity\"\/>\n\n\n\n<p><strong>ANTIFONA D&#8217;INGRESSO\u00a0<\/strong><\/p>\n\n\n\n<p>Il Signore ha stabilito con lui un&#8217;alleanza di pace;&nbsp;lo ha fatto principe del suo popolo&nbsp;e lo ha costituito suo sacerdote per sempre.&nbsp;<\/p>\n\n\n\n<p class=\"has-text-align-right\">Cfr. Sir 45.24&nbsp;<\/p>\n\n\n\n<p>Si dice&nbsp;il Gloria<\/p>\n\n\n\n<div style=\"height:40px\" aria-hidden=\"true\" class=\"wp-block-spacer\"><\/div>\n\n\n\n<p><strong>COLLETTA\u00a0<\/strong><\/p>\n\n\n\n<p>O Dio che nel vescovo san Gaudenzo ci hai dato&nbsp;un pastore mirabile per dottrina, santit\u00e0 di vita,&nbsp;e fede intrepida, concedici per sua intercessione&nbsp;di perseverare nella fede e nell&#8217;amore,&nbsp;per aver parte con lui alla tua gloria.&nbsp;Per il nostro Signore Ges\u00f9 Cristo, tuo Figlio, che \u00e8 Dio,&nbsp;e vive e regna con te, nell&#8217;unit\u00e0 dello Spirito Santo,&nbsp;per tutti i secoli dei secoli.&nbsp;<\/p>\n\n\n\n<div style=\"height:40px\" aria-hidden=\"true\" class=\"wp-block-spacer\"><\/div>\n\n\n\n<p><strong>PRIMA LETTURA\u00a0<\/strong><\/p>\n\n\n\n<p><em>Come un pastore passa in rassegna il suo gregge, cos\u00ec io passer\u00f2 in rassegna le mie pecore.<\/em><em>&nbsp;<\/em><\/p>\n\n\n\n<p>Dal libro del profeta Ezechi\u00e8le&nbsp;<\/p>\n\n\n\n<p class=\"has-text-align-right\">34,11-16&nbsp;<\/p>\n\n\n\n<p>Cos\u00ec&nbsp;dice il Signore: \u00abEcco, io stesso cercher\u00f2 le mie pecore e ne avr\u00f2 cura. Come un pastore passa in rassegna il suo gregge quando si trova in mezzo alle sue pecore che erano state disperse, cos\u00cc io passer\u00f2 in rassegna le mie pecore e le raduner\u00f2 da tutti i luoghi dove erano disperse nei giorni nuvolosi e di caligine. Le ritirer\u00f2 dai popoli e le raduner\u00f2 da tutte le regioni. Le ricondurr\u00f2 nella loro terra e le far\u00f2 pascolare sui monti d&#8217;Israele, nelle valli e in tutte le praterie della regione. Le condurr\u00f2 in ottime pasture e il loro ovile sar\u00e0 sui monti alti d&#8217;Israele; l\u00e0 riposeranno in un buon ovile e avranno rigogliosi pascoli sui monti d&#8217;Israele. lo stesso condurr\u00f2 le mie pecore al pascolo e io le far\u00f2 riposare. Oracolo del Signore Dio. Andr\u00f2 in cerca della pecora perduta e ricondurr\u00f2 all&#8217;ovile quella smarrita; fascer\u00f2 quella ferita e curer\u00f2 quella malata, avr\u00f2 cura della grassa e della forte; le pascer\u00f2 con giustizia\u00bb.&nbsp;<\/p>\n\n\n\n<p>Parola di Dio.&nbsp;<\/p>\n\n\n\n<div style=\"height:40px\" aria-hidden=\"true\" class=\"wp-block-spacer\"><\/div>\n\n\n\n<p><strong>SALMO RESPONSORIALE\u00a0<\/strong><\/p>\n\n\n\n<p class=\"has-text-align-right\">Sal 22<\/p>\n\n\n\n<p>R.&nbsp;Il Signore \u00e8 il mio pastore: non manco di nulla.&nbsp;<\/p>\n\n\n\n<div style=\"height:40px\" aria-hidden=\"true\" class=\"wp-block-spacer\"><\/div>\n\n\n\n<p>Su pascoli erbosi mi fa riposare\u00a0<\/p>\n\n\n\n<p>ad acque tranquille mi conduce.&nbsp;<\/p>\n\n\n\n<p>Mi rinfranca, mi guida per il giusto cammino,&nbsp;<\/p>\n\n\n\n<p>per amore del suo nome.\u00a0<\/p>\n\n\n\n<div style=\"height:40px\" aria-hidden=\"true\" class=\"wp-block-spacer\"><\/div>\n\n\n\n<p>Se dovessi camminare in una valle oscura,&nbsp;<\/p>\n\n\n\n<p>n temerei alcun male, perch\u00e9 tu sei con me.&nbsp;<\/p>\n\n\n\n<p>Il tuo bastone e il tuo vincastro&nbsp;<\/p>\n\n\n\n<p>mi danno sicurezza.<\/p>\n\n\n\n<div style=\"height:40px\" aria-hidden=\"true\" class=\"wp-block-spacer\"><\/div>\n\n\n\n<p>Davanti a me tu prepari una mensa&nbsp;<\/p>\n\n\n\n<p>otto gli occhi dei miei nemici;&nbsp;<\/p>\n\n\n\n<p>cospargi di olio il mio capo.&nbsp;<\/p>\n\n\n\n<p>Il mio calice trabocca.<\/p>\n\n\n\n<div style=\"height:40px\" aria-hidden=\"true\" class=\"wp-block-spacer\"><\/div>\n\n\n\n<p>Felicit\u00e0 e grazia mi saranno compagne&nbsp;<\/p>\n\n\n\n<p>tutti i giorni della mia vita,&nbsp;<\/p>\n\n\n\n<p>e abiter\u00f2 nella casa del Signore&nbsp;<\/p>\n\n\n\n<p>per lunghissimi anni.&nbsp;<\/p>\n\n\n\n<div style=\"height:40px\" aria-hidden=\"true\" class=\"wp-block-spacer\"><\/div>\n\n\n\n<p><strong>SECONDA LETTURA\u00a0<\/strong><\/p>\n\n\n\n<p><em>Noi siamo i vostri servitori per amore di Ges\u00f9.<\/em><em>&nbsp;<\/em><\/p>\n\n\n\n<p>Dalla seconda lettera di san Paolo apostolo ai Corinzi&nbsp;<\/p>\n\n\n\n<p class=\"has-text-align-right\">4,1-2.5-7&nbsp;<\/p>\n\n\n\n<p>Fratelli, investiti del ministero della Nuova Alleanza per la misericordia che ci \u00e8 stata usata, non ci perdiamo d&#8217;animo; al contrario, rifiutando le dissimulazioni vergognose, senza comportarci con astuzia n\u00e9 falsificando la parola di Dio, ma annunziando apertamente la verit\u00e0, ci presentiamo davanti a ogni coscienza, al cospetto di Dio.&nbsp;<\/p>\n\n\n\n<p>Noi infatti non predichiamo noi stessi, ma Cristo Ges\u00f9 Signore; quanto a noi, siamo i vostri servitori per amore di Ges\u00f9. E Dio che disse: \u00abRifulga la luce dalle tenebre\u00bb, rifulse nei nostri cuori, per far risplendere la conoscenza della gloria divina che rifulge sul volto di Cristo. Per\u00f2 noi abbiamo questo tesoro in vasi di creta, perch\u00e9 appaia che questa potenza straordinaria viene da Dio e non da noi.&nbsp;<\/p>\n\n\n\n<p>Parola di Dio.&nbsp;<\/p>\n\n\n\n<div style=\"height:40px\" aria-hidden=\"true\" class=\"wp-block-spacer\"><\/div>\n\n\n\n<p><strong>CANTO AL VANGELO\u00a0<\/strong><\/p>\n\n\n\n<p class=\"has-text-align-right\">Gv 10,14&nbsp;<\/p>\n\n\n\n<p>R.&nbsp;Alleluia, alleluia.&nbsp;<\/p>\n\n\n\n<p>Io sono il buon pastore, dice il Signore;&nbsp;conosco le mie pecore e le mie pecore conoscono me.&nbsp;<\/p>\n\n\n\n<p>R.&nbsp;Alleluia.<\/p>\n\n\n\n<div style=\"height:40px\" aria-hidden=\"true\" class=\"wp-block-spacer\"><\/div>\n\n\n\n<p><strong>VANGELO\u00a0<\/strong><\/p>\n\n\n\n<p><em>Il buon pastore offre la vita per le pecore.<\/em><em>&nbsp;<\/em><\/p>\n\n\n\n<p>Dal vangelo secondo Matteo&nbsp;<\/p>\n\n\n\n<p class=\"has-text-align-right\">Cfr 10,11-16&nbsp;<\/p>\n\n\n\n<p>In quel tempo Ges\u00f9 disse: \u00ablo sono il buon pastore. Il buon pastore offre la vita per le pecore. Il mercenario invece, che non \u00e8 pastore e al quale le pecore non appartengono, vede venire il lupo, abbandona le pecore e fugge e il lupo le rapisce e le disperde; egli \u00e8 un mercenario e non gli importa delle pecore. lo sono il buon pastore, conosco le mie pecore e le mie pecore conoscono me, come il Padre conosce me e io conosco il Padre; e offro la vita per le pecore. E ho altre pecore che non sono di quest&#8217;ovile; anche queste io devo condurre; ascolteranno la mia voce e diventeranno un solo gregge e un solo pastore\u00bb.&nbsp;<\/p>\n\n\n\n<p>Parola del Signore&nbsp;<\/p>\n\n\n\n<p>Si dice il&nbsp;Credo&nbsp;<\/p>\n\n\n\n<div style=\"height:40px\" aria-hidden=\"true\" class=\"wp-block-spacer\"><\/div>\n\n\n\n<p><strong>SULLE OFFERTE\u00a0<\/strong><\/p>\n\n\n\n<p>Accetta Signore i doni che ti presentiamo&nbsp;nella festa di san Gaudenzo;&nbsp;<\/p>\n\n\n\n<p>questo sacrificio che cancella i peccati del mondo&nbsp;sia fonte di redenzione e di pace.&nbsp;Per Cristo nostro Signore.&nbsp;<\/p>\n\n\n\n<p>Prefazio dei santi pastori&nbsp;<\/p>\n\n\n\n<div style=\"height:40px\" aria-hidden=\"true\" class=\"wp-block-spacer\"><\/div>\n\n\n\n<p><strong>ANTIFONA ALLA COMUNIONE\u00a0<\/strong><\/p>\n\n\n\n<p>Chi perder\u00e0 la propria vita per me&nbsp;e per il Vangelo la salver\u00e0&#8221; dice il Signore.&nbsp;<\/p>\n\n\n\n<p class=\"has-text-align-right\">Mc 8, 35&nbsp;<\/p>\n\n\n\n<div style=\"height:40px\" aria-hidden=\"true\" class=\"wp-block-spacer\"><\/div>\n\n\n\n<p><strong>DOPO LA COMUNIONE\u00a0<\/strong><\/p>\n\n\n\n<p>O Padre, la forza del tuo Spirito,&nbsp;operante in questi santi misteri,&nbsp;sia per noi sostegno nella vita presente&nbsp;e pegno sicuro della felicit\u00e0 eterna.&nbsp;Per Cristo nostro Signore.&nbsp;<\/p>\n","protected":false},"excerpt":{"rendered":"<p>14 ottobre&nbsp; SAN GAUDENZO&nbsp; vescovo e martire&nbsp;patrono della Citt\u00e0&nbsp;e della Diocesi&nbsp; SOLENNIT\u00c0 IN CITT\u00c0&nbsp; FESTA IN DIOCESI&nbsp; Il culto per san Gaudenzo ha radici antichissime. Sulla figura di&#8230;<\/p>\n","protected":false},"author":2,"featured_media":0,"parent":40,"menu_order":0,"comment_status":"closed","ping_status":"closed","template":"","meta":{"footnotes":""},"class_list":["post-175","page","type-page","status-publish","hentry"],"_links":{"self":[{"href":"https:\/\/chiesa.rimini.it\/liturgia\/wp-json\/wp\/v2\/pages\/175","targetHints":{"allow":["GET"]}}],"collection":[{"href":"https:\/\/chiesa.rimini.it\/liturgia\/wp-json\/wp\/v2\/pages"}],"about":[{"href":"https:\/\/chiesa.rimini.it\/liturgia\/wp-json\/wp\/v2\/types\/page"}],"author":[{"embeddable":true,"href":"https:\/\/chiesa.rimini.it\/liturgia\/wp-json\/wp\/v2\/users\/2"}],"replies":[{"embeddable":true,"href":"https:\/\/chiesa.rimini.it\/liturgia\/wp-json\/wp\/v2\/comments?post=175"}],"version-history":[{"count":5,"href":"https:\/\/chiesa.rimini.it\/liturgia\/wp-json\/wp\/v2\/pages\/175\/revisions"}],"predecessor-version":[{"id":517,"href":"https:\/\/chiesa.rimini.it\/liturgia\/wp-json\/wp\/v2\/pages\/175\/revisions\/517"}],"up":[{"embeddable":true,"href":"https:\/\/chiesa.rimini.it\/liturgia\/wp-json\/wp\/v2\/pages\/40"}],"wp:attachment":[{"href":"https:\/\/chiesa.rimini.it\/liturgia\/wp-json\/wp\/v2\/media?parent=175"}],"curies":[{"name":"wp","href":"https:\/\/api.w.org\/{rel}","templated":true}]}}