{"id":179,"date":"2022-08-05T15:47:01","date_gmt":"2022-08-05T13:47:01","guid":{"rendered":"https:\/\/chiesa.rimini.it\/liturgia\/?page_id=179"},"modified":"2023-04-14T18:23:34","modified_gmt":"2023-04-14T16:23:34","slug":"messe-proprie-23-ottobre","status":"publish","type":"page","link":"https:\/\/chiesa.rimini.it\/liturgia\/proprio-della-chiesa-riminese\/messe-proprie-23-ottobre\/","title":{"rendered":"Messe proprie &#8211; 23 ottobre"},"content":{"rendered":"\n<div class=\"wp-block-columns is-layout-flex wp-container-core-columns-is-layout-9d6595d7 wp-block-columns-is-layout-flex\">\n<div class=\"wp-block-column is-layout-flow wp-block-column-is-layout-flow\">\n<h4 class=\"wp-block-heading has-text-color\" style=\"color:#a30202\">23 ottobre&nbsp;<\/h4>\n\n\n\n<h2 class=\"wp-block-heading has-text-color\" style=\"color:#a30202\">BEATO <\/h2>\n\n\n\n<h2 class=\"wp-block-heading has-text-color\" style=\"color:#a30202\">GREGORIO CELLI&nbsp;<\/h2>\n\n\n\n<h2 class=\"wp-block-heading has-text-color\" style=\"color:#a30202\">religioso&nbsp;<\/h2>\n\n\n\n<h4 class=\"wp-block-heading has-text-color\" style=\"color:#a30202\">MEMORIA FACOLTATIVA&nbsp;<\/h4>\n<\/div>\n\n\n\n<div class=\"wp-block-column is-layout-flow wp-block-column-is-layout-flow\">\n<figure class=\"wp-block-image size-full\"><img loading=\"lazy\" decoding=\"async\" width=\"402\" height=\"483\" src=\"https:\/\/chiesa.rimini.it\/liturgia\/wp-content\/uploads\/proprio23ott.png\" alt=\"\" class=\"wp-image-394\" srcset=\"https:\/\/chiesa.rimini.it\/liturgia\/wp-content\/uploads\/proprio23ott.png 402w, https:\/\/chiesa.rimini.it\/liturgia\/wp-content\/uploads\/proprio23ott-250x300.png 250w\" sizes=\"auto, (max-width: 402px) 100vw, 402px\" \/><\/figure>\n<\/div>\n<\/div>\n\n\n\n<p class=\"has-drop-cap\"><em>Nato a Verucchio nel 1225, a quindici anni vest\u00ec l&#8217;abito degli eremiti di sant&#8217;Agostino. Dieci anni pi\u00f9 tardi si ritir\u00f2 a vita eremitica sul Monte Carnerio (nei pressi di Rieti) dove rimase fino alla morte avvenuta nel 1343. Il culto per Gregorio Celli incominci\u00f2 prestissimo e venne confermato da papa Clemente XIV nel 1769.&nbsp;<\/em><\/p>\n\n\n\n<hr class=\"wp-block-separator has-alpha-channel-opacity\"\/>\n\n\n\n<p>Dal Comune dei santi e delle sante: per un religioso&nbsp;<\/p>\n\n\n\n<div style=\"height:40px\" aria-hidden=\"true\" class=\"wp-block-spacer\"><\/div>\n\n\n\n<p><strong>COLLETTA\u00a0<\/strong><\/p>\n\n\n\n<p>O Dio fonte della vita e della gioia,&nbsp;che nel disegno della tua provvidenza&nbsp;hai concesso al beato Gregorio&nbsp;di perseverare nella tua volont\u00e0 nel corso di una lunga vita,&nbsp;donaci di servirti fedelmente nella vocazione a cui ci hai chiamato.&nbsp;Per il nostro Signore Ges\u00f9 Cristo, tuo Figlio, che \u00e8 Dio,&nbsp;e vive e regna con te, nell&#8217;unit\u00e0 dello Spirito Santo,&nbsp;per tutti i secoli dei secoli.&nbsp;<\/p>\n\n\n\n<div style=\"height:40px\" aria-hidden=\"true\" class=\"wp-block-spacer\"><\/div>\n\n\n\n<p><strong>PRIMA LETTURA\u00a0<\/strong><\/p>\n\n\n\n<p><em>Dio ha scelto ci\u00f2 che \u00e8 debole<\/em><em>&nbsp;<\/em><\/p>\n\n\n\n<p>Dalla prima lettera di san Paolo apostolo ai Corinzi&nbsp;<\/p>\n\n\n\n<p class=\"has-text-align-right\">1,26-31&nbsp;<\/p>\n\n\n\n<p>Considerate infatti la vostra vocazione, fratelli: non ci sono tra voi molti sapienti secondo la carne, non molti potenti, non molti nobili. Ma Dio ha scelto ci\u00f2 che nel mondo \u00e8 stolto per confondere i sapienti, Dio ha scelto ci\u00f2 che nel mondo \u00e8 debole per confondere i forti, Dio ha scelto ci\u00f2 che nel mondo \u00e8 ignobile e disprezzato e ci\u00f2 che \u00e8 nulla per ridurre a nulla le cose che sono, perch\u00e9 nessun uomo possa gloriarsi davanti a Dio. Ed \u00e8 per lui che voi siete in Cristo Ges\u00f9, il quale per opera di Dio \u00e8 diventato per noi sapienza, giustizia, santificazione e redenzione, perch\u00e9, come sta scritto: &#8220;Chi si vanta si vanti nel Signore&#8221;.&nbsp;<\/p>\n\n\n\n<p>Parola di Dio.&nbsp;<\/p>\n\n\n\n<div style=\"height:40px\" aria-hidden=\"true\" class=\"wp-block-spacer\"><\/div>\n\n\n\n<p><strong>SALMO RESPONSORIALE<\/strong><\/p>\n\n\n\n<p class=\"has-text-align-right\">Sal 130&nbsp;<\/p>\n\n\n\n<p>R.&nbsp;Sei tu, Signore, Tutta la mia forza.&nbsp;<\/p>\n\n\n\n<div style=\"height:40px\" aria-hidden=\"true\" class=\"wp-block-spacer\"><\/div>\n\n\n\n<p>Signore, non si inorgoglisce il mio cuore\u00a0<\/p>\n\n\n\n<p>non si leva con superbia il mio sguardo;&nbsp;<\/p>\n\n\n\n<p>non vado in cerca di cose grandi,&nbsp;<\/p>\n\n\n\n<p>superiori alle mie forze.\u00a0<\/p>\n\n\n\n<div style=\"height:40px\" aria-hidden=\"true\" class=\"wp-block-spacer\"><\/div>\n\n\n\n<p>lo sono tranquillo e sereno&nbsp;<\/p>\n\n\n\n<p>come bimbo svezzato in braccio a sua madre,&nbsp;<\/p>\n\n\n\n<p>come un bimbo svezzato \u00e8 l&#8217;anima mia.\u00a0<\/p>\n\n\n\n<div style=\"height:40px\" aria-hidden=\"true\" class=\"wp-block-spacer\"><\/div>\n\n\n\n<p>Speri Israele nel Signore,&nbsp;<\/p>\n\n\n\n<p>ora e sempre.&nbsp;<\/p>\n\n\n\n<div style=\"height:40px\" aria-hidden=\"true\" class=\"wp-block-spacer\"><\/div>\n\n\n\n<p><strong>CANTO AL VANGELO\u00a0<\/strong><\/p>\n\n\n\n<p class=\"has-text-align-right\">Mt 22,14 e 10,37&nbsp;<\/p>\n\n\n\n<p>R.&nbsp;Alleluia, alleluia.&nbsp;<\/p>\n\n\n\n<p>Molti sono chiamati, ma pochi eletti;&nbsp;chi ama il padre e la madre pi\u00f9 di me,&nbsp;non \u00e8 degno di me, dice il Signore.&nbsp;<\/p>\n\n\n\n<p>R.&nbsp;Alleluia.&nbsp;<\/p>\n\n\n\n<div style=\"height:40px\" aria-hidden=\"true\" class=\"wp-block-spacer\"><\/div>\n\n\n\n<p><strong>VANGELO\u00a0<\/strong><\/p>\n\n\n\n<p><em>Ti seguir\u00f2 dovunque tu vada<\/em><em>&nbsp;<\/em><\/p>\n\n\n\n<p>Dal vangelo secondo Luca&nbsp;<\/p>\n\n\n\n<p class=\"has-text-align-right\">9,57-62&nbsp;<\/p>\n\n\n\n<p>In quel tempo, mentre Ges\u00f9 ed i suoi discepoli andavano per la strada, un tale gli disse: \u00abTi seguir\u00f2 dovunque tu vada\u00bb. Ges\u00f9 gli rispose: \u00abLe volpi hanno le loro tane e gli uccelli del cielo i loro nidi, ma il Figlio dell&#8217;uomo non ha dove posare il capo\u00bb. A un altro disse: \u00abSeguimi\u00bb. E costui rispose: \u00abSignore, concedimi di andare a seppellire prima mio padre\u00bb. Ges\u00f9 replic\u00f2: \u00abLascia che i morti seppelliscano i loro morti; tu va&#8217; e annunzia il regno di Dio\u00bb. Un altro disse: \u00abTi seguir\u00f2, Signore, ma prima lascia che io mi congedi da quelli di casa\u00bb. Ma Ges\u00f9 gli rispose: \u00abNessuno che ha messo mano all&#8217;aratro e poi si volge indietro, \u00e8 adatto per il regno di Dio\u00bb.&nbsp;<\/p>\n\n\n\n<p>Parola del Signore.&nbsp;<\/p>\n","protected":false},"excerpt":{"rendered":"<p>23 ottobre&nbsp; BEATO GREGORIO CELLI&nbsp; religioso&nbsp; MEMORIA FACOLTATIVA&nbsp; Nato a Verucchio nel 1225, a quindici anni vest\u00ec l&#8217;abito degli eremiti di sant&#8217;Agostino. Dieci anni pi\u00f9 tardi si ritir\u00f2&#8230;<\/p>\n","protected":false},"author":2,"featured_media":0,"parent":40,"menu_order":0,"comment_status":"closed","ping_status":"closed","template":"","meta":{"footnotes":""},"class_list":["post-179","page","type-page","status-publish","hentry"],"_links":{"self":[{"href":"https:\/\/chiesa.rimini.it\/liturgia\/wp-json\/wp\/v2\/pages\/179","targetHints":{"allow":["GET"]}}],"collection":[{"href":"https:\/\/chiesa.rimini.it\/liturgia\/wp-json\/wp\/v2\/pages"}],"about":[{"href":"https:\/\/chiesa.rimini.it\/liturgia\/wp-json\/wp\/v2\/types\/page"}],"author":[{"embeddable":true,"href":"https:\/\/chiesa.rimini.it\/liturgia\/wp-json\/wp\/v2\/users\/2"}],"replies":[{"embeddable":true,"href":"https:\/\/chiesa.rimini.it\/liturgia\/wp-json\/wp\/v2\/comments?post=179"}],"version-history":[{"count":5,"href":"https:\/\/chiesa.rimini.it\/liturgia\/wp-json\/wp\/v2\/pages\/179\/revisions"}],"predecessor-version":[{"id":519,"href":"https:\/\/chiesa.rimini.it\/liturgia\/wp-json\/wp\/v2\/pages\/179\/revisions\/519"}],"up":[{"embeddable":true,"href":"https:\/\/chiesa.rimini.it\/liturgia\/wp-json\/wp\/v2\/pages\/40"}],"wp:attachment":[{"href":"https:\/\/chiesa.rimini.it\/liturgia\/wp-json\/wp\/v2\/media?parent=179"}],"curies":[{"name":"wp","href":"https:\/\/api.w.org\/{rel}","templated":true}]}}