{"id":183,"date":"2022-08-05T15:47:47","date_gmt":"2022-08-05T13:47:47","guid":{"rendered":"https:\/\/chiesa.rimini.it\/liturgia\/?page_id=183"},"modified":"2023-04-14T18:28:35","modified_gmt":"2023-04-14T16:28:35","slug":"messe-proprie-3-novembre-2","status":"publish","type":"page","link":"https:\/\/chiesa.rimini.it\/liturgia\/proprio-della-chiesa-riminese\/messe-proprie-3-novembre-2\/","title":{"rendered":"Messe proprie &#8212; 3  novembre"},"content":{"rendered":"\n<div class=\"wp-block-columns is-layout-flex wp-container-core-columns-is-layout-9d6595d7 wp-block-columns-is-layout-flex\">\n<div class=\"wp-block-column is-layout-flow wp-block-column-is-layout-flow\">\n<h4 class=\"wp-block-heading has-text-color\" style=\"color:#a30202\">3 novembre&nbsp;<\/h4>\n\n\n\n<h2 class=\"wp-block-heading has-text-color\" style=\"color:#a30202\">BEATO<\/h2>\n\n\n\n<h2 class=\"wp-block-heading has-text-color\" style=\"color:#a30202\">SIMONE BALACCHI&nbsp;<\/h2>\n\n\n\n<h2 class=\"wp-block-heading has-text-color\" style=\"color:#a30202\">religioso&nbsp;<\/h2>\n\n\n\n<h4 class=\"wp-block-heading has-text-color\" style=\"color:#a30202\">MEMORIA FACOLTATIVA&nbsp;<\/h4>\n<\/div>\n\n\n\n<div class=\"wp-block-column is-layout-flow wp-block-column-is-layout-flow\">\n<figure class=\"wp-block-image size-full\"><img loading=\"lazy\" decoding=\"async\" width=\"399\" height=\"486\" src=\"https:\/\/chiesa.rimini.it\/liturgia\/wp-content\/uploads\/proprio03nov.png\" alt=\"\" class=\"wp-image-384\" srcset=\"https:\/\/chiesa.rimini.it\/liturgia\/wp-content\/uploads\/proprio03nov.png 399w, https:\/\/chiesa.rimini.it\/liturgia\/wp-content\/uploads\/proprio03nov-246x300.png 246w\" sizes=\"auto, (max-width: 399px) 100vw, 399px\" \/><\/figure>\n<\/div>\n<\/div>\n\n\n\n<p class=\"has-drop-cap\"><em>Nacque nel 1240 a Santarcangelo di Romagna; a diciassette anni vest\u00ec l&#8217;abito di converso nell&#8217;Ordine dei Domenicani nel loro convento di Rimini. Si dimostr\u00f2 esemplare nello spirito di umilt\u00e0 e di orazione. Mor\u00ec il 3 novembre 1319. La Congregazione dei Riti approv\u00f2 il suo culto nel 1820.&nbsp;<\/em><\/p>\n\n\n\n<hr class=\"wp-block-separator has-alpha-channel-opacity\"\/>\n\n\n\n<p>Dal Comune dei santi e delle sante: per un religioso.&nbsp;<\/p>\n\n\n\n<p><strong>COLLETTA\u00a0<\/strong><\/p>\n\n\n\n<p>O Dio, che nel beato Simone,\u00a0hai suscitato il desiderio\u00a0di un&#8217;esigente vita di preghiera\u00a0e di una singolare umilt\u00e0,\u00a0donaci di imitarlo,\u00a0desiderando fin d&#8217;ora solo te\u00a0per ricevere un giorno, nel cielo,\u00a0il premio promesso agli umili.\u00a0Per il nostro Signore Ges\u00f9 Cristo, tuo Figlio, che \u00e8 Dio,\u00a0e vive e regna con te, nell&#8217;unit\u00e0 dello Spirito Santo,\u00a0per tutti i secoli dei secoli.\u00a0<\/p>\n\n\n\n<div style=\"height:40px\" aria-hidden=\"true\" class=\"wp-block-spacer\"><\/div>\n\n\n\n<p><strong>PRIMA LETTURA\u00a0<\/strong><\/p>\n\n\n\n<p><em>Umiliati, e troverai grazia davanti a Dio.<\/em><em>&nbsp;<\/em><\/p>\n\n\n\n<p>Dal libro del Siracide&nbsp;<\/p>\n\n\n\n<p class=\"has-text-align-right\">3, 19-26 (gr. 17-24)&nbsp;<\/p>\n\n\n\n<p>Figlio, nella tua attivit\u00e0 sii modesto,&nbsp;<\/p>\n\n\n\n<p>sarai amato dall&#8217;uomo gradito a Dio.&nbsp;<\/p>\n\n\n\n<p>Quanto pi\u00f9 sei grande, tanto pi\u00f9 um\u00ecliati;&nbsp;<\/p>\n\n\n\n<p>cos\u00ec troverai grazia davanti al Signore;&nbsp;<\/p>\n\n\n\n<p>perch\u00e9 grande \u00e8 la potenza del Signore&nbsp;<\/p>\n\n\n\n<p>e dagli umili egli \u00e8 glorificato.&nbsp;<\/p>\n\n\n\n<p>Non cercare le cose troppo difficili per te,&nbsp;<\/p>\n\n\n\n<p>non indagare le cose per te troppo grandi.&nbsp;<\/p>\n\n\n\n<p>Bada a quello che ti \u00e8 stato comandato,&nbsp;<\/p>\n\n\n\n<p>poich\u00e9 tu non devi occuparti delle cose misteriose.&nbsp;<\/p>\n\n\n\n<p>Non sforzarti in ci\u00f2 che trascende le tue capacit\u00e0,&nbsp;<\/p>\n\n\n\n<p>poich\u00e9 ti \u00e8 stato mostrato&nbsp;<\/p>\n\n\n\n<p>pi\u00f9 di quanto comprende un&#8217;intelligenza umana.&nbsp;<\/p>\n\n\n\n<p>Molti ha fatto smarrire la loro presunzione,&nbsp;<\/p>\n\n\n\n<p>una misera illusione ha fuorviato i loro pensieri.&nbsp;<\/p>\n\n\n\n<p>Parola di Dio.&nbsp;<\/p>\n\n\n\n<div style=\"height:40px\" aria-hidden=\"true\" class=\"wp-block-spacer\"><\/div>\n\n\n\n<p><strong>SALMO RESPONSORIALE\u00a0<\/strong><\/p>\n\n\n\n<p class=\"has-text-align-right\">Sal 130<\/p>\n\n\n\n<p>R.&nbsp;Beati i miti e umili di cuore&nbsp;<\/p>\n\n\n\n<div style=\"height:40px\" aria-hidden=\"true\" class=\"wp-block-spacer\"><\/div>\n\n\n\n<p>Signore, non si inorgoglisce il mio cuore\u00a0<\/p>\n\n\n\n<p>e non si leva con superbia il mio sguardo;&nbsp;<\/p>\n\n\n\n<p>non vado in cerca di cose grandi,&nbsp;<\/p>\n\n\n\n<p>superiori alle mie forze. <\/p>\n\n\n\n<div style=\"height:40px\" aria-hidden=\"true\" class=\"wp-block-spacer\"><\/div>\n\n\n\n<p>Io sono tranquillo e sereno&nbsp;<\/p>\n\n\n\n<p>come bimbo svezzato in braccio a sua madre,&nbsp;<\/p>\n\n\n\n<p>come un bimbo svezzato \u00e8 l&#8217;anima mia. &nbsp;<\/p>\n\n\n\n<p>Speri Israele nel Signore,&nbsp;ora e sempre.&nbsp;<\/p>\n\n\n\n<div style=\"height:40px\" aria-hidden=\"true\" class=\"wp-block-spacer\"><\/div>\n\n\n\n<p><strong>CANTO AL VANGELO<\/strong><\/p>\n\n\n\n<p class=\"has-text-align-right\">Cfr Mt 16,19-20<\/p>\n\n\n\n<p>R.&nbsp;Alleluia, alleluia.&nbsp;<\/p>\n\n\n\n<p>Non accumulare tesori sulla terra, ma nel cielo, perch\u00e9 l\u00e0 dov&#8217;\u00e8 il tuo tesoro,&nbsp;sar\u00e0 anche il tuo cuore.&nbsp;<\/p>\n\n\n\n<p>R.&nbsp;Alleluia.&nbsp;<\/p>\n\n\n\n<div style=\"height:40px\" aria-hidden=\"true\" class=\"wp-block-spacer\"><\/div>\n\n\n\n<p><strong>VANGELO\u00a0<\/strong><\/p>\n\n\n\n<p><em>E\u2019 piaciuto al Padre darvi il suo Regno.<\/em><em>&nbsp;<\/em><\/p>\n\n\n\n<p>Dal vangelo secondo Luca&nbsp;<\/p>\n\n\n\n<p class=\"has-text-align-right\">Cfr 12,32-34&nbsp;<\/p>\n\n\n\n<p>In quel tempo, Ges\u00f9 disse ai suoi discepoli: \u00abNon temere, piccolo gregge, perch\u00e9 al Padre vostro \u00e8 piaciuto di darvi il suo regno.&nbsp;<\/p>\n\n\n\n<p>Vendete ci\u00f2 che avete e datelo in elemosina; fatevi borse che non invecchiano, un tesoro inesauribile nei cieli, dove i ladri non arrivano e la tignola non consuma. Perch\u00e9 dove \u00e8 il vostro tesoro, l\u00e0 sar\u00e0 anche il vostro cuore\u00bb.&nbsp;<\/p>\n\n\n\n<p>Parola del Signore.&nbsp;<\/p>\n","protected":false},"excerpt":{"rendered":"<p>3 novembre&nbsp; BEATO SIMONE BALACCHI&nbsp; religioso&nbsp; MEMORIA FACOLTATIVA&nbsp; Nacque nel 1240 a Santarcangelo di Romagna; a diciassette anni vest\u00ec l&#8217;abito di converso nell&#8217;Ordine dei Domenicani nel loro convento&#8230;<\/p>\n","protected":false},"author":2,"featured_media":0,"parent":40,"menu_order":0,"comment_status":"closed","ping_status":"closed","template":"","meta":{"footnotes":""},"class_list":["post-183","page","type-page","status-publish","hentry"],"_links":{"self":[{"href":"https:\/\/chiesa.rimini.it\/liturgia\/wp-json\/wp\/v2\/pages\/183","targetHints":{"allow":["GET"]}}],"collection":[{"href":"https:\/\/chiesa.rimini.it\/liturgia\/wp-json\/wp\/v2\/pages"}],"about":[{"href":"https:\/\/chiesa.rimini.it\/liturgia\/wp-json\/wp\/v2\/types\/page"}],"author":[{"embeddable":true,"href":"https:\/\/chiesa.rimini.it\/liturgia\/wp-json\/wp\/v2\/users\/2"}],"replies":[{"embeddable":true,"href":"https:\/\/chiesa.rimini.it\/liturgia\/wp-json\/wp\/v2\/comments?post=183"}],"version-history":[{"count":5,"href":"https:\/\/chiesa.rimini.it\/liturgia\/wp-json\/wp\/v2\/pages\/183\/revisions"}],"predecessor-version":[{"id":523,"href":"https:\/\/chiesa.rimini.it\/liturgia\/wp-json\/wp\/v2\/pages\/183\/revisions\/523"}],"up":[{"embeddable":true,"href":"https:\/\/chiesa.rimini.it\/liturgia\/wp-json\/wp\/v2\/pages\/40"}],"wp:attachment":[{"href":"https:\/\/chiesa.rimini.it\/liturgia\/wp-json\/wp\/v2\/media?parent=183"}],"curies":[{"name":"wp","href":"https:\/\/api.w.org\/{rel}","templated":true}]}}