{"id":185,"date":"2022-08-05T15:48:10","date_gmt":"2022-08-05T13:48:10","guid":{"rendered":"https:\/\/chiesa.rimini.it\/liturgia\/?page_id=185"},"modified":"2023-04-14T18:30:31","modified_gmt":"2023-04-14T16:30:31","slug":"messe-proprie-1-dicembre","status":"publish","type":"page","link":"https:\/\/chiesa.rimini.it\/liturgia\/proprio-della-chiesa-riminese\/messe-proprie-1-dicembre\/","title":{"rendered":"Messe proprie &#8211; 1 dicembre"},"content":{"rendered":"\n<div class=\"wp-block-columns is-layout-flex wp-container-core-columns-is-layout-9d6595d7 wp-block-columns-is-layout-flex\">\n<div class=\"wp-block-column is-layout-flow wp-block-column-is-layout-flow\">\n<h4 class=\"wp-block-heading has-text-color\" style=\"color:#a30202\">1 dicembre&nbsp;<\/h4>\n\n\n\n<h2 class=\"wp-block-heading has-text-color\" style=\"color:#a30202\">BEATO&nbsp;<\/h2>\n\n\n\n<h2 class=\"wp-block-heading has-text-color\" style=\"color:#a30202\">GIOVANNI GUERULI&nbsp;<\/h2>\n\n\n\n<h2 class=\"wp-block-heading has-text-color\" style=\"color:#a30202\">diacono&nbsp;<\/h2>\n\n\n\n<h4 class=\"wp-block-heading has-text-color\" style=\"color:#a30202\">MEMORIA&nbsp;<\/h4>\n<\/div>\n\n\n\n<div class=\"wp-block-column is-layout-flow wp-block-column-is-layout-flow\">\n<figure class=\"wp-block-image size-full\"><img loading=\"lazy\" decoding=\"async\" width=\"395\" height=\"490\" src=\"https:\/\/chiesa.rimini.it\/liturgia\/wp-content\/uploads\/proprio1dic.png\" alt=\"\" class=\"wp-image-381\" srcset=\"https:\/\/chiesa.rimini.it\/liturgia\/wp-content\/uploads\/proprio1dic.png 395w, https:\/\/chiesa.rimini.it\/liturgia\/wp-content\/uploads\/proprio1dic-242x300.png 242w\" sizes=\"auto, (max-width: 395px) 100vw, 395px\" \/><\/figure>\n<\/div>\n<\/div>\n\n\n\n<p class=\"has-drop-cap\"><em>Non si conosce con precisione la data della sua nascita, che gli studiosi collocano intorno al 1270. Giovanni Gueruli fu Canonico della Cattedrale di Rimini, esemplare nella carit\u00e0, nella sua vita comp\u00ec numerosi miracoli. Mor\u00ec il I dicembre 1320. Nel 1808 venne concessa la facolt\u00e0 di celebrare la messa e l&#8217;ufficio in suo onore.&nbsp;<\/em><\/p>\n\n\n\n<hr class=\"wp-block-separator has-alpha-channel-opacity\"\/>\n\n\n\n<p>Dal Comune dei santi e delle sante: per gli operatori di misericordia p. 697.&nbsp;<\/p>\n\n\n\n<p><strong>COLLETTA\u00a0<\/strong><\/p>\n\n\n\n<p>O Dio, che nell&#8217;amore verso te e i fratelli&nbsp;hai compendiato i tuoi comandamenti,&nbsp;fa&#8217; che a imitazione del beato Giovanni diacono,&nbsp;dedichiamo la nostra vita a servizio del prossimo,&nbsp;&nbsp;per essere da te benedetti nel regno dei cieli.&nbsp;Per il nostro Signore Ges\u00f9 Cristo, tuo Figlio, che \u00e8 Dio,&nbsp;e vive e regna con te, nell&#8217;unit\u00e0 dello Spirito Santo,&nbsp;per tutti i secoli dei secoli.&nbsp;<\/p>\n\n\n\n<div style=\"height:40px\" aria-hidden=\"true\" class=\"wp-block-spacer\"><\/div>\n\n\n\n<p><strong>PRIMA LETTURA\u00a0\u00a0<\/strong><\/p>\n\n\n\n<p><em>Conoscere l&#8217;amore di Cristo che sorpassa ogni conoscenza.<\/em><em>&nbsp;<\/em><\/p>\n\n\n\n<p>Dalla lettera di san Paolo apostolo agli Efesini&nbsp;<\/p>\n\n\n\n<p class=\"has-text-align-right\">3,14-19<\/p>\n\n\n\n<p>Fratelli, io piego le ginocchia davanti al Padre, dal quale ogni&nbsp;paternit\u00e0 nei cieli e sulla terra prende nome, perch\u00e9 vi conceda, secondo la ricchezza della sua gloria, di essere potentemente rafforzati dal suo Spirito nell&#8217;uomo interiore.&nbsp;<\/p>\n\n\n\n<p>Che il Cristo abiti per la fede nei vostri cuori e cos\u00ec, radicati e fondati nella carit\u00e0, siate in grado di comprendere con tutti i santi quale sia l&#8217;ampiezza, la lunghezza, l&#8217;altezza e la profondit\u00e0, e conoscere l&#8217;amore di Cristo che sorpassa ogni conoscenza, perch\u00e9 siate ricolmi di tutta la pienezza di Dio.&nbsp;<\/p>\n\n\n\n<p>Parola di Dio.&nbsp;<\/p>\n\n\n\n<div style=\"height:40px\" aria-hidden=\"true\" class=\"wp-block-spacer\"><\/div>\n\n\n\n<p><strong>SALMO RESPONSORIALE\u00a0<\/strong><\/p>\n\n\n\n<p class=\"has-text-align-right\">Dal Sal 102<\/p>\n\n\n\n<p>R.&nbsp;Benedetto il Signore; egli \u00e8 buono e pietoso.<\/p>\n\n\n\n<div style=\"height:40px\" aria-hidden=\"true\" class=\"wp-block-spacer\"><\/div>\n\n\n\n<p>Benedici il Signore, anima mia,\u00a0<\/p>\n\n\n\n<p>quanto \u00e8 in me benedica il suo santo nome.&nbsp;<\/p>\n\n\n\n<p>Benedici il Signore, anima mia,&nbsp;<\/p>\n\n\n\n<p>non dimenticare tanti suoi benefici.<\/p>\n\n\n\n<div style=\"height:40px\" aria-hidden=\"true\" class=\"wp-block-spacer\"><\/div>\n\n\n\n<p>Egli perdona tutte le tue colpe,&nbsp;<\/p>\n\n\n\n<p>guarisce tutte le tue malattie;&nbsp;<\/p>\n\n\n\n<p>salva dalla fossa la tua vita,&nbsp;<\/p>\n\n\n\n<p>ti corona di grazia e di misericordia.\u00a0<\/p>\n\n\n\n<div style=\"height:40px\" aria-hidden=\"true\" class=\"wp-block-spacer\"><\/div>\n\n\n\n<p>Il Signore agisce con giustizia&nbsp;<\/p>\n\n\n\n<p>e con diritto verso tutti gli oppressi.&nbsp;<\/p>\n\n\n\n<p>Buono e pietoso \u00e8 il Signore,&nbsp;<\/p>\n\n\n\n<p>lento all&#8217;ira e grande nell&#8217;amore.\u00a0<\/p>\n\n\n\n<div style=\"height:40px\" aria-hidden=\"true\" class=\"wp-block-spacer\"><\/div>\n\n\n\n<p>Come un padre ha piet\u00e0 dei suoi figli,&nbsp;<\/p>\n\n\n\n<p>cos\u00ec il Signore ha piet\u00e0 di quanti lo temono.&nbsp;<\/p>\n\n\n\n<p>La grazia del Signore \u00e8 da sempre,&nbsp;<\/p>\n\n\n\n<p>dura in eterno per quanti lo temono;&nbsp;<\/p>\n\n\n\n<p>la sua giustizia per i figli dei figli. &nbsp;<\/p>\n\n\n\n<div style=\"height:40px\" aria-hidden=\"true\" class=\"wp-block-spacer\"><\/div>\n\n\n\n<p><strong>CANTO AL VANGELO\u00a0<\/strong><\/p>\n\n\n\n<p class=\"has-text-align-right\">Gv 15,15&nbsp;<\/p>\n\n\n\n<p>R.&nbsp;Alleluia, alleluia.&nbsp;<\/p>\n\n\n\n<p>Non vi chiamo pi\u00f9 servi,&nbsp;perch\u00e9 il servo non sa quello che fa il suo padrone;&nbsp;ma vi ho chiamati amici, dice il Signore.&nbsp;<\/p>\n\n\n\n<p>R.&nbsp;Alleluia.<\/p>\n\n\n\n<div style=\"height:40px\" aria-hidden=\"true\" class=\"wp-block-spacer\"><\/div>\n\n\n\n<p><strong>VANGELO<\/strong><\/p>\n\n\n\n<p><em>Voi siete miei amici, se farete ci\u00f2 che io vi comando<\/em><\/p>\n\n\n\n<p>Dal vangelo secondo Giovanni&nbsp;<\/p>\n\n\n\n<p class=\"has-text-align-right\">15. 9-17&nbsp;<\/p>\n\n\n\n<p>In quel tempo, Ges\u00f9 disse ai suoi discepoli: \u00abCome il Padre ha mandato me, cos\u00ec anch&#8217;io ho amato voi. Rimanete nel mio amore. Se osserverete i miei comandamenti, rimarrete nel mio amore, come io servato i comandamenti del Padre mio e rimango nel suo amore. Questo vi ho detto perch\u00e9 la mia gioia sia in voi e la vostra&nbsp;gioia sia piena.&nbsp;<\/p>\n\n\n\n<p>Questo e il mio comandamento: che vi amiate gli uni gli altri, come io vi ho amati. Nessuno ha un amore pi\u00f9 grande di questo: dare la vita per i propri amici. Voi siete miei amici, se farete ci\u00f2 che io vi comando. Non vi chiamo pi\u00f9 servi, perch\u00e9 il servo non sa quello che&nbsp;fa il suo padrone; ma vi ho chiamati amici, perch\u00e9 tutto ci\u00f2 che ho udito dal Padre l&#8217;ho fatto conoscere a voi. Non voi avete scelto me, ma io ho scelto voi e vi ho costituiti perch\u00e9 andiate e portiate frutto e il vostro frutto rimanga; perch\u00e9 tutto quello che chiederete al Padre nel mio nome, ve lo conceda. Questo vi comando: amatevi gli uni gli altri\u00bb.&nbsp;<\/p>\n\n\n\n<p>Parola del Signore.&nbsp;<\/p>\n","protected":false},"excerpt":{"rendered":"<p>1 dicembre&nbsp; BEATO&nbsp; GIOVANNI GUERULI&nbsp; diacono&nbsp; MEMORIA&nbsp; Non si conosce con precisione la data della sua nascita, che gli studiosi collocano intorno al 1270. Giovanni Gueruli fu Canonico&#8230;<\/p>\n","protected":false},"author":2,"featured_media":0,"parent":40,"menu_order":0,"comment_status":"closed","ping_status":"closed","template":"","meta":{"footnotes":""},"class_list":["post-185","page","type-page","status-publish","hentry"],"_links":{"self":[{"href":"https:\/\/chiesa.rimini.it\/liturgia\/wp-json\/wp\/v2\/pages\/185","targetHints":{"allow":["GET"]}}],"collection":[{"href":"https:\/\/chiesa.rimini.it\/liturgia\/wp-json\/wp\/v2\/pages"}],"about":[{"href":"https:\/\/chiesa.rimini.it\/liturgia\/wp-json\/wp\/v2\/types\/page"}],"author":[{"embeddable":true,"href":"https:\/\/chiesa.rimini.it\/liturgia\/wp-json\/wp\/v2\/users\/2"}],"replies":[{"embeddable":true,"href":"https:\/\/chiesa.rimini.it\/liturgia\/wp-json\/wp\/v2\/comments?post=185"}],"version-history":[{"count":5,"href":"https:\/\/chiesa.rimini.it\/liturgia\/wp-json\/wp\/v2\/pages\/185\/revisions"}],"predecessor-version":[{"id":525,"href":"https:\/\/chiesa.rimini.it\/liturgia\/wp-json\/wp\/v2\/pages\/185\/revisions\/525"}],"up":[{"embeddable":true,"href":"https:\/\/chiesa.rimini.it\/liturgia\/wp-json\/wp\/v2\/pages\/40"}],"wp:attachment":[{"href":"https:\/\/chiesa.rimini.it\/liturgia\/wp-json\/wp\/v2\/media?parent=185"}],"curies":[{"name":"wp","href":"https:\/\/api.w.org\/{rel}","templated":true}]}}