{"id":711,"date":"2023-09-13T09:51:15","date_gmt":"2023-09-13T07:51:15","guid":{"rendered":"https:\/\/chiesa.rimini.it\/liturgia\/?page_id=711"},"modified":"2023-12-27T17:37:02","modified_gmt":"2023-12-27T16:37:02","slug":"lufficio-in-diocesi","status":"publish","type":"page","link":"https:\/\/chiesa.rimini.it\/liturgia\/lufficio-in-diocesi\/","title":{"rendered":"l&#8217;ufficio in diocesi"},"content":{"rendered":"\n<hr class=\"wp-block-separator has-alpha-channel-opacity\"\/>\n\n\n\n<figure class=\"wp-block-image size-full\"><img decoding=\"async\" src=\"https:\/\/chiesa.rimini.it\/liturgia\/wp-content\/uploads\/ufficio_in_diocesi-1.png\" alt=\"\" class=\"wp-image-978\"\/><\/figure>\n\n\n\n<p class=\"has-text-color\" style=\"color:#00807d\"><strong>Direttore<\/strong>:    don&nbsp;<strong>Giuseppe Vaccarini<\/strong><br><strong>Finalit\u00e0<\/strong>:        L\u2019ufficio liturgico ha lo scopo di promuovere, sostenere ed incentivare la riforma liturgica voluta dal Concilio Vaticano II; per questo si \u00e8 dato alcuni ambiti di formazione, quali il corso di preparazione per coloro che ricevono i ministeri, l\u2019organizzazione di alcuni appuntamenti diocesani per la formazione permanente dei ministri istituiti, il far circolare idee e riflessioni attraverso piccoli strumenti cartacei e\\o elettronici, l\u2019organizzare convegni o momenti di formazione. Inoltre, con l\u2019aiuto dei referenti parrocchiali dei ministri istituiti e dei gruppi liturgici, cerca di conoscere, aiutare, valorizzare e promuovere i ministeri istituiti ed i gruppi liturgici. Naturalmente segue costantemente tutte le problematiche inerenti i ministri istituiti.<\/p>\n\n\n\n<p class=\"has-text-color\" style=\"color:#00807d\"><strong>Collaborazioni:<\/strong>     L\u2019Ufficio collabora con l\u2019<strong>Istituto Superiore di Scienze Religiose \u201cA. Marvelli\u201d<\/strong>,  in particolare all\u2019interno della\u00a0<strong><em>Scuola di Teologia Pastorale<\/em><\/strong>.  Frequentando i corsi di tale scuola, organizzati in modo tale che possano essere seguiti anche da chi, eventualmente non fosse iscritto all\u2019intero corso di laurea, si offre la possibilit\u00e0 ad operatori pastorali, ministri, membri dei gruppi liturgici e a chi avesse un interesse personale, di acquisire un buon bagaglio di conoscenze che gli consenta di vivere e comunicare con maggior intensit\u00e0 il mistero di Cristo che si fa incontro al suo popolo attraverso i sacramenti.<br>Un altro ambito di collaborazione \u00e8 con il S.A.B. ovvero il Servizio di Apostolato Biblico. Con questo servizio \u00e8 nata una forte collaborazione\/sinergia grazie all\u2019istituzione del mandato del\u00a0<strong><em>Ministero per il Servizio della Parola di Dio<\/em><\/strong>.<br>In cattedrale, con Lettori ed Accoliti, l\u2019Ufficio aiuta come servizio liturgico nelle pi\u00f9 importanti celebrazioni diocesane.<\/p>\n\n\n\n<div style=\"height:20px\" aria-hidden=\"true\" class=\"wp-block-spacer\"><\/div>\n\n\n\n<p><\/p>\n\n\n\n<p class=\"has-text-color\" style=\"color:#00807d\">La genesi dell&#8217;ufficio liturgico<\/p>\n\n\n\n<div style=\"height:20px\" aria-hidden=\"true\" class=\"wp-block-spacer\"><\/div>\n\n\n\n<p class=\"has-text-color\" style=\"color:#00807d\">Storia dell&#8217;ufficio liturgico<\/p>\n\n\n\n<div style=\"height:20px\" aria-hidden=\"true\" class=\"wp-block-spacer\"><\/div>\n\n\n\n<p class=\"has-text-color\" style=\"color:#00807d\">Cronologia dei direttori:<\/p>\n\n\n\n<div class=\"wp-block-columns is-layout-flex wp-container-core-columns-is-layout-9d6595d7 wp-block-columns-is-layout-flex\">\n<div class=\"wp-block-column is-layout-flow wp-block-column-is-layout-flow\"><\/div>\n\n\n\n<div class=\"wp-block-column is-layout-flow wp-block-column-is-layout-flow\">\n<p class=\"has-text-color\" style=\"color:#00807d\">Andrea Turchini (dal 1992 al 2000)<\/p>\n\n\n\n<p class=\"has-text-color\" style=\"color:#00807d\">Tarcisio Giungi<\/p>\n\n\n\n<p class=\"has-text-color\" style=\"color:#00807d\">Matteo Donati<\/p>\n\n\n\n<p class=\"has-text-color\" style=\"color:#00807d\">Marcello Zammarchi<\/p>\n\n\n\n<p class=\"has-text-color\" style=\"color:#00807d\">Giuseppe Vaccarini<\/p>\n<\/div>\n<\/div>\n\n\n\n<p><\/p>\n","protected":false},"excerpt":{"rendered":"<p>Direttore: don&nbsp;Giuseppe VaccariniFinalit\u00e0: L\u2019ufficio liturgico ha lo scopo di promuovere, sostenere ed incentivare la riforma liturgica voluta dal Concilio Vaticano II; per questo si \u00e8 dato alcuni ambiti&#8230;<\/p>\n","protected":false},"author":2,"featured_media":0,"parent":0,"menu_order":0,"comment_status":"closed","ping_status":"closed","template":"","meta":{"footnotes":""},"class_list":["post-711","page","type-page","status-publish","hentry"],"_links":{"self":[{"href":"https:\/\/chiesa.rimini.it\/liturgia\/wp-json\/wp\/v2\/pages\/711","targetHints":{"allow":["GET"]}}],"collection":[{"href":"https:\/\/chiesa.rimini.it\/liturgia\/wp-json\/wp\/v2\/pages"}],"about":[{"href":"https:\/\/chiesa.rimini.it\/liturgia\/wp-json\/wp\/v2\/types\/page"}],"author":[{"embeddable":true,"href":"https:\/\/chiesa.rimini.it\/liturgia\/wp-json\/wp\/v2\/users\/2"}],"replies":[{"embeddable":true,"href":"https:\/\/chiesa.rimini.it\/liturgia\/wp-json\/wp\/v2\/comments?post=711"}],"version-history":[{"count":8,"href":"https:\/\/chiesa.rimini.it\/liturgia\/wp-json\/wp\/v2\/pages\/711\/revisions"}],"predecessor-version":[{"id":981,"href":"https:\/\/chiesa.rimini.it\/liturgia\/wp-json\/wp\/v2\/pages\/711\/revisions\/981"}],"wp:attachment":[{"href":"https:\/\/chiesa.rimini.it\/liturgia\/wp-json\/wp\/v2\/media?parent=711"}],"curies":[{"name":"wp","href":"https:\/\/api.w.org\/{rel}","templated":true}]}}